{"id":21,"date":"2014-03-14T20:07:28","date_gmt":"2014-03-14T19:07:28","guid":{"rendered":"https:\/\/vivasvegan.theblogpress.com\/?page_id=21"},"modified":"2014-03-14T20:07:28","modified_gmt":"2014-03-14T19:07:28","slug":"preguntas-frecuentes","status":"publish","type":"page","link":"https:\/\/holavegan.com\/en\/preguntas-frecuentes\/","title":{"rendered":"PREGUNTAS FRECUENTES"},"content":{"rendered":"<p>&nbsp;<\/p>\n<ol>\n<li><strong>Qu\u00e9 es el veganismo?<\/strong><br \/>\nEl veganismo es un estilo de vida basado en la \u00e9tica y el respeto hacia todos los seres sensibles. Involucra no solamente la alimentaci\u00f3n, sino el no consumo de productos ni subproductos animales, tanto para comer, como para vestirse o para higiene personal. Defiende los derechos de los animales, con lo cual, tambi\u00e9n repudia la explotaci\u00f3n de los animales para deportes, entretenimiento y testeos cient\u00edficos.<br \/>\nEn res\u00famen, los veganos no comemos carne animal ni sus productos derivados (l\u00e1cteos, huevos, miel), tampoco vestimos sus pieles, ni consumimos productos cosm\u00e9ticos que hagan sus pruebas con animales. No asistimos a espect\u00e1culos que usen animales para entrenimiento (circos, zool\u00f3gicos, acuarios) ya que consideramos que todas las especies que habitan nuestro planeta tienen derecho a vivir en libertad.<\/li>\n<li><strong>Qu\u00e9 comen los veganos?<br \/>\n<\/strong><span style=\"line-height: 1.5em\">Comemos todo, absolutamente todo lo que no provenga de animales, todo lo que viene de la tierra: Vegetales, frutas, legumbres, cereales, hongos, semillas, brotes, etc.<\/span><\/li>\n<li><strong>Es saludable la dieta vegana?<\/strong><br \/>\nUna dieta vegana puede ser saludable o no, depende de lo que consumas. Pens\u00e1 que, por ejemplo, las papas fritas, son veganas, y como eso, hay muchos alimentos veganos que no son saludables. Una alimentaci\u00f3n saludable es la que incluye, en su mayor\u00eda, alimentos completos, no procesados, alimentos crudos, frutas y verduras.<br \/>\nSiempre que hagas un cambio brusco en tu alimentaci\u00f3n, consultalo con un m\u00e9dico o un nutricionista.<\/li>\n<li><strong>Les\u00a0resulta dif\u00edcil vivir sin carnes, l\u00e1cteos y huevos?<\/strong><br \/>\nPara nada, es todo cuesti\u00f3n de costumbre. Una vez que entendimos\u00a0la procedencia de la carne, realmente dejamos\u00a0de sentir deseo por comerla, no la extra\u00f1amos ni un poco.<br \/>\nEl tema del queso es un poco m\u00e1s dif\u00edcil, porque es muy adictivo y salir de esa adicci\u00f3n lleva un poco m\u00e1s de esfuerzo, pero se puede! Hay muchas alternativas al queso muy saludables.<br \/>\nPara los huevos hay tantos reemplazos, que es facil\u00edcimo vivir sin ellos.<\/li>\n<li><strong>C\u00f3mo puedo asegurarme de que estoy consumiendo todos los nutrientes necesarios para estar saludable?<\/strong><br \/>\nSiempre es importante consultar con un experto en nutrici\u00f3n, en algunos casos, quiz\u00e1s sea necesario tomar alg\u00fan sumplemento vitam\u00ednico, siempre depende de cada persona, su estilo de vida y el tipo de alimentaci\u00f3n.<\/li>\n<li><strong>Alguna de ustedes es nutricionista?<\/strong><br \/>\nNo, simplemente leemos mucho y prestamos mucha atenci\u00f3n a nuestra\u00a0alimentaci\u00f3n, para cuidar nuestra\u00a0salud.<\/li>\n<li><strong>Alguna de ustedes es\u00a0chef?<br \/>\n<\/strong>No, hicimos algunos cursos y workshops, pero no estudiamos\u00a0cocina de manera profesional, nos\u00a0dedicamos\u00a0al Dise\u00f1o Gr\u00e1fico, Dise\u00f1o de Accesorios y periodismo.<\/li>\n<li><strong>Puedo publicar sus\u00a0recetas en mi blog\/sitio?<\/strong><br \/>\nSi vas a usar nuestras\u00a0recetas, nos\u00a0gustar\u00eda que utilices un link a nuestro\u00a0blog, si hac\u00e9s alguna modificaci\u00f3n, siempre pod\u00e9s nombrar la fuente inicial de la receta.<\/li>\n<li><strong>Puedo usar sus fotos?<\/strong><br \/>\nLas fotos de este blog son de nuestra\u00a0propiedad, no permitimos\u00a0que las usen para ilustrar otros blogs, salvo que compartas la foto y pongas la referencia.<\/li>\n<li><strong>Puedo enviarles mis recetas?<\/strong><br \/>\nSon bienvenidas las recetas, veganas o no, quiz\u00e1s te interese saber c\u00f3mo \u201cveganizar\u201d alguna receta y podamos\u00a0ayudarte. Si llegamos\u00a0a preparar tu receta, ser\u00e1s nombrado en el post correspondiente.<\/li>\n<li><strong>Puedo compartir su blog?<\/strong><br \/>\nPor supuesto! Si te gusta y quer\u00e9s compartirlo, pod\u00e9s hacerlo y estaremos\u00a0agradecidas.<\/li>\n<li>Si ten\u00e9s alguna consulta que no aparece en esta lista, pod\u00e9s contactarte con nosotras<a title=\"Contact\" href=\"https:\/\/holaveganc1dev.wpenginepowered.com\/contacto-recetas-veganas\/\">\u00a0aqu\u00ed<\/a>.<\/li>\n<\/ol>","protected":false},"excerpt":{"rendered":"<p>&nbsp; Qu\u00e9 es el veganismo? El veganismo es un estilo de vida basado en la \u00e9tica y el respeto hacia todos los seres sensibles. Involucra no solamente la alimentaci\u00f3n, sino el no consumo de productos ni subproductos animales, tanto para comer, como para vestirse o para higiene personal. Defiende los derechos de los animales, con &#8230;<\/p>","protected":false},"author":3,"featured_media":0,"parent":0,"menu_order":0,"comment_status":"open","ping_status":"open","template":"","meta":{"wprm-recipe-roundup-name":"","wprm-recipe-roundup-description":"","tinysalt_hide_before_page_content_ad":"","tinysalt_hide_after_page_content_ad":"","tinysalt_hide_page_header":"","tinysalt_advanced_classname":"","tinysalt_page_featured_media_position":"","tinysalt_single_site_header_source":"","tinysalt_single_custom_site_header":"0","tinysalt_single_custom_sticky_site_header":"0","tinysalt_single_custom_sticky_site_header_style":"sticky-scroll-up","tinysalt_single_site_footer_source":"","tinysalt_single_custom_site_footer":"0","footnotes":""},"class_list":["post-21","page","type-page","status-publish","hentry"],"yoast_head":"<!-- This site is optimized with the Yoast SEO plugin v27.4 - https:\/\/yoast.com\/product\/yoast-seo-wordpress\/ -->\n<title>Preguntas frecuentes Hola Vegan Recetas Veganas<\/title>\n<meta name=\"description\" content=\"Preguntas frecuentes Hola Vegan Recetas Veganas\" \/>\n<meta name=\"robots\" content=\"noindex, follow, max-snippet:-1, max-image-preview:large, max-video-preview:-1\" \/>\n<meta property=\"og:locale\" content=\"en_US\" \/>\n<meta property=\"og:type\" content=\"article\" \/>\n<meta property=\"og:title\" content=\"Preguntas frecuentes Hola Vegan Recetas Veganas\" \/>\n<meta property=\"og:description\" content=\"Preguntas frecuentes Hola Vegan Recetas Veganas\" \/>\n<meta property=\"og:url\" content=\"https:\/\/holavegan.com\/en\/preguntas-frecuentes\/\" \/>\n<meta property=\"og:site_name\" content=\"Hola Vegan\" \/>\n<meta name=\"twitter:card\" content=\"summary_large_image\" \/>\n<meta name=\"twitter:label1\" content=\"Est. reading time\" \/>\n\t<meta name=\"twitter:data1\" content=\"3 minutes\" \/>\n<script type=\"application\/ld+json\" class=\"yoast-schema-graph\">{\"@context\":\"https:\\\/\\\/schema.org\",\"@graph\":[{\"@type\":\"WebPage\",\"@id\":\"https:\\\/\\\/holavegan.com\\\/preguntas-frecuentes\\\/\",\"url\":\"https:\\\/\\\/holavegan.com\\\/preguntas-frecuentes\\\/\",\"name\":\"Preguntas frecuentes Hola Vegan Recetas Veganas\",\"isPartOf\":{\"@id\":\"https:\\\/\\\/holavegan.com\\\/en\\\/#website\"},\"datePublished\":\"2014-03-14T19:07:28+00:00\",\"description\":\"Preguntas frecuentes Hola Vegan Recetas Veganas\",\"breadcrumb\":{\"@id\":\"https:\\\/\\\/holavegan.com\\\/preguntas-frecuentes\\\/#breadcrumb\"},\"inLanguage\":\"en-US\",\"potentialAction\":[{\"@type\":\"ReadAction\",\"target\":[\"https:\\\/\\\/holavegan.com\\\/preguntas-frecuentes\\\/\"]}]},{\"@type\":\"BreadcrumbList\",\"@id\":\"https:\\\/\\\/holavegan.com\\\/preguntas-frecuentes\\\/#breadcrumb\",\"itemListElement\":[{\"@type\":\"ListItem\",\"position\":1,\"name\":\"Home\",\"item\":\"https:\\\/\\\/holavegan.com\\\/en\\\/\"},{\"@type\":\"ListItem\",\"position\":2,\"name\":\"PREGUNTAS FRECUENTES\"}]},{\"@type\":\"WebSite\",\"@id\":\"https:\\\/\\\/holavegan.com\\\/en\\\/#website\",\"url\":\"https:\\\/\\\/holavegan.com\\\/en\\\/\",\"name\":\"Hola Vegan\",\"description\":\"Un blog de las Veganas Hermanas\",\"publisher\":{\"@id\":\"https:\\\/\\\/holavegan.com\\\/en\\\/#organization\"},\"potentialAction\":[{\"@type\":\"SearchAction\",\"target\":{\"@type\":\"EntryPoint\",\"urlTemplate\":\"https:\\\/\\\/holavegan.com\\\/en\\\/?s={search_term_string}\"},\"query-input\":{\"@type\":\"PropertyValueSpecification\",\"valueRequired\":true,\"valueName\":\"search_term_string\"}}],\"inLanguage\":\"en-US\"},{\"@type\":\"Organization\",\"@id\":\"https:\\\/\\\/holavegan.com\\\/en\\\/#organization\",\"name\":\"Hola Vegan\",\"url\":\"https:\\\/\\\/holavegan.com\\\/en\\\/\",\"logo\":{\"@type\":\"ImageObject\",\"inLanguage\":\"en-US\",\"@id\":\"https:\\\/\\\/holavegan.com\\\/en\\\/#\\\/schema\\\/logo\\\/image\\\/\",\"url\":\"https:\\\/\\\/holavegan.com\\\/wp-content\\\/uploads\\\/2023\\\/03\\\/cropped-logo-h@2x-1-2.png\",\"contentUrl\":\"https:\\\/\\\/holavegan.com\\\/wp-content\\\/uploads\\\/2023\\\/03\\\/cropped-logo-h@2x-1-2.png\",\"width\":700,\"height\":200,\"caption\":\"Hola Vegan\"},\"image\":{\"@id\":\"https:\\\/\\\/holavegan.com\\\/en\\\/#\\\/schema\\\/logo\\\/image\\\/\"}}]}<\/script>\n<!-- \/ Yoast SEO plugin. -->","yoast_head_json":{"title":"Preguntas frecuentes Hola Vegan Recetas Veganas","description":"Preguntas frecuentes Hola Vegan Recetas Veganas","robots":{"index":"noindex","follow":"follow","max-snippet":"max-snippet:-1","max-image-preview":"max-image-preview:large","max-video-preview":"max-video-preview:-1"},"og_locale":"en_US","og_type":"article","og_title":"Preguntas frecuentes Hola Vegan Recetas Veganas","og_description":"Preguntas frecuentes Hola Vegan Recetas Veganas","og_url":"https:\/\/holavegan.com\/en\/preguntas-frecuentes\/","og_site_name":"Hola Vegan","twitter_card":"summary_large_image","twitter_misc":{"Est. reading time":"3 minutes"},"schema":{"@context":"https:\/\/schema.org","@graph":[{"@type":"WebPage","@id":"https:\/\/holavegan.com\/preguntas-frecuentes\/","url":"https:\/\/holavegan.com\/preguntas-frecuentes\/","name":"Preguntas frecuentes Hola Vegan Recetas Veganas","isPartOf":{"@id":"https:\/\/holavegan.com\/en\/#website"},"datePublished":"2014-03-14T19:07:28+00:00","description":"Preguntas frecuentes Hola Vegan Recetas Veganas","breadcrumb":{"@id":"https:\/\/holavegan.com\/preguntas-frecuentes\/#breadcrumb"},"inLanguage":"en-US","potentialAction":[{"@type":"ReadAction","target":["https:\/\/holavegan.com\/preguntas-frecuentes\/"]}]},{"@type":"BreadcrumbList","@id":"https:\/\/holavegan.com\/preguntas-frecuentes\/#breadcrumb","itemListElement":[{"@type":"ListItem","position":1,"name":"Home","item":"https:\/\/holavegan.com\/en\/"},{"@type":"ListItem","position":2,"name":"PREGUNTAS FRECUENTES"}]},{"@type":"WebSite","@id":"https:\/\/holavegan.com\/en\/#website","url":"https:\/\/holavegan.com\/en\/","name":"Hello Vegan","description":"Un blog de las Veganas Hermanas","publisher":{"@id":"https:\/\/holavegan.com\/en\/#organization"},"potentialAction":[{"@type":"SearchAction","target":{"@type":"EntryPoint","urlTemplate":"https:\/\/holavegan.com\/en\/?s={search_term_string}"},"query-input":{"@type":"PropertyValueSpecification","valueRequired":true,"valueName":"search_term_string"}}],"inLanguage":"en-US"},{"@type":"Organization","@id":"https:\/\/holavegan.com\/en\/#organization","name":"Hello Vegan","url":"https:\/\/holavegan.com\/en\/","logo":{"@type":"ImageObject","inLanguage":"en-US","@id":"https:\/\/holavegan.com\/en\/#\/schema\/logo\/image\/","url":"https:\/\/holavegan.com\/wp-content\/uploads\/2023\/03\/cropped-logo-h@2x-1-2.png","contentUrl":"https:\/\/holavegan.com\/wp-content\/uploads\/2023\/03\/cropped-logo-h@2x-1-2.png","width":700,"height":200,"caption":"Hola Vegan"},"image":{"@id":"https:\/\/holavegan.com\/en\/#\/schema\/logo\/image\/"}}]}},"featured_image_src":null,"featured_image_src_square":null,"_links":{"self":[{"href":"https:\/\/holavegan.com\/en\/wp-json\/wp\/v2\/pages\/21","targetHints":{"allow":["GET"]}}],"collection":[{"href":"https:\/\/holavegan.com\/en\/wp-json\/wp\/v2\/pages"}],"about":[{"href":"https:\/\/holavegan.com\/en\/wp-json\/wp\/v2\/types\/page"}],"author":[{"embeddable":true,"href":"https:\/\/holavegan.com\/en\/wp-json\/wp\/v2\/users\/3"}],"replies":[{"embeddable":true,"href":"https:\/\/holavegan.com\/en\/wp-json\/wp\/v2\/comments?post=21"}],"version-history":[{"count":0,"href":"https:\/\/holavegan.com\/en\/wp-json\/wp\/v2\/pages\/21\/revisions"}],"wp:attachment":[{"href":"https:\/\/holavegan.com\/en\/wp-json\/wp\/v2\/media?parent=21"}],"curies":[{"name":"wp","href":"https:\/\/api.w.org\/{rel}","templated":true}]}}