{"id":5517,"date":"2020-05-09T12:06:20","date_gmt":"2020-05-09T15:06:20","guid":{"rendered":"https:\/\/holavegan.wpengine.com\/?page_id=5517"},"modified":"2020-05-09T12:06:20","modified_gmt":"2020-05-09T15:06:20","slug":"comida-internacional-vegana","status":"publish","type":"page","link":"https:\/\/holavegan.com\/en\/comida-internacional-vegana\/","title":{"rendered":"Comida Internacional Vegana"},"content":{"rendered":"<div class=\"wp-block-genesis-blocks-gb-columns gb-layout-service-4 gb-layout-columns-2 gb-2-col-equal gb-columns-center alignfull\" style=\"padding-top:5%;padding-right:5%;padding-bottom:5%;padding-left:5%\"><div class=\"gb-layout-column-wrap gb-block-layout-column-gap-6 gb-is-responsive-column\" style=\"max-width:1200px\">\n<div class=\"wp-block-genesis-blocks-gb-column gb-block-layout-column\"><div class=\"gb-block-layout-column-inner\">\n<h2 class=\"wp-block-heading\">Los cl\u00e1sicos del mundo con ingredientes 100% vegetales<\/h2>\n\n\n\n<p style=\"font-size:22px\">Decidimos \u201cveganizar\u201d aquellas comidas que, con solo un mordisco, nos invitan a viajar con la imaginaci\u00f3n. Desde un crujiente croissant hasta un cremoso risotto, pasando por unos picantes tacos o un exc\u00e9ntrico sushi, para terminar en una untuosa cheesecake, nuestro segundo libro sigue firme en la idea de que no es necesario da\u00f1ar a los animales para dar con aquellos sabores que alegran el alma.<\/p>\n\n\n\n<div style=\"color:#ddd\" class=\"wp-block-genesis-blocks-gb-spacer gb-block-spacer gb-divider-solid gb-spacer-divider gb-divider-size-1\"><hr style=\"height:30px\"\/><\/div>\n\n\n\n<h3 class=\"wp-block-heading\">M\u00e1s de 60 recetas<\/h3>\n\n\n\n<p>Divididas en categor\u00edas. TODAS con foto. Porque&#8230; \u00bfa qui\u00e9n le gusta cocinar si no sabe c\u00f3mo va a quedar? <\/p>\n\n\n\n<h3 class=\"wp-block-heading\">Nuestra misi\u00f3n<\/h3>\n\n\n\n<p>Que m\u00e1s gente coma m\u00e1s vegetales, quiz\u00e1s no se hagan veganos, pero si logramos que hagan un plato sin carne y sin l\u00e1cteos, al menos una vez cada tanto, habremos logrado mucho. \u00a1Estaremos salvando animales!<\/p>\n\n\n\n<div class=\"wp-block-buttons is-layout-flex wp-block-buttons-is-layout-flex\">\n<div class=\"wp-block-button is-style-fill\"><a class=\"wp-block-button__link no-border-radius\" href=\"https:\/\/holavegan.mercadoshops.com.ar\/\" target=\"_blank\" rel=\"noreferrer noopener\">Comprar en la tienda<\/a><\/div>\n<\/div>\n\n\n\n\n<\/div><\/div>\n\n\n\n<div class=\"wp-block-genesis-blocks-gb-column gb-block-layout-column\"><div class=\"gb-block-layout-column-inner\">\n<div class=\"wp-block-image\"><figure class=\"aligncenter size-large\"><img decoding=\"async\" src=\"https:\/\/holaveganc1dev.wpenginepowered.com\/wp-content\/uploads\/2020\/05\/tapa-parado-853x1024.jpg\" alt=\"\" class=\"wp-image-5555\"\/><\/figure><\/div>\n\n\n\n<figure class=\"wp-block-gallery columns-3 is-cropped wp-block-gallery-1 is-layout-flex wp-block-gallery-is-layout-flex\"><ul class=\"blocks-gallery-grid\"><li class=\"blocks-gallery-item\"><figure><img decoding=\"async\" src=\"https:\/\/holaveganc1dev.wpenginepowered.com\/wp-content\/uploads\/2020\/05\/Untitled-1bangers-and-mash-1024x1024.jpg\" alt=\"\" data-id=\"5556\" data-full-url=\"https:\/\/holavegan.com\/wp-content\/uploads\/2020\/05\/Untitled-1bangers-and-mash.jpg\" data-link=\"https:\/\/holavegan.com\/?attachment_id=5556\" class=\"wp-image-5556\"\/><\/figure><\/li><li class=\"blocks-gallery-item\"><figure><img decoding=\"async\" src=\"https:\/\/holaveganc1dev.wpenginepowered.com\/wp-content\/uploads\/2020\/05\/Untitled-1cheesecake-1024x1024.jpg\" alt=\"\" data-id=\"5557\" data-full-url=\"https:\/\/holavegan.com\/wp-content\/uploads\/2020\/05\/Untitled-1cheesecake.jpg\" data-link=\"https:\/\/holavegan.com\/?attachment_id=5557\" class=\"wp-image-5557\"\/><\/figure><\/li><li class=\"blocks-gallery-item\"><figure><img decoding=\"async\" src=\"https:\/\/holaveganc1dev.wpenginepowered.com\/wp-content\/uploads\/2020\/05\/Untitled-1croissant-1024x1024.jpg\" alt=\"\" data-id=\"5558\" data-full-url=\"https:\/\/holavegan.com\/wp-content\/uploads\/2020\/05\/Untitled-1croissant.jpg\" data-link=\"https:\/\/holavegan.com\/?attachment_id=5558\" class=\"wp-image-5558\"\/><\/figure><\/li><li class=\"blocks-gallery-item\"><figure><img decoding=\"async\" src=\"https:\/\/holaveganc1dev.wpenginepowered.com\/wp-content\/uploads\/2020\/05\/Untitled-1fondue-1024x1024.jpg\" alt=\"\" data-id=\"5559\" data-full-url=\"https:\/\/holavegan.com\/wp-content\/uploads\/2020\/05\/Untitled-1fondue.jpg\" data-link=\"https:\/\/holavegan.com\/?attachment_id=5559\" class=\"wp-image-5559\"\/><\/figure><\/li><li class=\"blocks-gallery-item\"><figure><img decoding=\"async\" src=\"https:\/\/holaveganc1dev.wpenginepowered.com\/wp-content\/uploads\/2020\/05\/Untitled-1gelato-1024x1024.jpg\" alt=\"\" data-id=\"5560\" data-full-url=\"https:\/\/holavegan.com\/wp-content\/uploads\/2020\/05\/Untitled-1gelato.jpg\" data-link=\"https:\/\/holavegan.com\/?attachment_id=5560\" class=\"wp-image-5560\"\/><\/figure><\/li><li class=\"blocks-gallery-item\"><figure><img decoding=\"async\" src=\"https:\/\/holaveganc1dev.wpenginepowered.com\/wp-content\/uploads\/2020\/05\/Untitled-1rabas-1024x1024.jpg\" alt=\"\" data-id=\"5561\" data-full-url=\"https:\/\/holavegan.com\/wp-content\/uploads\/2020\/05\/Untitled-1rabas.jpg\" data-link=\"https:\/\/holavegan.com\/?attachment_id=5561\" class=\"wp-image-5561\"\/><\/figure><\/li><li class=\"blocks-gallery-item\"><figure><img decoding=\"async\" src=\"https:\/\/holaveganc1dev.wpenginepowered.com\/wp-content\/uploads\/2020\/05\/Untitled-1spaghetti-carbonara-1024x1024.jpg\" alt=\"\" data-id=\"5562\" data-full-url=\"https:\/\/holavegan.com\/wp-content\/uploads\/2020\/05\/Untitled-1spaghetti-carbonara.jpg\" data-link=\"https:\/\/holavegan.com\/?attachment_id=5562\" class=\"wp-image-5562\"\/><\/figure><\/li><li class=\"blocks-gallery-item\"><figure><img decoding=\"async\" src=\"https:\/\/holaveganc1dev.wpenginepowered.com\/wp-content\/uploads\/2020\/05\/Untitled-1sushi-2-1024x1024.jpg\" alt=\"\" data-id=\"5563\" data-full-url=\"https:\/\/holavegan.com\/wp-content\/uploads\/2020\/05\/Untitled-1sushi-2.jpg\" data-link=\"https:\/\/holavegan.com\/?attachment_id=5563\" class=\"wp-image-5563\"\/><\/figure><\/li><\/ul><\/figure>\n\n\n\n<div class=\"wp-block-buttons is-layout-flex wp-block-buttons-is-layout-flex\">\n<div class=\"wp-block-button\"><a class=\"wp-block-button__link no-border-radius\" href=\"https:\/\/holaveganc1dev.wpenginepowered.com\/comida-tipica-argentina-vegana\/\" target=\"_blank\" rel=\"noreferrer noopener\">Conoc\u00e9 tambi\u00e9n &#8220;Comida T\u00edpica Argentina Vegana&#8221;<\/a><\/div>\n<\/div>\n<\/div><\/div>\n<\/div><\/div>\n\n\n\n<figure class=\"wp-block-gallery alignwide columns-3 is-cropped wp-block-gallery-2 is-layout-flex wp-block-gallery-is-layout-flex\"><ul class=\"blocks-gallery-grid\"><li class=\"blocks-gallery-item\"><figure><a href=\"https:\/\/holaveganc1dev.wpenginepowered.com\/wp-content\/uploads\/2020\/05\/contratapa-parado.jpg\"><img decoding=\"async\" src=\"https:\/\/holaveganc1dev.wpenginepowered.com\/wp-content\/uploads\/2020\/05\/contratapa-parado-853x1024.jpg\" alt=\"\" data-id=\"5564\" data-full-url=\"https:\/\/holavegan.com\/wp-content\/uploads\/2020\/05\/contratapa-parado.jpg\" data-link=\"https:\/\/holavegan.com\/?attachment_id=5564\" class=\"wp-image-5564\"\/><\/a><\/figure><\/li><li class=\"blocks-gallery-item\"><figure><a href=\"https:\/\/holaveganc1dev.wpenginepowered.com\/wp-content\/uploads\/2020\/05\/frente-acostados-2.jpg\"><img decoding=\"async\" src=\"https:\/\/holaveganc1dev.wpenginepowered.com\/wp-content\/uploads\/2020\/05\/frente-acostados-2-1024x819.jpg\" alt=\"\" data-id=\"5565\" data-full-url=\"https:\/\/holavegan.com\/wp-content\/uploads\/2020\/05\/frente-acostados-2.jpg\" data-link=\"https:\/\/holavegan.com\/?attachment_id=5565\" class=\"wp-image-5565\"\/><\/a><\/figure><\/li><li class=\"blocks-gallery-item\"><figure><a href=\"https:\/\/holaveganc1dev.wpenginepowered.com\/wp-content\/uploads\/2020\/05\/presentacion.jpg\"><img decoding=\"async\" src=\"https:\/\/holaveganc1dev.wpenginepowered.com\/wp-content\/uploads\/2020\/05\/presentacion-1024x819.jpg\" alt=\"\" data-id=\"5566\" data-full-url=\"https:\/\/holavegan.com\/wp-content\/uploads\/2020\/05\/presentacion.jpg\" data-link=\"https:\/\/holavegan.com\/?attachment_id=5566\" class=\"wp-image-5566\"\/><\/a><\/figure><\/li><\/ul><\/figure>\n\n\n\n<p>Somos \u201cLas Veganas Hermanas\u201d \u00a1y este es nuestro segundo libro! Despu\u00e9s de <em>Comida T\u00edpica Argentina Vegana<\/em>, decidimos ir un poco m\u00e1s all\u00e1, m\u00e1s all\u00e1 de los l\u00edmites territoriales de nuestro vasto y hermoso pa\u00eds, para deleitarnos y nutrirnos de algunos platos t\u00edpicos de otros territorios. Decidimos plantar la bandera del veganismo en recetas de otros pa\u00edses del continente americano, pero tambi\u00e9n de Europa, Asia y \u00c1frica, claro que siempre guiadas por nuestro paladar y coraz\u00f3n. As\u00ed fue como surgi\u00f3 la idea de <em>Comida Internacional Vegana<\/em>. Cabe destacar que la selecci\u00f3n fue totalmente arbitraria, por lo que quedar\u00e1n fuera una infinidad de platos de una infinidad de pa\u00edses, pues nuestro libro no es, justamente, infinito. As\u00ed que en el l\u00edmite de estas p\u00e1ginas, intentamos dar lo m\u00e1ximo y lo mejor.<\/p>\n\n\n\n<p>Tratando de hurgar en nuestra memoria cu\u00e1ndo fue la primera vez que comimos alg\u00fan plato internacional, fuera de los cl\u00e1sicos espa\u00f1oles e italianos que sol\u00edan cocinarse en casa, las tres recordamos lo mismo: los arrolladitos primavera y el pollo con almendras que nuestro pap\u00e1 compraba en el \u00fanico \u2014y quiz\u00e1s el primer\u2014 restaurante chino de nuestro Quilmes natal. La mesa redonda con centro giratorio era uno de nuestros chiches favoritos cuando lo acompa\u00f1\u00e1bamos a buscar el pedido \u2014por ese entonces no exist\u00eda el delivery\u2014. Qu\u00e9 hermoso era ese momento en que nos transport\u00e1bamos con la mente a un mundo desconocido con solo un mordisco. Tuvimos la oportunidad de viajar un poco, ya de adultas \u2014como muchos ya sabr\u00e1n, Loli (la mayor), vivi\u00f3 en Europa m\u00e1s de seis a\u00f1os\u2014, y los viajes siempre van acompa\u00f1ados de nuevas experiencias gastron\u00f3micas. Pero tambi\u00e9n pasa al rev\u00e9s: a veces probar un bocado t\u00edpico de la otra punta del planeta, aunque f\u00edsicamente no est\u00e9s all\u00ed, te invita a viajar con la imaginaci\u00f3n.<\/p>\n\n\n\n<p>En esta vuelta al mundo gastron\u00f3mico en 144 p\u00e1ginas encontrar\u00e1s recetas dulces y saladas, livianas y suculentas, del desayuno a la cena, para sentarse a la mesa y para picar pero, sobre todo, para compartir con todo el p\u00fablico: veganos, vegetarianos y no veganos. Porque seguimos firmes en la idea de que nuestras recetas mantengan los sabores originales, pero con ingredientes 100% vegetales y libres de cualquier acci\u00f3n que tenga que ver con la crueldad. \u00a1Los invitamos a acompa\u00f1arnos en esta nueva aventura!<\/p>\n\n\n\n\n\n\n\n<figure class=\"wp-block-gallery alignwide columns-2 is-cropped wp-block-gallery-3 is-layout-flex wp-block-gallery-is-layout-flex\"><ul class=\"blocks-gallery-grid\"><li class=\"blocks-gallery-item\"><figure><a href=\"https:\/\/holaveganc1dev.wpenginepowered.com\/wp-content\/uploads\/2020\/05\/CIV-receta.jpg\"><img decoding=\"async\" src=\"https:\/\/holaveganc1dev.wpenginepowered.com\/wp-content\/uploads\/2020\/05\/CIV-receta-854x1024.jpg\" alt=\"\" data-id=\"5569\" data-full-url=\"https:\/\/holavegan.com\/wp-content\/uploads\/2020\/05\/CIV-receta.jpg\" data-link=\"https:\/\/holavegan.com\/?attachment_id=5569\" class=\"wp-image-5569\"\/><\/a><\/figure><\/li><li class=\"blocks-gallery-item\"><figure><a href=\"https:\/\/holaveganc1dev.wpenginepowered.com\/wp-content\/uploads\/2020\/05\/CIV-seccion.jpg\"><img decoding=\"async\" src=\"https:\/\/holaveganc1dev.wpenginepowered.com\/wp-content\/uploads\/2020\/05\/CIV-seccion-854x1024.jpg\" alt=\"\" data-id=\"5570\" data-full-url=\"https:\/\/holavegan.com\/wp-content\/uploads\/2020\/05\/CIV-seccion.jpg\" data-link=\"https:\/\/holavegan.com\/?attachment_id=5570\" class=\"wp-image-5570\"\/><\/a><\/figure><\/li><\/ul><\/figure>\n\n\n\n<div class=\"wp-block-genesis-blocks-gb-columns gb-layout-columns-2 gb-2-col-equal alignwide\" style=\"margin-top:4%;margin-bottom:4%\"><div class=\"gb-layout-column-wrap gb-block-layout-column-gap-2 gb-is-responsive-column\">\n<div class=\"wp-block-genesis-blocks-gb-column gb-block-layout-column\"><div class=\"gb-block-layout-column-inner\">\n<figure class=\"wp-block-image size-large\"><img decoding=\"async\" src=\"https:\/\/holaveganc1dev.wpenginepowered.com\/wp-content\/uploads\/2020\/05\/CIV-tumbado-854x1024.jpg\" alt=\"\" class=\"wp-image-5571\"\/><\/figure>\n\n\n\n<h4 class=\"wp-block-heading\">contenidos<\/h4>\n<\/div><\/div>\n\n\n\n<div class=\"wp-block-genesis-blocks-gb-column gb-block-layout-column gb-is-vertically-aligned-center\"><div class=\"gb-block-layout-column-inner\">\n<blockquote class=\"wp-block-quote is-style-large is-layout-flow wp-block-quote-is-layout-flow\"><p>Estas maravillosas emprendedoras de la comida vegana son todo lo que est\u00e1 bien. Le ponen pasi\u00f3n, investigaci\u00f3n y garra a simplificar y hacer accesibles recetas que, de otra manera, los veganos no podr\u00edan comer.<\/p><cite><strong>Germ\u00e1n Martitegui<\/strong><\/cite><\/blockquote>\n\n\n\n\n<\/div><\/div>\n<\/div><\/div>\n\n\n\n<div class=\"wp-block-genesis-blocks-gb-columns gb-layout-columns-2 gb-2-col-equal\"><div class=\"gb-layout-column-wrap gb-block-layout-column-gap-2 gb-is-responsive-column\">\n<div class=\"wp-block-genesis-blocks-gb-column gb-block-layout-column\"><div class=\"gb-block-layout-column-inner\">\n<p class=\"has-very-light-gray-background-color has-background\"><strong>Antipasto<\/strong><br \/>Arrolladitos primavera<br \/>Baba ganoush&nbsp;<br \/>Lime\u00f1o steak<br \/>Hummus&nbsp;<br \/>Totopos con guacamole&nbsp;<br \/><br \/><strong>Tapas<\/strong><br \/>Buffalo wings<br \/>Ceviche&nbsp;<br \/>Croquetas&nbsp;<br \/>Fondue de queso&nbsp;<br \/>Lehmeyun&nbsp;<br \/>Rabas&nbsp;<br \/>Sushi&nbsp;<br \/>Tomates rellenos &nbsp;<br \/>Vitello tonnato<br \/><br \/><strong>Salads<\/strong><br \/>Ensalada Bel\u00e9n<br \/>Papa a la huancaina<br \/>Tabule&nbsp;<br \/><br \/><strong>S\u00e1ndwiches<\/strong><br \/>Arepas<br \/>Bagel de no-salm\u00f3n&nbsp;<br \/>Chivito<br \/>Falafel&nbsp;<br \/>Gyros&nbsp;<br \/>Pulled no-pork sandwich&nbsp;<br \/>Tacos y quesadillas&nbsp;<br \/><br \/><strong>Pizzas<\/strong><br \/>Calzone&nbsp;<br \/>Deep dish pizza&nbsp;<br \/><br \/><strong>Tartas<\/strong><br \/>Empanada gallega&nbsp;<br \/>Quiche Lorraine<br \/><br \/><strong>Empanadas<\/strong><br \/>Baozi<br \/>Samosas&nbsp;<\/p>\n<\/div><\/div>\n\n\n\n<div class=\"wp-block-genesis-blocks-gb-column gb-block-layout-column\"><div class=\"gb-block-layout-column-inner\">\n<p class=\"has-very-light-gray-background-color has-background\"><strong>Pasta<\/strong><br \/>Agnolotis&nbsp;<br \/>Pastitsio<br \/>Spaghetti alla carbonara&nbsp;<br \/><br \/><strong>Main<\/strong><br \/>Bangers and mash&nbsp;<br \/>Bunny Chow&nbsp;<br \/>Chow fan&nbsp;<br \/>Feijoada&nbsp;<br \/>Goulash&nbsp;<br \/>No-boeuf&nbsp; Bourguignon&nbsp;<br \/>No-pollo Caf\u00e9 de Par\u00eds&nbsp;<br \/>No-pollo con almendras&nbsp;<br \/>Pastel de choclo&nbsp;<br \/>Ramen&nbsp;&nbsp;<br \/>Ratatouille&nbsp;<br \/>Risotto&nbsp;<br \/>Solterito de quinoa&nbsp;<br \/>Tikka masala&nbsp;<br \/><br \/><strong>Boller\u00eda y pan<br \/><\/strong>Baguette&nbsp;<br \/>Bud\u00edn hamburgu\u00e9s&nbsp;<br \/>Cantuccini&nbsp;<br \/>Chip\u00e1&nbsp;<br \/>Cookies&nbsp;<br \/>Cinnamon rolls&nbsp;<br \/>Croissant y pain au chocolat&nbsp;<br \/>Poffertjes&nbsp;<br \/>Scones<br \/><br \/><strong>Patisserie<\/strong><br \/>Banoffee pie&nbsp;<br \/>Cr\u00eame br\u00fbl\u00e9e&nbsp;<br \/>\u00c9clairs&nbsp;<br \/>Gelato allo zabaione<br \/>Lemon pie&nbsp;<br \/>New York cheesecake&nbsp;<br \/>Tiramisu&nbsp;<\/p>\n<\/div><\/div>\n<\/div><\/div>\n\n\n\n<div class=\"wp-block-genesis-blocks-gb-columns gb-layout-columns-1 one-column\"><div class=\"gb-layout-column-wrap gb-block-layout-column-gap-2 gb-is-responsive-column\">\n<div class=\"wp-block-genesis-blocks-gb-column gb-block-layout-column\"><div class=\"gb-block-layout-column-inner\">\n\n<\/div><\/div>\n<\/div><\/div>","protected":false},"excerpt":{"rendered":"<p>Somos \u201cLas Veganas Hermanas\u201d \u00a1y este es nuestro segundo libro! Despu\u00e9s de Comida T\u00edpica Argentina Vegana, decidimos ir un poco m\u00e1s all\u00e1, m\u00e1s all\u00e1 de los l\u00edmites territoriales de nuestro vasto y hermoso pa\u00eds, para deleitarnos y nutrirnos de algunos platos t\u00edpicos de otros territorios. Decidimos plantar la bandera del veganismo en recetas de otros &#8230;<\/p>","protected":false},"author":3,"featured_media":5555,"parent":0,"menu_order":0,"comment_status":"closed","ping_status":"closed","template":"templates\/page-landing.php","meta":{"wprm-recipe-roundup-name":"","wprm-recipe-roundup-description":"","tinysalt_hide_before_page_content_ad":"","tinysalt_hide_after_page_content_ad":"","tinysalt_hide_page_header":"","tinysalt_advanced_classname":"","tinysalt_page_featured_media_position":"","tinysalt_single_site_header_source":"","tinysalt_single_custom_site_header":"0","tinysalt_single_custom_sticky_site_header":"0","tinysalt_single_custom_sticky_site_header_style":"sticky-scroll-up","tinysalt_single_site_footer_source":"","tinysalt_single_custom_site_footer":"0","footnotes":""},"class_list":["post-5517","page","type-page","status-publish","has-post-thumbnail","hentry"],"yoast_head":"<!-- This site is optimized with the Yoast SEO plugin v27.4 - https:\/\/yoast.com\/product\/yoast-seo-wordpress\/ -->\n<title>Comida Internacional Vegana - Hola Vegan<\/title>\n<meta name=\"description\" content=\"Los cl\u00e1sicos del mundo con ingredientes 100% vegetales\" \/>\n<meta name=\"robots\" content=\"noindex, follow, max-snippet:-1, max-image-preview:large, max-video-preview:-1\" \/>\n<meta property=\"og:locale\" content=\"en_US\" \/>\n<meta property=\"og:type\" content=\"article\" \/>\n<meta property=\"og:title\" content=\"Comida Internacional Vegana - Hola Vegan\" \/>\n<meta property=\"og:description\" content=\"Los cl\u00e1sicos del mundo con ingredientes 100% vegetales\" \/>\n<meta property=\"og:url\" content=\"https:\/\/holavegan.com\/en\/comida-internacional-vegana\/\" \/>\n<meta property=\"og:site_name\" content=\"Hola Vegan\" \/>\n<meta name=\"twitter:card\" content=\"summary_large_image\" \/>\n<meta name=\"twitter:label1\" content=\"Est. reading time\" \/>\n\t<meta name=\"twitter:data1\" content=\"7 minutes\" \/>\n<script type=\"application\/ld+json\" class=\"yoast-schema-graph\">{\"@context\":\"https:\\\/\\\/schema.org\",\"@graph\":[{\"@type\":\"WebPage\",\"@id\":\"https:\\\/\\\/holavegan.com\\\/comida-internacional-vegana\\\/\",\"url\":\"https:\\\/\\\/holavegan.com\\\/comida-internacional-vegana\\\/\",\"name\":\"Comida Internacional Vegana - Hola Vegan\",\"isPartOf\":{\"@id\":\"https:\\\/\\\/holavegan.com\\\/en\\\/#website\"},\"primaryImageOfPage\":{\"@id\":\"https:\\\/\\\/holavegan.com\\\/comida-internacional-vegana\\\/#primaryimage\"},\"image\":{\"@id\":\"https:\\\/\\\/holavegan.com\\\/comida-internacional-vegana\\\/#primaryimage\"},\"thumbnailUrl\":\"\",\"datePublished\":\"2020-05-09T15:06:20+00:00\",\"description\":\"Los cl\u00e1sicos del mundo con ingredientes 100% vegetales\",\"breadcrumb\":{\"@id\":\"https:\\\/\\\/holavegan.com\\\/comida-internacional-vegana\\\/#breadcrumb\"},\"inLanguage\":\"en-US\",\"potentialAction\":[{\"@type\":\"ReadAction\",\"target\":[\"https:\\\/\\\/holavegan.com\\\/comida-internacional-vegana\\\/\"]}]},{\"@type\":\"ImageObject\",\"inLanguage\":\"en-US\",\"@id\":\"https:\\\/\\\/holavegan.com\\\/comida-internacional-vegana\\\/#primaryimage\",\"url\":\"\",\"contentUrl\":\"\"},{\"@type\":\"BreadcrumbList\",\"@id\":\"https:\\\/\\\/holavegan.com\\\/comida-internacional-vegana\\\/#breadcrumb\",\"itemListElement\":[{\"@type\":\"ListItem\",\"position\":1,\"name\":\"Home\",\"item\":\"https:\\\/\\\/holavegan.com\\\/en\\\/\"},{\"@type\":\"ListItem\",\"position\":2,\"name\":\"Comida Internacional Vegana\"}]},{\"@type\":\"WebSite\",\"@id\":\"https:\\\/\\\/holavegan.com\\\/en\\\/#website\",\"url\":\"https:\\\/\\\/holavegan.com\\\/en\\\/\",\"name\":\"Hola Vegan\",\"description\":\"Un blog de las Veganas Hermanas\",\"publisher\":{\"@id\":\"https:\\\/\\\/holavegan.com\\\/en\\\/#organization\"},\"potentialAction\":[{\"@type\":\"SearchAction\",\"target\":{\"@type\":\"EntryPoint\",\"urlTemplate\":\"https:\\\/\\\/holavegan.com\\\/en\\\/?s={search_term_string}\"},\"query-input\":{\"@type\":\"PropertyValueSpecification\",\"valueRequired\":true,\"valueName\":\"search_term_string\"}}],\"inLanguage\":\"en-US\"},{\"@type\":\"Organization\",\"@id\":\"https:\\\/\\\/holavegan.com\\\/en\\\/#organization\",\"name\":\"Hola Vegan\",\"url\":\"https:\\\/\\\/holavegan.com\\\/en\\\/\",\"logo\":{\"@type\":\"ImageObject\",\"inLanguage\":\"en-US\",\"@id\":\"https:\\\/\\\/holavegan.com\\\/en\\\/#\\\/schema\\\/logo\\\/image\\\/\",\"url\":\"https:\\\/\\\/holavegan.com\\\/wp-content\\\/uploads\\\/2023\\\/03\\\/cropped-logo-h@2x-1-2.png\",\"contentUrl\":\"https:\\\/\\\/holavegan.com\\\/wp-content\\\/uploads\\\/2023\\\/03\\\/cropped-logo-h@2x-1-2.png\",\"width\":700,\"height\":200,\"caption\":\"Hola Vegan\"},\"image\":{\"@id\":\"https:\\\/\\\/holavegan.com\\\/en\\\/#\\\/schema\\\/logo\\\/image\\\/\"}}]}<\/script>\n<!-- \/ Yoast SEO plugin. -->","yoast_head_json":{"title":"Comida Internacional Vegana - Hola Vegan","description":"Los cl\u00e1sicos del mundo con ingredientes 100% vegetales","robots":{"index":"noindex","follow":"follow","max-snippet":"max-snippet:-1","max-image-preview":"max-image-preview:large","max-video-preview":"max-video-preview:-1"},"og_locale":"en_US","og_type":"article","og_title":"Comida Internacional Vegana - Hola Vegan","og_description":"Los cl\u00e1sicos del mundo con ingredientes 100% vegetales","og_url":"https:\/\/holavegan.com\/en\/comida-internacional-vegana\/","og_site_name":"Hola Vegan","twitter_card":"summary_large_image","twitter_misc":{"Est. reading time":"7 minutes"},"schema":{"@context":"https:\/\/schema.org","@graph":[{"@type":"WebPage","@id":"https:\/\/holavegan.com\/comida-internacional-vegana\/","url":"https:\/\/holavegan.com\/comida-internacional-vegana\/","name":"Comida Internacional Vegana - Hola Vegan","isPartOf":{"@id":"https:\/\/holavegan.com\/en\/#website"},"primaryImageOfPage":{"@id":"https:\/\/holavegan.com\/comida-internacional-vegana\/#primaryimage"},"image":{"@id":"https:\/\/holavegan.com\/comida-internacional-vegana\/#primaryimage"},"thumbnailUrl":"","datePublished":"2020-05-09T15:06:20+00:00","description":"Los cl\u00e1sicos del mundo con ingredientes 100% vegetales","breadcrumb":{"@id":"https:\/\/holavegan.com\/comida-internacional-vegana\/#breadcrumb"},"inLanguage":"en-US","potentialAction":[{"@type":"ReadAction","target":["https:\/\/holavegan.com\/comida-internacional-vegana\/"]}]},{"@type":"ImageObject","inLanguage":"en-US","@id":"https:\/\/holavegan.com\/comida-internacional-vegana\/#primaryimage","url":"","contentUrl":""},{"@type":"BreadcrumbList","@id":"https:\/\/holavegan.com\/comida-internacional-vegana\/#breadcrumb","itemListElement":[{"@type":"ListItem","position":1,"name":"Home","item":"https:\/\/holavegan.com\/en\/"},{"@type":"ListItem","position":2,"name":"Comida Internacional Vegana"}]},{"@type":"WebSite","@id":"https:\/\/holavegan.com\/en\/#website","url":"https:\/\/holavegan.com\/en\/","name":"Hello Vegan","description":"Un blog de las Veganas Hermanas","publisher":{"@id":"https:\/\/holavegan.com\/en\/#organization"},"potentialAction":[{"@type":"SearchAction","target":{"@type":"EntryPoint","urlTemplate":"https:\/\/holavegan.com\/en\/?s={search_term_string}"},"query-input":{"@type":"PropertyValueSpecification","valueRequired":true,"valueName":"search_term_string"}}],"inLanguage":"en-US"},{"@type":"Organization","@id":"https:\/\/holavegan.com\/en\/#organization","name":"Hello Vegan","url":"https:\/\/holavegan.com\/en\/","logo":{"@type":"ImageObject","inLanguage":"en-US","@id":"https:\/\/holavegan.com\/en\/#\/schema\/logo\/image\/","url":"https:\/\/holavegan.com\/wp-content\/uploads\/2023\/03\/cropped-logo-h@2x-1-2.png","contentUrl":"https:\/\/holavegan.com\/wp-content\/uploads\/2023\/03\/cropped-logo-h@2x-1-2.png","width":700,"height":200,"caption":"Hola Vegan"},"image":{"@id":"https:\/\/holavegan.com\/en\/#\/schema\/logo\/image\/"}}]}},"featured_image_src":null,"featured_image_src_square":null,"_links":{"self":[{"href":"https:\/\/holavegan.com\/en\/wp-json\/wp\/v2\/pages\/5517","targetHints":{"allow":["GET"]}}],"collection":[{"href":"https:\/\/holavegan.com\/en\/wp-json\/wp\/v2\/pages"}],"about":[{"href":"https:\/\/holavegan.com\/en\/wp-json\/wp\/v2\/types\/page"}],"author":[{"embeddable":true,"href":"https:\/\/holavegan.com\/en\/wp-json\/wp\/v2\/users\/3"}],"replies":[{"embeddable":true,"href":"https:\/\/holavegan.com\/en\/wp-json\/wp\/v2\/comments?post=5517"}],"version-history":[{"count":0,"href":"https:\/\/holavegan.com\/en\/wp-json\/wp\/v2\/pages\/5517\/revisions"}],"wp:featuredmedia":[{"embeddable":true,"href":"https:\/\/holavegan.com\/en\/wp-json\/"}],"wp:attachment":[{"href":"https:\/\/holavegan.com\/en\/wp-json\/wp\/v2\/media?parent=5517"}],"curies":[{"name":"wp","href":"https:\/\/api.w.org\/{rel}","templated":true}]}}