{"id":638,"date":"2014-05-28T13:22:51","date_gmt":"2014-05-28T11:22:51","guid":{"rendered":"https:\/\/holavegan.theblogpress.com\/?page_id=638"},"modified":"2014-05-28T13:22:51","modified_gmt":"2014-05-28T11:22:51","slug":"privacy-policy-2","status":"publish","type":"page","link":"https:\/\/holavegan.com\/en\/privacy-policy-2\/","title":{"rendered":"Privacy Policy \/ Pol\u00edtica de Privacidad"},"content":{"rendered":"<p><strong>What information do we collect?<\/strong><\/p>\n<p>We collect information from you when you subscribe to our newsletter.<\/p>\n<p>When ordering or registering on our site, as appropriate, you may be asked to enter your: name or e-mail address. You may, however, visit our site anonymously.<\/p>\n<p>Google, as a third party vendor, uses cookies to serve ads on your site. Google&#8217;s use of the DART cookie enables it to serve ads to your users based on their visit to your sites and other sites on the Internet. Users may opt out of the use of the DART cookie by visiting the Google ad and content network privacy policy..<\/p>\n<p><strong>What do we use your information for?<\/strong><\/p>\n<p>Any of the information we collect from you may be used in one of the following ways:<br \/>\nTo send periodic emails<\/p>\n<p>The email address you provide for order processing, may be used to send you information and updates pertaining to your order, in addition to receiving occasional company news, updates, related product or service information, etc.<\/p>\n<p>Note: If at any time you would like to unsubscribe from receiving future emails, we include detailed unsubscribe instructions at the bottom of each email.<\/p>\n<p><strong>How do we protect your information?<\/strong><\/p>\n<p>We implement a variety of security measures to maintain the safety of your personal information when you enter, submit, or access your personal information.<\/p>\n<p><strong>Do we use cookies?<\/strong><\/p>\n<p>Yes (Cookies are small files that a site or its service provider transfers to your computers hard drive through your Web browser (if you allow) that enables the sites or service providers systems to recognize your browser and capture and remember certain information<\/p>\n<p>We use cookies to understand and save your preferences for future visits.<\/p>\n<p><strong>Do we disclose any information to outside parties?<\/strong><\/p>\n<p>We do not sell, trade, or otherwise transfer to outside parties your personally identifiable information. This does not include trusted third parties who assist us in operating our website, conducting our business, or servicing you, so long as those parties agree to keep this information confidential. We may also release your information when we believe release is appropriate to comply with the law, enforce our site policies, or protect ours or others rights, property, or safety. However, non-personally identifiable visitor information may be provided to other parties for marketing, advertising, or other uses.<\/p>\n<p><strong>Third party links<\/strong><\/p>\n<p>Occasionally, at our discretion, we may include or offer third party products or services on our website. These third party sites have separate and independent privacy policies. We therefore have no responsibility or liability for the content and activities of these linked sites. Nonetheless, we seek to protect the integrity of our site and welcome any feedback about these sites.<\/p>\n<p><strong>California Online Privacy Protection Act Compliance<\/strong><\/p>\n<p>Because we value your privacy we have taken the necessary precautions to be in compliance with the California Online Privacy Protection Act. We therefore will not distribute your personal information to outside parties without your consent.<\/p>\n<p><strong>Childrens Online Privacy Protection Act Compliance<\/strong><\/p>\n<p>We are in compliance with the requirements of COPPA (Childrens Online Privacy Protection Act), we do not collect any information from anyone under 13 years of age. Our website, products and services are all directed to people who are at least 13 years old or older.<\/p>\n<p><strong>Online Privacy Policy Only<\/strong><\/p>\n<p>This online privacy policy applies only to information collected through our website and not to information collected offline.<\/p>\n<p><strong>Frequently Asked Questions<\/strong><\/p>\n<p>Please also visit our FAQ section establishing the use, disclaimers, and limitations of liability governing the use of our website at<a href=\"https:\/\/holaveganc1dev.wpenginepowered.com\/preguntas-frecuentes\/\">https:\/\/holaveganc1dev.wpenginepowered.com\/preguntas-frecuentes\/<\/a><\/p>\n<p><strong>Your Consent<\/strong><\/p>\n<p>By using our site, you consent to our\u00a0<a href=\"https:\/\/www.freeprivacypolicy.com\/\" target=\"_blank\" rel=\"noopener noreferrer\">privacy policy<\/a>.<\/p>\n<p><strong>Changes to our Privacy Policy<\/strong><\/p>\n<p>If we decide to change our privacy policy, we will update the Privacy Policy modification date below.<\/p>\n<p>This policy was last modified on 2014\/05\/28<\/p>\n<p><strong>Contacting Us<\/strong><\/p>\n<p>If there are any questions regarding this privacy policy you may contact us using the information below.<\/p>\n<blockquote class=\"wp-embedded-content\" data-secret=\"PRyHtTugUn\"><p><a href=\"https:\/\/holaveganc1dev.wpenginepowered.com\/\">Food Blog Light (TinySalt)<\/a><\/p><\/blockquote>\n<p><iframe class=\"wp-embedded-content\" sandbox=\"allow-scripts\" security=\"restricted\" style=\"position: absolute; visibility: hidden;\" title=\"&#8220;Food Blog Light (TinySalt)&#8221; &#8212; Hola Vegan\" src=\"https:\/\/holaveganc1dev.wpenginepowered.com\/embed\/#?secret=WXJEmgRC1y#?secret=PRyHtTugUn\" data-secret=\"PRyHtTugUn\" width=\"600\" height=\"338\" frameborder=\"0\" marginwidth=\"0\" marginheight=\"0\" scrolling=\"no\"><\/iframe><br \/>\nEerste Nassaustraat 10<br \/>\nAmsterdam, North Holland\u00a01052BG<br \/>\nNetherlands<br \/>\nholavegan@gmail.com<br \/>\n31621689415<\/p>\n<p>This policy is powered by Trust Guard\u00a0<a href=\"https:\/\/www.trust-guard.com\/PCI-Compliance-s\/65.htm\" target=\"_blank\" rel=\"nofollow noopener noreferrer\">PCI compliance<\/a>.<\/p>\n<p>\/\/\/\/\/\/\/\/\/\/\/\/\/\/\/\/\/\/\/\/\/\/\/\/\/\/\/\/\/\/\/\/\/\/\/\/\/\/\/\/\/\/\/\/\/\/\/\/\/<\/p>\n<p>POLITICA DE SEGURIDAD (Versi\u00f3n en espa\u00f1ol)<\/p>\n<p><strong>\u00bfQu\u00e9 informaci\u00f3n se recopila?<\/strong><\/p>\n<p>Nosotros recopilamos informaci\u00f3n de usted cuando usted se suscribe a nuestro bolet\u00edn de noticias.<\/p>\n<p>Al solicitar o registrar en nuestro sitio, en su caso, se le puede pedir que introduzca su nombre o direcci\u00f3n de correo electr\u00f3nico . Usted puede, sin embargo, visitar nuestro sitio de forma an\u00f3nima .<\/p>\n<p>Google , como proveedor asociado, utiliza cookies para publicar anuncios en su sitio. Google utiliza la cookie de DART le permite servir anuncios a los usuarios basados \u200b\u200ben su visita a los sitios y otros sitios en el Internet. Los usuarios pueden inhabilitar el uso de la cookie de DART a trav\u00e9s del anuncio de Google y el contenido de la pol\u00edtica de privacidad de la red.<\/p>\n<p><strong>\u00bfPara qu\u00e9 utilizamos su informaci\u00f3n?<\/strong><\/p>\n<p>Toda la informaci\u00f3n que obtenemos de usted puede ser usada en una de las siguientes formas:<\/p>\n<p>Para enviar correos electr\u00f3nicos peri\u00f3dicos.<br \/>\nLa direcci\u00f3n de correo electr\u00f3nico que usted proporciona para el procesamiento de pedidos, se puede utilizar para enviar informaci\u00f3n y las actualizaciones correspondientes a su solicitud, adem\u00e1s de recibir noticias de vez en cuando, las actualizaciones, informaci\u00f3n relacionada con el producto o servicio, etc.<br \/>\nNota: Si en alg\u00fan momento desea dejar de recibir futuros correos electr\u00f3nicos, que incluyen instrucciones detalladas darse de baja en la parte inferior de cada correo electr\u00f3nico.<\/p>\n<p><strong>\u00bfC\u00f3mo protegemos su informaci\u00f3n?<\/strong><\/p>\n<p>Implementamos una variedad de medidas de seguridad para mantener la seguridad de su informaci\u00f3n personal cuando usted entra, env\u00ede o acceder a su informaci\u00f3n personal.<\/p>\n<p><strong>\u00bfUtilizamos cookies?<\/strong><\/p>\n<p>S\u00ed (Las cookies son peque\u00f1os archivos que un sitio o de su proveedor de servicios transfiere al disco duro del ordenador mediante el navegador Web (si se permite) que permite a los sitios o sistemas de los proveedores de servicios para reconocer su navegador y captura y recuerde cierta informaci\u00f3n)<\/p>\n<p>Utilizamos cookies para entender y guardar sus preferencias para futuras visitas.<\/p>\n<p><strong>\u00bfRevelamos cualquier informaci\u00f3n a terceros?<\/strong><\/p>\n<p>Nosotros no vendemos, comerciamos, o transferimos a terceros sus datos personales. Esto no incluye los terceros de confianza que nos asisten en la operaci\u00f3n de nuestro sitio web, la realizaci\u00f3n de nuestro negocio, un servicio que, siempre que dichas partes se comprometen a mantener esta informaci\u00f3n confidencial. Tambi\u00e9n podemos revelar su informaci\u00f3n cuando creemos que es apropiado para cumplir con la ley, hacer cumplir las pol\u00edticas de nuestro sitio, o para proteger la nuestra o de otros derechos, propiedad o seguridad. Sin embargo, la informaci\u00f3n del visitante de identificaci\u00f3n no personal se puede proporcionar a terceros para la comercializaci\u00f3n, publicidad, u otros usos.<\/p>\n<p><strong>Enlaces de terceros<\/strong><\/p>\n<p>De vez en cuando, a nuestra discreci\u00f3n, podemos incluir u ofrecer productos o servicios de terceros en nuestro sitio web. Estos sitios de terceros tienen pol\u00edticas de privacidad separadas e independientes. Por lo tanto, no tenemos responsabilidad alguna por los contenidos y actividades de estos sitios enlazados. Sin embargo, buscamos proteger la integridad de nuestro sitio y agradecemos cualquier comentario sobre estos sitios.<\/p>\n<p><strong>California Online Privacy Protection Act Cumplimiento<\/strong><\/p>\n<p>Porque valoramos su privacidad, hemos tomado las precauciones necesarias para estar en conformidad con la Ley de Protecci\u00f3n de Privacidad en L\u00ednea de California. Por lo tanto, no distribuiremos su informaci\u00f3n personal a terceros sin su consentimiento.<\/p>\n<p><strong>Childrens Online Privacy Protection Act Cumplimiento<\/strong><\/p>\n<p>Estamos en el cumplimiento de los requisitos de COPPA (Ley de Protecci\u00f3n de Ni\u00f1os Online Privacy), no recoge ninguna informaci\u00f3n de cualquier persona menor de 13 a\u00f1os de edad. Nuestro sitio web, productos y servicios est\u00e1n dirigidos a personas que tengan al menos 13 a\u00f1os de edad o m\u00e1s.<\/p>\n<p><strong>S\u00f3lo en l\u00ednea Pol\u00edtica de privacidad<\/strong><\/p>\n<p>Esta pol\u00edtica de privacidad online se aplica \u00fanicamente a la informaci\u00f3n recogida a trav\u00e9s de nuestra p\u00e1gina web y no a la informaci\u00f3n recogida fuera de l\u00ednea.<\/p>\n<p><strong>Preguntas frecuentes<\/strong><\/p>\n<p>Visite tambi\u00e9n nuestra secci\u00f3n de preguntas frecuentes que establece el uso, renuncias y limitaciones de responsabilidad que rigen el uso de nuestro sitio Web en https:\/\/holaveganc1dev.wpenginepowered.com\/preguntas-frecuentes\/<\/p>\n<p><strong>Su Consentimiento<\/strong><\/p>\n<p>Al utilizar nuestro sitio , usted acepta nuestra pol\u00edtica de privacidad.<\/p>\n<p><strong>Cambios en nuestra Pol\u00edtica de Privacidad<\/strong><\/p>\n<p>Si decidimos cambiar nuestra pol\u00edtica de privacidad , actualizaremos la fecha de modificaci\u00f3n Pol\u00edtica de privacidad de abajo.<\/p>\n<p>Esta pol\u00edtica fue modificada por \u00faltima vez el 28\/05\/2014<\/p>\n<p><strong>Env\u00edenos un mensaje<\/strong><\/p>\n<p>Si hay alguna pregunta sobre esta pol\u00edtica de privacidad, puede ponerse en contacto con nosotros mediante la siguiente informaci\u00f3n.<\/p>\n<blockquote class=\"wp-embedded-content\" data-secret=\"PRyHtTugUn\"><p><a href=\"https:\/\/holaveganc1dev.wpenginepowered.com\/\">Food Blog Light (TinySalt)<\/a><\/p><\/blockquote>\n<p><iframe class=\"wp-embedded-content\" sandbox=\"allow-scripts\" security=\"restricted\" style=\"position: absolute; visibility: hidden;\" title=\"&#8220;Food Blog Light (TinySalt)&#8221; &#8212; Hola Vegan\" src=\"https:\/\/holaveganc1dev.wpenginepowered.com\/embed\/#?secret=WXJEmgRC1y#?secret=PRyHtTugUn\" data-secret=\"PRyHtTugUn\" width=\"600\" height=\"338\" frameborder=\"0\" marginwidth=\"0\" marginheight=\"0\" scrolling=\"no\"><\/iframe><br \/>\nEerste Nassaustraat 10<br \/>\nAmsterdam, North Holland\u00a01052BG<br \/>\nNetherlands<br \/>\nholavegan@gmail.com<br \/>\n31621689415<\/p>","protected":false},"excerpt":{"rendered":"<p>What information do we collect? We collect information from you when you subscribe to our newsletter. When ordering or registering on our site, as appropriate, you may be asked to enter your: name or e-mail address. You may, however, visit our site anonymously. Google, as a third party vendor, uses cookies to serve ads on &#8230;<\/p>","protected":false},"author":3,"featured_media":0,"parent":0,"menu_order":0,"comment_status":"open","ping_status":"open","template":"","meta":{"wprm-recipe-roundup-name":"","wprm-recipe-roundup-description":"","tinysalt_hide_before_page_content_ad":"","tinysalt_hide_after_page_content_ad":"","tinysalt_hide_page_header":"","tinysalt_advanced_classname":"","tinysalt_page_featured_media_position":"","tinysalt_single_site_header_source":"","tinysalt_single_custom_site_header":"0","tinysalt_single_custom_sticky_site_header":"0","tinysalt_single_custom_sticky_site_header_style":"sticky-scroll-up","tinysalt_single_site_footer_source":"","tinysalt_single_custom_site_footer":"0","footnotes":""},"class_list":["post-638","page","type-page","status-publish","hentry"],"yoast_head":"<!-- This site is optimized with the Yoast SEO plugin v27.3 - https:\/\/yoast.com\/product\/yoast-seo-wordpress\/ -->\n<title>Privacy Policy \/ Pol\u00edtica de Privacidad - Hola Vegan<\/title>\n<meta name=\"robots\" content=\"noindex, follow, max-snippet:-1, max-image-preview:large, max-video-preview:-1\" \/>\n<meta property=\"og:locale\" content=\"en_US\" \/>\n<meta property=\"og:type\" content=\"article\" \/>\n<meta property=\"og:title\" content=\"Privacy Policy \/ Pol\u00edtica de Privacidad - Hola Vegan\" \/>\n<meta property=\"og:description\" content=\"What information do we collect? We collect information from you when you subscribe to our newsletter. When ordering or registering on our site, as appropriate, you may be asked to enter your: name or e-mail address. You may, however, visit our site anonymously. Google, as a third party vendor, uses cookies to serve ads on ...\" \/>\n<meta property=\"og:url\" content=\"https:\/\/holaveganc1dev.wpenginepowered.com\/privacy-policy-2\/\" \/>\n<meta property=\"og:site_name\" content=\"Hola Vegan\" \/>\n<meta name=\"twitter:card\" content=\"summary_large_image\" \/>\n<meta name=\"twitter:label1\" content=\"Est. reading time\" \/>\n\t<meta name=\"twitter:data1\" content=\"7 minutes\" \/>\n<script type=\"application\/ld+json\" class=\"yoast-schema-graph\">{\"@context\":\"https:\\\/\\\/schema.org\",\"@graph\":[{\"@type\":\"WebPage\",\"@id\":\"https:\\\/\\\/holaveganc1dev.wpenginepowered.com\\\/privacy-policy-2\\\/\",\"url\":\"https:\\\/\\\/holaveganc1dev.wpenginepowered.com\\\/privacy-policy-2\\\/\",\"name\":\"Privacy Policy \\\/ Pol\u00edtica de Privacidad - Hola Vegan\",\"isPartOf\":{\"@id\":\"https:\\\/\\\/holaveganc1dev.wpenginepowered.com\\\/#website\"},\"datePublished\":\"2014-05-28T11:22:51+00:00\",\"breadcrumb\":{\"@id\":\"https:\\\/\\\/holaveganc1dev.wpenginepowered.com\\\/privacy-policy-2\\\/#breadcrumb\"},\"inLanguage\":\"en-US\",\"potentialAction\":[{\"@type\":\"ReadAction\",\"target\":[\"https:\\\/\\\/holaveganc1dev.wpenginepowered.com\\\/privacy-policy-2\\\/\"]}]},{\"@type\":\"BreadcrumbList\",\"@id\":\"https:\\\/\\\/holaveganc1dev.wpenginepowered.com\\\/privacy-policy-2\\\/#breadcrumb\",\"itemListElement\":[{\"@type\":\"ListItem\",\"position\":1,\"name\":\"Home\",\"item\":\"https:\\\/\\\/holavegan.com\\\/\"},{\"@type\":\"ListItem\",\"position\":2,\"name\":\"Privacy Policy \\\/ Pol\u00edtica de Privacidad\"}]},{\"@type\":\"WebSite\",\"@id\":\"https:\\\/\\\/holaveganc1dev.wpenginepowered.com\\\/#website\",\"url\":\"https:\\\/\\\/holaveganc1dev.wpenginepowered.com\\\/\",\"name\":\"Hola Vegan\",\"description\":\"Un blog de las Veganas Hermanas\",\"publisher\":{\"@id\":\"https:\\\/\\\/holaveganc1dev.wpenginepowered.com\\\/#organization\"},\"potentialAction\":[{\"@type\":\"SearchAction\",\"target\":{\"@type\":\"EntryPoint\",\"urlTemplate\":\"https:\\\/\\\/holaveganc1dev.wpenginepowered.com\\\/?s={search_term_string}\"},\"query-input\":{\"@type\":\"PropertyValueSpecification\",\"valueRequired\":true,\"valueName\":\"search_term_string\"}}],\"inLanguage\":\"en-US\"},{\"@type\":\"Organization\",\"@id\":\"https:\\\/\\\/holaveganc1dev.wpenginepowered.com\\\/#organization\",\"name\":\"Hola Vegan\",\"url\":\"https:\\\/\\\/holaveganc1dev.wpenginepowered.com\\\/\",\"logo\":{\"@type\":\"ImageObject\",\"inLanguage\":\"en-US\",\"@id\":\"https:\\\/\\\/holaveganc1dev.wpenginepowered.com\\\/#\\\/schema\\\/logo\\\/image\\\/\",\"url\":\"https:\\\/\\\/holavegan.com\\\/wp-content\\\/uploads\\\/2023\\\/03\\\/cropped-logo-h@2x-1-2.png\",\"contentUrl\":\"https:\\\/\\\/holavegan.com\\\/wp-content\\\/uploads\\\/2023\\\/03\\\/cropped-logo-h@2x-1-2.png\",\"width\":700,\"height\":200,\"caption\":\"Hola Vegan\"},\"image\":{\"@id\":\"https:\\\/\\\/holaveganc1dev.wpenginepowered.com\\\/#\\\/schema\\\/logo\\\/image\\\/\"}}]}<\/script>\n<!-- \/ Yoast SEO plugin. -->","yoast_head_json":{"title":"Privacy Policy \/ Pol\u00edtica de Privacidad - Hola Vegan","robots":{"index":"noindex","follow":"follow","max-snippet":"max-snippet:-1","max-image-preview":"max-image-preview:large","max-video-preview":"max-video-preview:-1"},"og_locale":"en_US","og_type":"article","og_title":"Privacy Policy \/ Pol\u00edtica de Privacidad - Hola Vegan","og_description":"What information do we collect? We collect information from you when you subscribe to our newsletter. When ordering or registering on our site, as appropriate, you may be asked to enter your: name or e-mail address. You may, however, visit our site anonymously. Google, as a third party vendor, uses cookies to serve ads on ...","og_url":"https:\/\/holaveganc1dev.wpenginepowered.com\/privacy-policy-2\/","og_site_name":"Hola Vegan","twitter_card":"summary_large_image","twitter_misc":{"Est. reading time":"7 minutes"},"schema":{"@context":"https:\/\/schema.org","@graph":[{"@type":"WebPage","@id":"https:\/\/holaveganc1dev.wpenginepowered.com\/privacy-policy-2\/","url":"https:\/\/holaveganc1dev.wpenginepowered.com\/privacy-policy-2\/","name":"Privacy Policy \/ Pol\u00edtica de Privacidad - Hola Vegan","isPartOf":{"@id":"https:\/\/holaveganc1dev.wpenginepowered.com\/#website"},"datePublished":"2014-05-28T11:22:51+00:00","breadcrumb":{"@id":"https:\/\/holaveganc1dev.wpenginepowered.com\/privacy-policy-2\/#breadcrumb"},"inLanguage":"en-US","potentialAction":[{"@type":"ReadAction","target":["https:\/\/holaveganc1dev.wpenginepowered.com\/privacy-policy-2\/"]}]},{"@type":"BreadcrumbList","@id":"https:\/\/holaveganc1dev.wpenginepowered.com\/privacy-policy-2\/#breadcrumb","itemListElement":[{"@type":"ListItem","position":1,"name":"Home","item":"https:\/\/holavegan.com\/"},{"@type":"ListItem","position":2,"name":"Privacy Policy \/ Pol\u00edtica de Privacidad"}]},{"@type":"WebSite","@id":"https:\/\/holaveganc1dev.wpenginepowered.com\/#website","url":"https:\/\/holaveganc1dev.wpenginepowered.com\/","name":"Hello Vegan","description":"Un blog de las Veganas Hermanas","publisher":{"@id":"https:\/\/holaveganc1dev.wpenginepowered.com\/#organization"},"potentialAction":[{"@type":"SearchAction","target":{"@type":"EntryPoint","urlTemplate":"https:\/\/holaveganc1dev.wpenginepowered.com\/?s={search_term_string}"},"query-input":{"@type":"PropertyValueSpecification","valueRequired":true,"valueName":"search_term_string"}}],"inLanguage":"en-US"},{"@type":"Organization","@id":"https:\/\/holaveganc1dev.wpenginepowered.com\/#organization","name":"Hello Vegan","url":"https:\/\/holaveganc1dev.wpenginepowered.com\/","logo":{"@type":"ImageObject","inLanguage":"en-US","@id":"https:\/\/holaveganc1dev.wpenginepowered.com\/#\/schema\/logo\/image\/","url":"https:\/\/holavegan.com\/wp-content\/uploads\/2023\/03\/cropped-logo-h@2x-1-2.png","contentUrl":"https:\/\/holavegan.com\/wp-content\/uploads\/2023\/03\/cropped-logo-h@2x-1-2.png","width":700,"height":200,"caption":"Hola Vegan"},"image":{"@id":"https:\/\/holaveganc1dev.wpenginepowered.com\/#\/schema\/logo\/image\/"}}]}},"featured_image_src":null,"featured_image_src_square":null,"_links":{"self":[{"href":"https:\/\/holavegan.com\/en\/wp-json\/wp\/v2\/pages\/638","targetHints":{"allow":["GET"]}}],"collection":[{"href":"https:\/\/holavegan.com\/en\/wp-json\/wp\/v2\/pages"}],"about":[{"href":"https:\/\/holavegan.com\/en\/wp-json\/wp\/v2\/types\/page"}],"author":[{"embeddable":true,"href":"https:\/\/holavegan.com\/en\/wp-json\/wp\/v2\/users\/3"}],"replies":[{"embeddable":true,"href":"https:\/\/holavegan.com\/en\/wp-json\/wp\/v2\/comments?post=638"}],"version-history":[{"count":0,"href":"https:\/\/holavegan.com\/en\/wp-json\/wp\/v2\/pages\/638\/revisions"}],"wp:attachment":[{"href":"https:\/\/holavegan.com\/en\/wp-json\/wp\/v2\/media?parent=638"}],"curies":[{"name":"wp","href":"https:\/\/api.w.org\/{rel}","templated":true}]}}