{"id":6558,"date":"2020-12-29T10:59:57","date_gmt":"2020-12-29T13:59:57","guid":{"rendered":"https:\/\/holavegan.com\/?page_id=6558"},"modified":"2020-12-29T10:59:57","modified_gmt":"2020-12-29T13:59:57","slug":"curso-lacteos-1","status":"publish","type":"page","link":"https:\/\/holavegan.com\/en\/curso-lacteos-1\/","title":{"rendered":"Curso de L\u00e1cteos Vegetales I"},"content":{"rendered":"<div class=\"wp-block-genesis-blocks-gb-columns gb-layout-service-4 gb-layout-columns-2 gb-2-col-equal gb-columns-center alignfull\" style=\"padding-top:5%;padding-right:5%;padding-bottom:5%;padding-left:5%\"><div class=\"gb-layout-column-wrap gb-block-layout-column-gap-6 gb-is-responsive-column\" style=\"max-width:1200px\">\n<div class=\"wp-block-genesis-blocks-gb-column gb-block-layout-column\"><div class=\"gb-block-layout-column-inner\">\n<h2 class=\"wp-block-heading\">ON-DEMAND<\/h2>\n\n\n\n<p><strong>Presentamos nuestro Curso de L\u00e1cteos Vegetales I.<\/strong><\/p>\n\n\n\n<p>Este curso completo de L\u00e1cteos Vegetales incluye 10 recetas en video y&nbsp;pdf&nbsp;con fotos, consejos e informaci\u00f3n nutricional.<br \/>Podr\u00e1s acceder al contenido del curso cuando quieras y hacerlo a tu ritmo.<\/p>\n\n\n\n<p>Al completar las 10 clases, recibir\u00e1s un certificado de finalizaci\u00f3n de curso.<\/p>\n\n\n\n<div style=\"color:#ddd\" class=\"wp-block-genesis-blocks-gb-spacer gb-block-spacer gb-divider-solid gb-spacer-divider gb-divider-size-1\"><hr style=\"height:30px\"\/><\/div>\n\n\n\n<h3 class=\"wp-block-heading\">10 recetas en video<\/h3>\n\n\n\n<p>Aprender\u00e1s a preparar 10 recetas de l\u00e1cteos vegetales a base de soja y casta\u00f1as de caj\u00fa (anacardos).<\/p>\n\n\n\n<ol class=\"wp-block-list\">\n<li>Leche cremosa de soja<\/li>\n\n\n\n<li>Yogur natural de soja y casta\u00f1as<\/li>\n\n\n\n<li>Queso crema fermentado<\/li>\n\n\n\n<li>Mozzarella estilo b\u00fafala<\/li>\n\n\n\n<li>Manteca cultivada<\/li>\n\n\n\n<li>Ricota fermentada<\/li>\n\n\n\n<li>Yogures de frutas<\/li>\n\n\n\n<li>Queso saborizado con ajo ahumado, tomate seco y ciboulette<\/li>\n\n\n\n<li>Aderezo cremoso<\/li>\n\n\n\n<li>Queso parmesano<\/li>\n<\/ol>\n\n\n\n<h3 class=\"wp-block-heading\">\u00a1Incluye un recetario con<br \/>10 recetas + tips!<\/h3>\n\n\n\n<hr class=\"wp-block-separator has-css-opacity\"\/>\n\n\n\n<h5 class=\"wp-block-heading\">Para Argentina<\/h5>\n\n\n\n<div class=\"wp-block-genesis-blocks-gb-pricing gb-pricing-columns-1\"><div class=\"gb-pricing-table-wrap gb-block-pricing-table-gap-2\">\n<div class=\"wp-block-genesis-blocks-gb-pricing-table gb-block-pricing-table-center gb-block-pricing-table\" itemscope itemtype=\"http:\/\/schema.org\/Product\"><div class=\"gb-block-pricing-table-inside\" style=\"border-width:2px;border-style:solid\">\n<div class=\"wp-block-genesis-blocks-gb-pricing-table-subtitle gb-pricing-table-subtitle\" style=\"font-size:20px;padding-top:10px;padding-right:20px;padding-bottom:10px;padding-left:20px\">Valor del curso + recetario digital<\/div>\n\n\n\n<div class=\"wp-block-genesis-blocks-gb-pricing-table-price gb-pricing-table-price-wrap gb-pricing-has-currency\" style=\"padding-top:10px;padding-right:20px;padding-bottom:10px;padding-left:20px\"><div itemprop=\"offers\" itemscope itemtype=\"http:\/\/schema.org\/Offer\"><span itemprop=\"priceCurrency\" class=\"gb-pricing-table-currency\" style=\"font-size:16px\">AR$<\/span><div itemprop=\"price\" class=\"gb-pricing-table-price\" style=\"font-size:40px\">4200<\/div><\/div><\/div>\n\n\n\n<p>A trav\u00e9s de Mercado Pago.<\/p>\n<\/div><\/div>\n<\/div><\/div>\n\n\n\n<div style=\"height:20px\" aria-hidden=\"true\" class=\"wp-block-spacer\"><\/div>\n\n\n\n<h5 class=\"wp-block-heading\">Para el resto del mundo<\/h5>\n\n\n\n<div class=\"wp-block-group\"><div class=\"wp-block-group__inner-container is-layout-flow wp-block-group-is-layout-flow\">\n<div class=\"wp-block-genesis-blocks-gb-pricing gb-pricing-columns-1\"><div class=\"gb-pricing-table-wrap gb-block-pricing-table-gap-2\">\n<div class=\"wp-block-genesis-blocks-gb-pricing-table gb-block-pricing-table-center gb-block-pricing-table\" itemscope itemtype=\"http:\/\/schema.org\/Product\"><div class=\"gb-block-pricing-table-inside\" style=\"border-width:2px;border-style:solid\">\n<div class=\"wp-block-genesis-blocks-gb-pricing-table-subtitle gb-pricing-table-subtitle\" style=\"font-size:20px;padding-top:10px;padding-right:20px;padding-bottom:10px;padding-left:20px\">Valor del curso + recetario digital<\/div>\n\n\n\n<div class=\"wp-block-genesis-blocks-gb-pricing-table-price gb-pricing-table-price-wrap gb-pricing-has-currency\" style=\"padding-top:10px;padding-right:20px;padding-bottom:10px;padding-left:20px\"><div itemprop=\"offers\" itemscope itemtype=\"http:\/\/schema.org\/Offer\"><span itemprop=\"priceCurrency\" class=\"gb-pricing-table-currency\" style=\"font-size:16px\">USD$<\/span><div itemprop=\"price\" class=\"gb-pricing-table-price\" style=\"font-size:40px\">20<\/div><span class=\"gb-pricing-table-term\" style=\"font-size:16px\">00<\/span><\/div><\/div>\n\n\n\n<p>A trav\u00e9s de PayPal.<\/p>\n<\/div><\/div>\n<\/div><\/div>\n\n\n\n<h5 class=\"wp-block-heading\">Para inscribirte, hac\u00e9 clic en el siguiente bot\u00f3n<\/h5>\n\n\n\n<div class=\"wp-block-buttons is-layout-flex wp-block-buttons-is-layout-flex\">\n<div class=\"wp-block-button\"><a class=\"wp-block-button__link has-background no-border-radius wp-element-button\" href=\"https:\/\/holavegan.tiendup.com\/curso\/curso-de-lacteos-vegetales-on-demand\" style=\"background-color:#252525\" target=\"_blank\" rel=\"noreferrer noopener\">Inscribirme ahora<\/a><\/div>\n<\/div>\n\n\n\n\n<\/div><\/div>\n\n\n\n<div style=\"height:32px\" aria-hidden=\"true\" class=\"wp-block-spacer\"><\/div>\n\n\n\n<hr class=\"wp-block-separator has-css-opacity\"\/>\n\n\n\n<div style=\"height:23px\" aria-hidden=\"true\" class=\"wp-block-spacer\"><\/div>\n\n\n\n<figure class=\"wp-block-embed aligncenter is-type-video is-provider-vimeo wp-block-embed-vimeo wp-embed-aspect-16-9 wp-has-aspect-ratio\"><div class=\"wp-block-embed__wrapper\">\nhttps:\/\/vimeo.com\/503103630\n<\/div><\/figure>\n\n\n\n\n<\/div><\/div>\n\n\n\n<div class=\"wp-block-genesis-blocks-gb-column gb-block-layout-column\"><div class=\"gb-block-layout-column-inner\"><div class=\"wp-block-image\">\n<figure class=\"aligncenter size-full\"><a href=\"https:\/\/holaveganc1dev.wpenginepowered.com\/wp-content\/uploads\/2021\/06\/CURSO2-copy.png\"><img decoding=\"async\" src=\"https:\/\/holaveganc1dev.wpenginepowered.com\/wp-content\/uploads\/2021\/06\/CURSO2-copy.png\" alt=\"\" class=\"wp-image-7019\"\/><\/a><\/figure>\n<\/div>\n\n\n<figure class=\"wp-block-gallery has-nested-images columns-3 is-cropped wp-block-gallery-1 is-layout-flex wp-block-gallery-is-layout-flex\">\n<figure class=\"wp-block-image size-large\"><img decoding=\"async\" data-id=\"6051\" src=\"https:\/\/holaveganc1dev.wpenginepowered.com\/wp-content\/uploads\/2020\/08\/0004_IMG_5878.jpg\" alt=\"\" class=\"wp-image-6051\"\/><\/figure>\n\n\n\n<figure class=\"wp-block-image size-large\"><img decoding=\"async\" data-id=\"6052\" src=\"https:\/\/holaveganc1dev.wpenginepowered.com\/wp-content\/uploads\/2020\/08\/0005_IMG_5870.jpg\" alt=\"\" class=\"wp-image-6052\"\/><\/figure>\n\n\n\n<figure class=\"wp-block-image size-large\"><img decoding=\"async\" data-id=\"6055\" src=\"https:\/\/holaveganc1dev.wpenginepowered.com\/wp-content\/uploads\/2020\/08\/0008_IMG_5834.jpg\" alt=\"\" class=\"wp-image-6055\"\/><\/figure>\n\n\n\n<figure class=\"wp-block-image size-large\"><img decoding=\"async\" data-id=\"6048\" src=\"https:\/\/holaveganc1dev.wpenginepowered.com\/wp-content\/uploads\/2020\/08\/0001_IMG_5934.jpg\" alt=\"\" class=\"wp-image-6048\"\/><\/figure>\n\n\n\n<figure class=\"wp-block-image size-large\"><img decoding=\"async\" data-id=\"6058\" src=\"https:\/\/holaveganc1dev.wpenginepowered.com\/wp-content\/uploads\/2020\/08\/0011_IMG_5812.jpg\" alt=\"\" class=\"wp-image-6058\"\/><\/figure>\n\n\n\n<figure class=\"wp-block-image size-large\"><img decoding=\"async\" data-id=\"6068\" src=\"https:\/\/holaveganc1dev.wpenginepowered.com\/wp-content\/uploads\/2020\/08\/0007_IMG_5845-1.jpg\" alt=\"\" class=\"wp-image-6068\"\/><\/figure>\n\n\n\n<figure class=\"wp-block-image size-large\"><img decoding=\"async\" data-id=\"6059\" src=\"https:\/\/holaveganc1dev.wpenginepowered.com\/wp-content\/uploads\/2020\/08\/0012_IMG_5801.jpg\" alt=\"\" class=\"wp-image-6059\"\/><\/figure>\n\n\n\n<figure class=\"wp-block-image size-large\"><img decoding=\"async\" data-id=\"6282\" src=\"https:\/\/holaveganc1dev.wpenginepowered.com\/wp-content\/uploads\/2020\/10\/square_0002_IMG_6102.jpg\" alt=\"\" class=\"wp-image-6282\"\/><\/figure>\n\n\n\n<figure class=\"wp-block-image size-large\"><img decoding=\"async\" data-id=\"6283\" src=\"https:\/\/holaveganc1dev.wpenginepowered.com\/wp-content\/uploads\/2020\/10\/square_0003_IMG_6093.jpg\" alt=\"\" class=\"wp-image-6283\"\/><\/figure>\n\n\n\n<figure class=\"wp-block-image size-large\"><img decoding=\"async\" data-id=\"6280\" src=\"https:\/\/holaveganc1dev.wpenginepowered.com\/wp-content\/uploads\/2020\/10\/square_0000_IMG_6123.jpg\" alt=\"\" class=\"wp-image-6280\"\/><\/figure>\n\n\n\n<figure class=\"wp-block-image size-large\"><img decoding=\"async\" data-id=\"6281\" src=\"https:\/\/holaveganc1dev.wpenginepowered.com\/wp-content\/uploads\/2020\/10\/square_0001_IMG_6118.jpg\" alt=\"\" class=\"wp-image-6281\"\/><\/figure>\n<\/figure>\n\n\n\n<h4 class=\"wp-block-heading\">Acerca de la soja&#8230;<\/h4>\n\n\n\n<p><strong>\u00bfPor qu\u00e9 usamos soja?<\/strong><br \/>Bueno, en primer\u00edsimo lugar, porque ninguna otra legrumbre logra tal nivel de versatilidad como la soja, ni fermenta tan maravillosamente, ni llega a los resultados sublimes -no es exageraci\u00f3n eh!- que llega la soja. Cr\u00e9annos, lo hemos intentado. Especialmente porque sabemos que la soja tiene muchos detractores.<\/p>\n\n\n\n<p>La soja es una legumbre, un grano. La soja no tiene la culpa de lo que los humanos hacemos con ella. De hecho, es una de las legumbres m\u00e1s saludables, ya que es rica en prote\u00ednas y es tambi\u00e9n la \u00fanica que contiene los 9 amino\u00e1cidos esenciales.<\/p>\n\n\n\n<p>Por suerte, existe su versi\u00f3n org\u00e1nica, libre de fertilizantes y plaguicidas sint\u00e9ticos, ni manipulaci\u00f3n gen\u00e9tica. En la producci\u00f3n org\u00e1nica se utilizan m\u00e9todos que minimizan la contaminaci\u00f3n del aire, suelo y agua.<\/p>\n\n\n\n<p><a href=\"https:\/\/holaveganc1dev.wpenginepowered.com\/derribando-mitos-la-soja\/\" data-type=\"post\" data-id=\"6483\">M\u00e1s info sobre la <\/a><a href=\"https:\/\/holaveganc1dev.wpenginepowered.com\/derribando-mitos-la-soja\/\" data-type=\"post\" data-id=\"6483\" target=\"_blank\" rel=\"noreferrer noopener\">soja<\/a><a href=\"https:\/\/holaveganc1dev.wpenginepowered.com\/derribando-mitos-la-soja\/\" data-type=\"post\" data-id=\"6483\"> aqu\u00ed<\/a><\/p>\n<\/div><\/div>\n<\/div><\/div>\n\n\n\n<figure class=\"wp-block-gallery alignwide has-nested-images columns-3 is-cropped wp-block-gallery-2 is-layout-flex wp-block-gallery-is-layout-flex\">\n<figure class=\"wp-block-image size-large\"><a href=\"https:\/\/holaveganc1dev.wpenginepowered.com\/wp-content\/uploads\/2020\/08\/0002_cheese-cake.jpg\"><img decoding=\"async\" data-id=\"6061\" src=\"https:\/\/holaveganc1dev.wpenginepowered.com\/wp-content\/uploads\/2020\/08\/0002_cheese-cake.jpg\" alt=\"\" class=\"wp-image-6061\"\/><\/a><\/figure>\n\n\n\n<figure class=\"wp-block-image size-large\"><a href=\"https:\/\/holaveganc1dev.wpenginepowered.com\/wp-content\/uploads\/2020\/08\/0007_IMG_5870.jpg\"><img decoding=\"async\" data-id=\"6062\" src=\"https:\/\/holaveganc1dev.wpenginepowered.com\/wp-content\/uploads\/2020\/08\/0007_IMG_5870.jpg\" alt=\"\" class=\"wp-image-6062\"\/><\/a><\/figure>\n\n\n\n<figure class=\"wp-block-image size-large\"><a href=\"https:\/\/holaveganc1dev.wpenginepowered.com\/wp-content\/uploads\/2020\/08\/0010_IMG_5834.jpg\"><img decoding=\"async\" data-id=\"6063\" src=\"https:\/\/holaveganc1dev.wpenginepowered.com\/wp-content\/uploads\/2020\/08\/0010_IMG_5834.jpg\" alt=\"\" class=\"wp-image-6063\"\/><\/a><\/figure>\n<\/figure>\n\n\n\n\n\n\n\n<figure class=\"wp-block-gallery alignwide has-nested-images columns-2 is-cropped wp-block-gallery-3 is-layout-flex wp-block-gallery-is-layout-flex\">\n<figure class=\"wp-block-image size-large\"><a href=\"https:\/\/holaveganc1dev.wpenginepowered.com\/wp-content\/uploads\/2020\/10\/parmesano.jpg\"><img decoding=\"async\" data-id=\"6285\" src=\"https:\/\/holaveganc1dev.wpenginepowered.com\/wp-content\/uploads\/2020\/10\/parmesano.jpg\" alt=\"\" class=\"wp-image-6285\"\/><\/a><\/figure>\n\n\n\n<figure class=\"wp-block-image size-large\"><a href=\"https:\/\/holaveganc1dev.wpenginepowered.com\/wp-content\/uploads\/2020\/10\/pizza.jpg\"><img decoding=\"async\" data-id=\"6286\" src=\"https:\/\/holaveganc1dev.wpenginepowered.com\/wp-content\/uploads\/2020\/10\/pizza.jpg\" alt=\"\" class=\"wp-image-6286\"\/><\/a><\/figure>\n\n\n\n<figure class=\"wp-block-image size-large\"><a href=\"https:\/\/holaveganc1dev.wpenginepowered.com\/wp-content\/uploads\/2020\/10\/queso-estacionado.jpg\"><img decoding=\"async\" data-id=\"6287\" src=\"https:\/\/holaveganc1dev.wpenginepowered.com\/wp-content\/uploads\/2020\/10\/queso-estacionado.jpg\" alt=\"\" class=\"wp-image-6287\"\/><\/a><\/figure>\n\n\n\n<figure class=\"wp-block-image size-large\"><a href=\"https:\/\/holaveganc1dev.wpenginepowered.com\/wp-content\/uploads\/2020\/10\/queso-saborizado.jpg\"><img decoding=\"async\" data-id=\"6288\" src=\"https:\/\/holaveganc1dev.wpenginepowered.com\/wp-content\/uploads\/2020\/10\/queso-saborizado.jpg\" alt=\"\" class=\"wp-image-6288\"\/><\/a><\/figure>\n<\/figure>\n\n\n\n<div class=\"wp-block-genesis-blocks-gb-columns gb-layout-columns-2 gb-2-col-equal\"><div class=\"gb-layout-column-wrap gb-block-layout-column-gap-2 gb-is-responsive-column\">\n<div class=\"wp-block-genesis-blocks-gb-column gb-block-layout-column\"><div class=\"gb-block-layout-column-inner\">\n\n<\/div><\/div>\n\n\n\n<div class=\"wp-block-genesis-blocks-gb-column gb-block-layout-column\"><div class=\"gb-block-layout-column-inner\">\n\n<\/div><\/div>\n<\/div><\/div>\n\n\n\n<div class=\"wp-block-genesis-blocks-gb-columns gb-layout-columns-1 one-column\"><div class=\"gb-layout-column-wrap gb-block-layout-column-gap-2 gb-is-responsive-column\">\n<div class=\"wp-block-genesis-blocks-gb-column gb-block-layout-column\"><div class=\"gb-block-layout-column-inner\">\n<p>En nuestras clases cocinamos con sistemas de cocci\u00f3n <a rel=\"noreferrer noopener\" href=\"https:\/\/www.instagram.com\/mihogarcuisine\/\" target=\"_blank\">Mi Hogar Cuisine<\/a><br \/>Aprovech\u00e1 un descuento y regalo especial nombrando a <strong>Hello Vegan<\/strong><\/p>\n\n\n\n<p>Compramos nuestros ingredientes en <a rel=\"noreferrer noopener\" href=\"https:\/\/tienda.vitalcer.com\/\" target=\"_blank\">Tiendas Vitalcer<\/a><br \/>Aprovech\u00e1 vos tambi\u00e9n el <strong>10%<\/strong> de descuento con el c\u00f3digo <strong>holavegan<\/strong><\/p>\n<\/div><\/div>\n<\/div><\/div>","protected":false},"excerpt":{"rendered":"","protected":false},"author":3,"featured_media":7019,"parent":0,"menu_order":0,"comment_status":"closed","ping_status":"closed","template":"templates\/page-landing.php","meta":{"wprm-recipe-roundup-name":"","wprm-recipe-roundup-description":"","tinysalt_hide_before_page_content_ad":"","tinysalt_hide_after_page_content_ad":"","tinysalt_hide_page_header":"","tinysalt_advanced_classname":"","tinysalt_page_featured_media_position":"","tinysalt_single_site_header_source":"","tinysalt_single_custom_site_header":"0","tinysalt_single_custom_sticky_site_header":"0","tinysalt_single_custom_sticky_site_header_style":"sticky-scroll-up","tinysalt_single_site_footer_source":"","tinysalt_single_custom_site_footer":"0","footnotes":""},"class_list":["post-6558","page","type-page","status-publish","has-post-thumbnail","hentry"],"yoast_head":"<!-- This site is optimized with the Yoast SEO plugin v27.4 - https:\/\/yoast.com\/product\/yoast-seo-wordpress\/ -->\n<title>Curso de L\u00e1cteos Vegetales I - Hola Vegan<\/title>\n<meta name=\"description\" content=\"L\u00e1cteos a base de soja y casta\u00f1as de caj\u00fa. Fermentados naturalmente, saludables e incre\u00edblemente deliciosos.\" \/>\n<meta name=\"robots\" content=\"noindex, follow, max-snippet:-1, max-image-preview:large, max-video-preview:-1\" \/>\n<meta property=\"og:locale\" content=\"en_US\" \/>\n<meta property=\"og:type\" content=\"article\" \/>\n<meta property=\"og:title\" content=\"Curso de L\u00e1cteos Vegetales I - Hola Vegan\" \/>\n<meta property=\"og:description\" content=\"L\u00e1cteos a base de soja y casta\u00f1as de caj\u00fa. Fermentados naturalmente, saludables e incre\u00edblemente deliciosos.\" \/>\n<meta property=\"og:url\" content=\"https:\/\/holavegan.com\/en\/curso-lacteos-1\/\" \/>\n<meta property=\"og:site_name\" content=\"Hola Vegan\" \/>\n<meta name=\"twitter:card\" content=\"summary_large_image\" \/>\n<script type=\"application\/ld+json\" class=\"yoast-schema-graph\">{\"@context\":\"https:\\\/\\\/schema.org\",\"@graph\":[{\"@type\":\"WebPage\",\"@id\":\"https:\\\/\\\/holavegan.com\\\/curso-lacteos-1\\\/\",\"url\":\"https:\\\/\\\/holavegan.com\\\/curso-lacteos-1\\\/\",\"name\":\"Curso de L\u00e1cteos Vegetales I - Hola Vegan\",\"isPartOf\":{\"@id\":\"https:\\\/\\\/holavegan.com\\\/en\\\/#website\"},\"primaryImageOfPage\":{\"@id\":\"https:\\\/\\\/holavegan.com\\\/curso-lacteos-1\\\/#primaryimage\"},\"image\":{\"@id\":\"https:\\\/\\\/holavegan.com\\\/curso-lacteos-1\\\/#primaryimage\"},\"thumbnailUrl\":\"\",\"datePublished\":\"2020-12-29T13:59:57+00:00\",\"description\":\"L\u00e1cteos a base de soja y casta\u00f1as de caj\u00fa. Fermentados naturalmente, saludables e incre\u00edblemente deliciosos.\",\"breadcrumb\":{\"@id\":\"https:\\\/\\\/holavegan.com\\\/curso-lacteos-1\\\/#breadcrumb\"},\"inLanguage\":\"en-US\",\"potentialAction\":[{\"@type\":\"ReadAction\",\"target\":[\"https:\\\/\\\/holavegan.com\\\/curso-lacteos-1\\\/\"]}]},{\"@type\":\"ImageObject\",\"inLanguage\":\"en-US\",\"@id\":\"https:\\\/\\\/holavegan.com\\\/curso-lacteos-1\\\/#primaryimage\",\"url\":\"\",\"contentUrl\":\"\"},{\"@type\":\"BreadcrumbList\",\"@id\":\"https:\\\/\\\/holavegan.com\\\/curso-lacteos-1\\\/#breadcrumb\",\"itemListElement\":[{\"@type\":\"ListItem\",\"position\":1,\"name\":\"Home\",\"item\":\"https:\\\/\\\/holavegan.com\\\/en\\\/\"},{\"@type\":\"ListItem\",\"position\":2,\"name\":\"Curso de L\u00e1cteos Vegetales I\"}]},{\"@type\":\"WebSite\",\"@id\":\"https:\\\/\\\/holavegan.com\\\/en\\\/#website\",\"url\":\"https:\\\/\\\/holavegan.com\\\/en\\\/\",\"name\":\"Hola Vegan\",\"description\":\"Un blog de las Veganas Hermanas\",\"publisher\":{\"@id\":\"https:\\\/\\\/holavegan.com\\\/en\\\/#organization\"},\"potentialAction\":[{\"@type\":\"SearchAction\",\"target\":{\"@type\":\"EntryPoint\",\"urlTemplate\":\"https:\\\/\\\/holavegan.com\\\/en\\\/?s={search_term_string}\"},\"query-input\":{\"@type\":\"PropertyValueSpecification\",\"valueRequired\":true,\"valueName\":\"search_term_string\"}}],\"inLanguage\":\"en-US\"},{\"@type\":\"Organization\",\"@id\":\"https:\\\/\\\/holavegan.com\\\/en\\\/#organization\",\"name\":\"Hola Vegan\",\"url\":\"https:\\\/\\\/holavegan.com\\\/en\\\/\",\"logo\":{\"@type\":\"ImageObject\",\"inLanguage\":\"en-US\",\"@id\":\"https:\\\/\\\/holavegan.com\\\/en\\\/#\\\/schema\\\/logo\\\/image\\\/\",\"url\":\"https:\\\/\\\/holavegan.com\\\/wp-content\\\/uploads\\\/2023\\\/03\\\/cropped-logo-h@2x-1-2.png\",\"contentUrl\":\"https:\\\/\\\/holavegan.com\\\/wp-content\\\/uploads\\\/2023\\\/03\\\/cropped-logo-h@2x-1-2.png\",\"width\":700,\"height\":200,\"caption\":\"Hola Vegan\"},\"image\":{\"@id\":\"https:\\\/\\\/holavegan.com\\\/en\\\/#\\\/schema\\\/logo\\\/image\\\/\"}}]}<\/script>\n<!-- \/ Yoast SEO plugin. -->","yoast_head_json":{"title":"Curso de L\u00e1cteos Vegetales I - Hola Vegan","description":"L\u00e1cteos a base de soja y casta\u00f1as de caj\u00fa. Fermentados naturalmente, saludables e incre\u00edblemente deliciosos.","robots":{"index":"noindex","follow":"follow","max-snippet":"max-snippet:-1","max-image-preview":"max-image-preview:large","max-video-preview":"max-video-preview:-1"},"og_locale":"en_US","og_type":"article","og_title":"Curso de L\u00e1cteos Vegetales I - Hola Vegan","og_description":"L\u00e1cteos a base de soja y casta\u00f1as de caj\u00fa. Fermentados naturalmente, saludables e incre\u00edblemente deliciosos.","og_url":"https:\/\/holavegan.com\/en\/curso-lacteos-1\/","og_site_name":"Hola Vegan","twitter_card":"summary_large_image","schema":{"@context":"https:\/\/schema.org","@graph":[{"@type":"WebPage","@id":"https:\/\/holavegan.com\/curso-lacteos-1\/","url":"https:\/\/holavegan.com\/curso-lacteos-1\/","name":"Curso de L\u00e1cteos Vegetales I - Hola Vegan","isPartOf":{"@id":"https:\/\/holavegan.com\/en\/#website"},"primaryImageOfPage":{"@id":"https:\/\/holavegan.com\/curso-lacteos-1\/#primaryimage"},"image":{"@id":"https:\/\/holavegan.com\/curso-lacteos-1\/#primaryimage"},"thumbnailUrl":"","datePublished":"2020-12-29T13:59:57+00:00","description":"L\u00e1cteos a base de soja y casta\u00f1as de caj\u00fa. Fermentados naturalmente, saludables e incre\u00edblemente deliciosos.","breadcrumb":{"@id":"https:\/\/holavegan.com\/curso-lacteos-1\/#breadcrumb"},"inLanguage":"en-US","potentialAction":[{"@type":"ReadAction","target":["https:\/\/holavegan.com\/curso-lacteos-1\/"]}]},{"@type":"ImageObject","inLanguage":"en-US","@id":"https:\/\/holavegan.com\/curso-lacteos-1\/#primaryimage","url":"","contentUrl":""},{"@type":"BreadcrumbList","@id":"https:\/\/holavegan.com\/curso-lacteos-1\/#breadcrumb","itemListElement":[{"@type":"ListItem","position":1,"name":"Home","item":"https:\/\/holavegan.com\/en\/"},{"@type":"ListItem","position":2,"name":"Curso de L\u00e1cteos Vegetales I"}]},{"@type":"WebSite","@id":"https:\/\/holavegan.com\/en\/#website","url":"https:\/\/holavegan.com\/en\/","name":"Hello Vegan","description":"Un blog de las Veganas Hermanas","publisher":{"@id":"https:\/\/holavegan.com\/en\/#organization"},"potentialAction":[{"@type":"SearchAction","target":{"@type":"EntryPoint","urlTemplate":"https:\/\/holavegan.com\/en\/?s={search_term_string}"},"query-input":{"@type":"PropertyValueSpecification","valueRequired":true,"valueName":"search_term_string"}}],"inLanguage":"en-US"},{"@type":"Organization","@id":"https:\/\/holavegan.com\/en\/#organization","name":"Hello Vegan","url":"https:\/\/holavegan.com\/en\/","logo":{"@type":"ImageObject","inLanguage":"en-US","@id":"https:\/\/holavegan.com\/en\/#\/schema\/logo\/image\/","url":"https:\/\/holavegan.com\/wp-content\/uploads\/2023\/03\/cropped-logo-h@2x-1-2.png","contentUrl":"https:\/\/holavegan.com\/wp-content\/uploads\/2023\/03\/cropped-logo-h@2x-1-2.png","width":700,"height":200,"caption":"Hola Vegan"},"image":{"@id":"https:\/\/holavegan.com\/en\/#\/schema\/logo\/image\/"}}]}},"featured_image_src":null,"featured_image_src_square":null,"_links":{"self":[{"href":"https:\/\/holavegan.com\/en\/wp-json\/wp\/v2\/pages\/6558","targetHints":{"allow":["GET"]}}],"collection":[{"href":"https:\/\/holavegan.com\/en\/wp-json\/wp\/v2\/pages"}],"about":[{"href":"https:\/\/holavegan.com\/en\/wp-json\/wp\/v2\/types\/page"}],"author":[{"embeddable":true,"href":"https:\/\/holavegan.com\/en\/wp-json\/wp\/v2\/users\/3"}],"replies":[{"embeddable":true,"href":"https:\/\/holavegan.com\/en\/wp-json\/wp\/v2\/comments?post=6558"}],"version-history":[{"count":0,"href":"https:\/\/holavegan.com\/en\/wp-json\/wp\/v2\/pages\/6558\/revisions"}],"wp:featuredmedia":[{"embeddable":true,"href":"https:\/\/holavegan.com\/en\/wp-json\/"}],"wp:attachment":[{"href":"https:\/\/holavegan.com\/en\/wp-json\/wp\/v2\/media?parent=6558"}],"curies":[{"name":"wp","href":"https:\/\/api.w.org\/{rel}","templated":true}]}}