{"id":7018,"date":"2021-06-23T01:17:59","date_gmt":"2021-06-23T04:17:59","guid":{"rendered":"https:\/\/holavegan.com\/?page_id=7018"},"modified":"2021-06-23T01:17:59","modified_gmt":"2021-06-23T04:17:59","slug":"cursos-on-demand","status":"publish","type":"page","link":"https:\/\/holavegan.com\/en\/cursos-on-demand\/","title":{"rendered":"CURSOS ON DEMAND"},"content":{"rendered":"<h4 class=\"has-text-align-center wp-block-heading\">Conoc\u00e9 los cursos que tenemos disponibles<\/h4>\n\n\n\n<p class=\"has-text-align-center\">Eleg\u00ed uno de nuestros cursos para conocer sus contenidos.<\/p>\n\n\n\n<div style=\"text-align:center\" class=\"wp-block-genesis-blocks-gb-button gb-block-button\"><a href=\"https:\/\/holavegan.tiendup.com\/\" class=\"gb-button gb-button-shape-square gb-button-size-medium\" style=\"color:#ffffff;background-color:#252525\">Comprar en la tienda<\/a><\/div>\n\n\n\n<div class=\"wp-block-genesis-blocks-gb-columns gb-layout-food gb-layout-columns-1 one-column alignfull\"><div class=\"gb-layout-column-wrap gb-block-layout-column-gap-2 gb-is-responsive-column\">\n<div class=\"wp-block-genesis-blocks-gb-column gb-block-layout-column\"><div class=\"gb-block-layout-column-inner\">\n<div class=\"wp-block-columns is-layout-flex wp-container-core-columns-is-layout-9d6595d7 wp-block-columns-is-layout-flex\">\n<div class=\"wp-block-column is-layout-flow wp-block-column-is-layout-flow\" style=\"flex-basis:100%\">\n\n\n\n\n<div class=\"wp-block-genesis-blocks-gb-columns gb-layout-columns-3 gb-3-col-equal\"><div class=\"gb-layout-column-wrap gb-block-layout-column-gap-2 gb-is-responsive-column\">\n<div class=\"wp-block-genesis-blocks-gb-column gb-block-layout-column\"><div class=\"gb-block-layout-column-inner\">\n<div class=\"wp-block-group\"><div class=\"wp-block-group__inner-container is-layout-flow wp-block-group-is-layout-flow\">\n<div class=\"wp-block-genesis-blocks-gb-column gb-block-layout-column\"><div class=\"gb-block-layout-column-inner\">\n<figure class=\"wp-block-image size-full\"><a href=\"https:\/\/holaveganc1dev.wpenginepowered.com\/curso-de-pasteleria-vegana\/\"><img decoding=\"async\" src=\"https:\/\/holaveganc1dev.wpenginepowered.com\/wp-content\/uploads\/2022\/09\/CURSO-paste.png\" alt=\"\" class=\"wp-image-8287\"\/><\/a><\/figure>\n\n\n\n<h4 class=\"wp-block-heading\">Curso de<br \/>Pasteler\u00eda vegana<\/h4>\n\n\n\n<p><strong>Modalidad ON-DEMAND<\/strong><\/p>\n\n\n\n<p><strong>En este curso aprender\u00e1s a preparar los b\u00e1sicos de la pasteler\u00eda, desde la materia prima hasta el producto final.<\/strong><\/p>\n\n\n\n<div class=\"wp-block-buttons is-layout-flex wp-block-buttons-is-layout-flex\">\n<div class=\"wp-block-button\"><a class=\"wp-block-button__link no-border-radius\" href=\"https:\/\/holaveganc1dev.wpenginepowered.com\/curso-de-pasteleria-vegana\/\">Ver m\u00e1s<\/a><\/div>\n<\/div>\n<\/div><\/div>\n<\/div><\/div>\n<\/div><\/div>\n\n\n\n<div class=\"wp-block-genesis-blocks-gb-column gb-block-layout-column\"><div class=\"gb-block-layout-column-inner\">\n<div class=\"wp-block-genesis-blocks-gb-column gb-block-layout-column\"><div class=\"gb-block-layout-column-inner\">\n<figure class=\"wp-block-image size-full\"><a href=\"https:\/\/holaveganc1dev.wpenginepowered.com\/curso-de-sushi-plant-based\/\"><img decoding=\"async\" src=\"https:\/\/holaveganc1dev.wpenginepowered.com\/wp-content\/uploads\/2022\/05\/sushi.png\" alt=\"\" class=\"wp-image-7996\"\/><\/a><\/figure>\n\n\n\n<h4 class=\"wp-block-heading\">Curso de<br \/>Sushi plant based<\/h4>\n\n\n\n<p><strong>Modalidad ON-DEMAND<\/strong><\/p>\n\n\n\n<p><strong><\/strong><strong>En este curso aprender\u00e1s a preparar tu propio sushi vegano usando la t\u00e9cnica japonesa.<\/strong><\/p>\n\n\n\n<div class=\"wp-block-buttons is-layout-flex wp-block-buttons-is-layout-flex\">\n<div class=\"wp-block-button\"><a class=\"wp-block-button__link no-border-radius\" href=\"https:\/\/holaveganc1dev.wpenginepowered.com\/curso-de-sushi-plant-based\/\">Ver m\u00e1s<\/a><\/div>\n<\/div>\n<\/div><\/div>\n<\/div><\/div>\n\n\n\n<div class=\"wp-block-genesis-blocks-gb-column gb-block-layout-column\"><div class=\"gb-block-layout-column-inner\">\n<div class=\"wp-block-genesis-blocks-gb-column gb-block-layout-column\"><div class=\"gb-block-layout-column-inner\">\n<figure class=\"wp-block-image size-full\"><a href=\"https:\/\/holaveganc1dev.wpenginepowered.com\/curso-tofu-is-my-boyfriend\/\"><img decoding=\"async\" src=\"https:\/\/holaveganc1dev.wpenginepowered.com\/wp-content\/uploads\/2022\/03\/CURSO-TOFU.png\" alt=\"\" class=\"wp-image-7835\"\/><\/a><\/figure>\n\n\n\n<h4 class=\"wp-block-heading\"><meta charset=\"utf-8\"\/>Curso<br \/>Tofu is my boyfriend<\/h4>\n\n\n\n<p><meta charset=\"utf-8\"\/><strong>Modalidad ON-DEMAND<\/strong><\/p>\n\n\n\n<p><meta charset=\"utf-8\"\/><strong>En este curso aprender\u00e1s a preparar tu propio tofu y con \u00e9l recetas deliciosas y creativas libres de gluten.<\/strong><\/p>\n\n\n\n<div class=\"wp-block-buttons is-layout-flex wp-block-buttons-is-layout-flex\">\n<div class=\"wp-block-button is-style-fill\"><a class=\"wp-block-button__link has-background no-border-radius\" href=\"https:\/\/holaveganc1dev.wpenginepowered.com\/curso-tofu-is-my-boyfriend\/\" style=\"background-color:#252525\" target=\"_blank\" rel=\"noreferrer noopener\">Ver m\u00e1s<\/a><\/div>\n<\/div>\n<\/div><\/div>\n<\/div><\/div>\n<\/div><\/div>\n\n\n\n<div style=\"height:50px\" aria-hidden=\"true\" class=\"wp-block-spacer\"><\/div>\n\n\n\n<div class=\"wp-block-genesis-blocks-gb-columns gb-layout-columns-3 gb-3-col-equal\"><div class=\"gb-layout-column-wrap gb-block-layout-column-gap-2 gb-is-responsive-column\">\n<div class=\"wp-block-genesis-blocks-gb-column gb-block-layout-column\"><div class=\"gb-block-layout-column-inner\">\n<div class=\"wp-block-genesis-blocks-gb-column gb-block-layout-column\"><div class=\"gb-block-layout-column-inner\">\n<div class=\"wp-block-genesis-blocks-gb-column gb-block-layout-column\"><div class=\"gb-block-layout-column-inner\">\n<figure class=\"wp-block-image size-full\"><a href=\"https:\/\/holaveganc1dev.wpenginepowered.com\/curso-de-masas-sin-gluten\/\"><img decoding=\"async\" src=\"https:\/\/holaveganc1dev.wpenginepowered.com\/wp-content\/uploads\/2022\/03\/CURSO-MASAS.png\" alt=\"\" class=\"wp-image-7843\"\/><\/a><\/figure>\n\n\n\n<h4 class=\"wp-block-heading\"><meta charset=\"utf-8\"\/>Curso de<br \/>Masas sin gluten<\/h4>\n\n\n\n<p><meta charset=\"utf-8\"\/><strong>Modalidad ON-DEMAND<\/strong><\/p>\n\n\n\n<p><meta charset=\"utf-8\"\/><strong>En este curso aprender\u00e1s a preparar masas con ingredientes 100% vegetales y libres de gluten.<\/strong><\/p>\n\n\n\n<div class=\"wp-block-buttons is-layout-flex wp-block-buttons-is-layout-flex\">\n<div class=\"wp-block-button is-style-fill\"><a class=\"wp-block-button__link has-background no-border-radius\" href=\"https:\/\/holaveganc1dev.wpenginepowered.com\/curso-de-masas-sin-gluten\/\" style=\"background-color:#252525\" target=\"_blank\" rel=\"noreferrer noopener\">Ver m\u00e1s<\/a><\/div>\n<\/div>\n<\/div><\/div>\n<\/div><\/div>\n<\/div><\/div>\n\n\n\n<div class=\"wp-block-genesis-blocks-gb-column gb-block-layout-column\"><div class=\"gb-block-layout-column-inner\">\n<div class=\"wp-block-genesis-blocks-gb-column gb-block-layout-column\"><div class=\"gb-block-layout-column-inner\">\n<figure class=\"wp-block-image size-full\"><a href=\"https:\/\/holaveganc1dev.wpenginepowered.com\/curso-de-carnes-vegetales-sin-gluten\/\"><img decoding=\"async\" src=\"https:\/\/holaveganc1dev.wpenginepowered.com\/wp-content\/uploads\/2021\/09\/CURSO-CARNES.png\" alt=\"\" class=\"wp-image-7237\"\/><\/a><\/figure>\n\n\n\n<h4 class=\"wp-block-heading\"><meta charset=\"utf-8\"\/>Curso de<br \/><meta charset=\"utf-8\"\/>Carnes Vegetales<\/h4>\n\n\n\n<p><strong>Modalidad ON-DEMAND<\/strong><\/p>\n\n\n\n<p><strong><meta charset=\"utf-8\"\/><meta charset=\"utf-8\"\/><\/strong><strong>En este curso aprender\u00e1s a preparar carnes vegetales sin gluten incre\u00edblemente deliciosas y nutritivas. <\/strong><\/p>\n\n\n\n<div class=\"wp-block-buttons is-layout-flex wp-block-buttons-is-layout-flex\">\n<div class=\"wp-block-button\"><a class=\"wp-block-button__link has-background no-border-radius\" href=\"https:\/\/holaveganc1dev.wpenginepowered.com\/curso-de-carnes-vegetales-sin-gluten\/\" style=\"background-color:#252525\" target=\"_blank\" rel=\"noreferrer noopener\">Ver m\u00e1s<\/a><\/div>\n<\/div>\n<\/div><\/div>\n<\/div><\/div>\n\n\n\n<div class=\"wp-block-genesis-blocks-gb-column gb-block-layout-column\"><div class=\"gb-block-layout-column-inner\">\n<div class=\"wp-block-genesis-blocks-gb-column gb-block-layout-column\"><div class=\"gb-block-layout-column-inner\">\n<figure class=\"wp-block-image size-full\"><a href=\"https:\/\/holaveganc1dev.wpenginepowered.com\/curso-de-quesos-vegetales\/\"><img decoding=\"async\" src=\"https:\/\/holaveganc1dev.wpenginepowered.com\/wp-content\/uploads\/2021\/08\/curso-quesos-portada.png\" alt=\"\" class=\"wp-image-7152\"\/><\/a><\/figure>\n\n\n\n<h4 class=\"wp-block-heading\"><meta charset=\"utf-8\"\/><meta charset=\"utf-8\"\/>Curso de<br \/>Quesos Vegetales<\/h4>\n\n\n\n<p><meta charset=\"utf-8\"\/><strong>Modalidad ON-DEMAND<\/strong><\/p>\n\n\n\n<p><meta charset=\"utf-8\"\/><strong><meta charset=\"utf-8\"\/><meta charset=\"utf-8\"\/><\/strong><strong><meta charset=\"utf-8\"\/>Este curso es una compilaci\u00f3n de QUESOS&nbsp;de nuestros Cursos de L\u00e1cteos Vegetales Niveles 1 y 2. <\/strong><\/p>\n\n\n\n<div class=\"wp-block-buttons is-layout-flex wp-block-buttons-is-layout-flex\">\n<div class=\"wp-block-button\"><a class=\"wp-block-button__link has-background no-border-radius\" href=\"https:\/\/holaveganc1dev.wpenginepowered.com\/curso-de-quesos-vegetales\/\" style=\"background-color:#252525\" target=\"_blank\" rel=\"noreferrer noopener\">Ver m\u00e1s<\/a><\/div>\n<\/div>\n\n\n\n\n<\/div><\/div>\n<\/div><\/div>\n<\/div><\/div>\n<\/div>\n<\/div>\n\n\n\n<div class=\"wp-block-genesis-blocks-gb-column gb-block-layout-column\"><div class=\"gb-block-layout-column-inner\">\n<div class=\"wp-block-columns is-layout-flex wp-container-core-columns-is-layout-9d6595d7 wp-block-columns-is-layout-flex\">\n<div class=\"wp-block-column is-layout-flow wp-block-column-is-layout-flow\" style=\"flex-basis:100%\">\n<div class=\"wp-block-genesis-blocks-gb-columns gb-layout-columns-3 gb-3-col-equal\"><div class=\"gb-layout-column-wrap gb-block-layout-column-gap-2 gb-is-responsive-column\">\n<div class=\"wp-block-genesis-blocks-gb-column gb-block-layout-column\"><div class=\"gb-block-layout-column-inner\">\n<div class=\"wp-block-genesis-blocks-gb-column gb-block-layout-column\"><div class=\"gb-block-layout-column-inner\">\n<figure class=\"wp-block-image size-full\"><a href=\"https:\/\/holaveganc1dev.wpenginepowered.com\/curso-lacteos-2\/\"><img decoding=\"async\" src=\"https:\/\/holaveganc1dev.wpenginepowered.com\/wp-content\/uploads\/2021\/06\/CURSO2-2.png\" alt=\"\" class=\"wp-image-7020\"\/><\/a><\/figure>\n\n\n\n<h4 class=\"wp-block-heading\">Curso de<br \/>L\u00e1cteos Vegetales II<\/h4>\n\n\n\n<p><strong>Modalidad ON-DEMAND<\/strong><\/p>\n\n\n\n<p><strong>En este curso podr\u00e1s aplicar todo lo aprendido en el Curso de l\u00e1cteos vegetales nivel 1 y potenciarlo en nuevas recetas.<\/strong><\/p>\n\n\n\n<div class=\"wp-block-buttons is-layout-flex wp-block-buttons-is-layout-flex\">\n<div class=\"wp-block-button\"><a class=\"wp-block-button__link no-border-radius\" href=\"https:\/\/holaveganc1dev.wpenginepowered.com\/curso-lacteos-2\/\" target=\"_blank\" rel=\"noreferrer noopener\">Ver m\u00e1s<\/a><\/div>\n<\/div>\n<\/div><\/div>\n<\/div><\/div>\n\n\n\n<div class=\"wp-block-genesis-blocks-gb-column gb-block-layout-column\"><div class=\"gb-block-layout-column-inner\">\n<div class=\"wp-block-genesis-blocks-gb-column gb-block-layout-column\"><div class=\"gb-block-layout-column-inner\">\n<figure class=\"wp-block-image size-full\"><a href=\"https:\/\/holaveganc1dev.wpenginepowered.com\/curso-lacteos-1\/\"><img decoding=\"async\" src=\"https:\/\/holaveganc1dev.wpenginepowered.com\/wp-content\/uploads\/2021\/06\/CURSO2-copy.png\" alt=\"\" class=\"wp-image-7019\"\/><\/a><\/figure>\n\n\n\n<h4 class=\"wp-block-heading\"><meta charset=\"utf-8\"\/>Curso de<br \/>L\u00e1cteos Vegetales I<\/h4>\n\n\n\n<p><meta charset=\"utf-8\"\/><strong>Modalidad ON-DEMAND<\/strong><\/p>\n\n\n\n<p><meta charset=\"utf-8\"\/><strong><meta charset=\"utf-8\"\/><meta charset=\"utf-8\"\/><\/strong><strong>En este curso aprender\u00e1s a preparar l\u00e1cteos veganos, fermentados, econ\u00f3micos y f\u00e1ciles. El ABC de los l\u00e1cteos vegetales!<\/strong><\/p>\n\n\n\n<div class=\"wp-block-buttons is-layout-flex wp-block-buttons-is-layout-flex\">\n<div class=\"wp-block-button\"><a class=\"wp-block-button__link has-background no-border-radius\" href=\"https:\/\/holaveganc1dev.wpenginepowered.com\/curso-lacteos-1\/\" style=\"background-color:#252525\" target=\"_blank\" rel=\"noreferrer noopener\">Ver m\u00e1s<\/a><\/div>\n<\/div>\n\n\n\n\n<\/div><\/div>\n<\/div><\/div>\n\n\n\n<div class=\"wp-block-genesis-blocks-gb-column gb-block-layout-column\"><div class=\"gb-block-layout-column-inner\">\n\n<\/div><\/div>\n<\/div><\/div>\n<\/div>\n<\/div>\n\n\n\n\n<\/div><\/div>\n<\/div><\/div>\n<\/div><\/div>\n\n\n\n<div class=\"wp-block-genesis-blocks-gb-columns gb-layout-latest-news gb-layout-columns-1 one-column alignfull\"><div class=\"gb-layout-column-wrap gb-block-layout-column-gap-2 gb-is-responsive-column\">\n<div class=\"wp-block-genesis-blocks-gb-column gb-block-layout-column\"><div class=\"gb-block-layout-column-inner\">\n\n<\/div><\/div>\n<\/div><\/div>","protected":false},"excerpt":{"rendered":"<p>Conoc\u00e9 los cursos que tenemos disponibles Eleg\u00ed uno de nuestros cursos para conocer sus contenidos.<\/p>","protected":false},"author":3,"featured_media":0,"parent":0,"menu_order":0,"comment_status":"closed","ping_status":"closed","template":"templates\/page-landing.php","meta":{"wprm-recipe-roundup-name":"","wprm-recipe-roundup-description":"","tinysalt_hide_before_page_content_ad":"","tinysalt_hide_after_page_content_ad":"","tinysalt_hide_page_header":"","tinysalt_advanced_classname":"","tinysalt_page_featured_media_position":"","tinysalt_single_site_header_source":"","tinysalt_single_custom_site_header":"0","tinysalt_single_custom_sticky_site_header":"0","tinysalt_single_custom_sticky_site_header_style":"sticky-scroll-up","tinysalt_single_site_footer_source":"","tinysalt_single_custom_site_footer":"0","footnotes":""},"class_list":["post-7018","page","type-page","status-publish","hentry"],"yoast_head":"<!-- This site is optimized with the Yoast SEO plugin v27.4 - https:\/\/yoast.com\/product\/yoast-seo-wordpress\/ -->\n<title>CURSOS ON DEMAND - Hola Vegan<\/title>\n<meta name=\"description\" content=\"Cursos de cocina vegana en formato on-demand. Para hacer desde donde est\u00e9s y mirar las veces que quieras porque el acceso es ilimitado.\" \/>\n<meta name=\"robots\" content=\"noindex, follow, max-snippet:-1, max-image-preview:large, max-video-preview:-1\" \/>\n<meta property=\"og:locale\" content=\"en_US\" \/>\n<meta property=\"og:type\" content=\"article\" \/>\n<meta property=\"og:title\" content=\"CURSOS ON DEMAND - Hola Vegan\" \/>\n<meta property=\"og:description\" content=\"Cursos de cocina vegana en formato on-demand. Para hacer desde donde est\u00e9s y mirar las veces que quieras porque el acceso es ilimitado.\" \/>\n<meta property=\"og:url\" content=\"https:\/\/holavegan.com\/en\/cursos-on-demand\/\" \/>\n<meta property=\"og:site_name\" content=\"Hola Vegan\" \/>\n<meta name=\"twitter:card\" content=\"summary_large_image\" \/>\n<meta name=\"twitter:label1\" content=\"Est. reading time\" \/>\n\t<meta name=\"twitter:data1\" content=\"1 minute\" \/>\n<script type=\"application\/ld+json\" class=\"yoast-schema-graph\">{\"@context\":\"https:\\\/\\\/schema.org\",\"@graph\":[{\"@type\":\"WebPage\",\"@id\":\"https:\\\/\\\/holavegan.com\\\/cursos-on-demand\\\/\",\"url\":\"https:\\\/\\\/holavegan.com\\\/cursos-on-demand\\\/\",\"name\":\"CURSOS ON DEMAND - Hola Vegan\",\"isPartOf\":{\"@id\":\"https:\\\/\\\/holavegan.com\\\/en\\\/#website\"},\"datePublished\":\"2021-06-23T04:17:59+00:00\",\"description\":\"Cursos de cocina vegana en formato on-demand. Para hacer desde donde est\u00e9s y mirar las veces que quieras porque el acceso es ilimitado.\",\"breadcrumb\":{\"@id\":\"https:\\\/\\\/holavegan.com\\\/cursos-on-demand\\\/#breadcrumb\"},\"inLanguage\":\"en-US\",\"potentialAction\":[{\"@type\":\"ReadAction\",\"target\":[\"https:\\\/\\\/holavegan.com\\\/cursos-on-demand\\\/\"]}]},{\"@type\":\"BreadcrumbList\",\"@id\":\"https:\\\/\\\/holavegan.com\\\/cursos-on-demand\\\/#breadcrumb\",\"itemListElement\":[{\"@type\":\"ListItem\",\"position\":1,\"name\":\"Home\",\"item\":\"https:\\\/\\\/holavegan.com\\\/en\\\/\"},{\"@type\":\"ListItem\",\"position\":2,\"name\":\"CURSOS ON DEMAND\"}]},{\"@type\":\"WebSite\",\"@id\":\"https:\\\/\\\/holavegan.com\\\/en\\\/#website\",\"url\":\"https:\\\/\\\/holavegan.com\\\/en\\\/\",\"name\":\"Hola Vegan\",\"description\":\"Un blog de las Veganas Hermanas\",\"publisher\":{\"@id\":\"https:\\\/\\\/holavegan.com\\\/en\\\/#organization\"},\"potentialAction\":[{\"@type\":\"SearchAction\",\"target\":{\"@type\":\"EntryPoint\",\"urlTemplate\":\"https:\\\/\\\/holavegan.com\\\/en\\\/?s={search_term_string}\"},\"query-input\":{\"@type\":\"PropertyValueSpecification\",\"valueRequired\":true,\"valueName\":\"search_term_string\"}}],\"inLanguage\":\"en-US\"},{\"@type\":\"Organization\",\"@id\":\"https:\\\/\\\/holavegan.com\\\/en\\\/#organization\",\"name\":\"Hola Vegan\",\"url\":\"https:\\\/\\\/holavegan.com\\\/en\\\/\",\"logo\":{\"@type\":\"ImageObject\",\"inLanguage\":\"en-US\",\"@id\":\"https:\\\/\\\/holavegan.com\\\/en\\\/#\\\/schema\\\/logo\\\/image\\\/\",\"url\":\"https:\\\/\\\/holavegan.com\\\/wp-content\\\/uploads\\\/2023\\\/03\\\/cropped-logo-h@2x-1-2.png\",\"contentUrl\":\"https:\\\/\\\/holavegan.com\\\/wp-content\\\/uploads\\\/2023\\\/03\\\/cropped-logo-h@2x-1-2.png\",\"width\":700,\"height\":200,\"caption\":\"Hola Vegan\"},\"image\":{\"@id\":\"https:\\\/\\\/holavegan.com\\\/en\\\/#\\\/schema\\\/logo\\\/image\\\/\"}}]}<\/script>\n<!-- \/ Yoast SEO plugin. -->","yoast_head_json":{"title":"CURSOS ON DEMAND - Hola Vegan","description":"Cursos de cocina vegana en formato on-demand. Para hacer desde donde est\u00e9s y mirar las veces que quieras porque el acceso es ilimitado.","robots":{"index":"noindex","follow":"follow","max-snippet":"max-snippet:-1","max-image-preview":"max-image-preview:large","max-video-preview":"max-video-preview:-1"},"og_locale":"en_US","og_type":"article","og_title":"CURSOS ON DEMAND - Hola Vegan","og_description":"Cursos de cocina vegana en formato on-demand. Para hacer desde donde est\u00e9s y mirar las veces que quieras porque el acceso es ilimitado.","og_url":"https:\/\/holavegan.com\/en\/cursos-on-demand\/","og_site_name":"Hola Vegan","twitter_card":"summary_large_image","twitter_misc":{"Est. reading time":"1 minute"},"schema":{"@context":"https:\/\/schema.org","@graph":[{"@type":"WebPage","@id":"https:\/\/holavegan.com\/cursos-on-demand\/","url":"https:\/\/holavegan.com\/cursos-on-demand\/","name":"CURSOS ON DEMAND - Hola Vegan","isPartOf":{"@id":"https:\/\/holavegan.com\/en\/#website"},"datePublished":"2021-06-23T04:17:59+00:00","description":"Cursos de cocina vegana en formato on-demand. Para hacer desde donde est\u00e9s y mirar las veces que quieras porque el acceso es ilimitado.","breadcrumb":{"@id":"https:\/\/holavegan.com\/cursos-on-demand\/#breadcrumb"},"inLanguage":"en-US","potentialAction":[{"@type":"ReadAction","target":["https:\/\/holavegan.com\/cursos-on-demand\/"]}]},{"@type":"BreadcrumbList","@id":"https:\/\/holavegan.com\/cursos-on-demand\/#breadcrumb","itemListElement":[{"@type":"ListItem","position":1,"name":"Home","item":"https:\/\/holavegan.com\/en\/"},{"@type":"ListItem","position":2,"name":"CURSOS ON DEMAND"}]},{"@type":"WebSite","@id":"https:\/\/holavegan.com\/en\/#website","url":"https:\/\/holavegan.com\/en\/","name":"Hello Vegan","description":"Un blog de las Veganas Hermanas","publisher":{"@id":"https:\/\/holavegan.com\/en\/#organization"},"potentialAction":[{"@type":"SearchAction","target":{"@type":"EntryPoint","urlTemplate":"https:\/\/holavegan.com\/en\/?s={search_term_string}"},"query-input":{"@type":"PropertyValueSpecification","valueRequired":true,"valueName":"search_term_string"}}],"inLanguage":"en-US"},{"@type":"Organization","@id":"https:\/\/holavegan.com\/en\/#organization","name":"Hello Vegan","url":"https:\/\/holavegan.com\/en\/","logo":{"@type":"ImageObject","inLanguage":"en-US","@id":"https:\/\/holavegan.com\/en\/#\/schema\/logo\/image\/","url":"https:\/\/holavegan.com\/wp-content\/uploads\/2023\/03\/cropped-logo-h@2x-1-2.png","contentUrl":"https:\/\/holavegan.com\/wp-content\/uploads\/2023\/03\/cropped-logo-h@2x-1-2.png","width":700,"height":200,"caption":"Hola Vegan"},"image":{"@id":"https:\/\/holavegan.com\/en\/#\/schema\/logo\/image\/"}}]}},"featured_image_src":null,"featured_image_src_square":null,"_links":{"self":[{"href":"https:\/\/holavegan.com\/en\/wp-json\/wp\/v2\/pages\/7018","targetHints":{"allow":["GET"]}}],"collection":[{"href":"https:\/\/holavegan.com\/en\/wp-json\/wp\/v2\/pages"}],"about":[{"href":"https:\/\/holavegan.com\/en\/wp-json\/wp\/v2\/types\/page"}],"author":[{"embeddable":true,"href":"https:\/\/holavegan.com\/en\/wp-json\/wp\/v2\/users\/3"}],"replies":[{"embeddable":true,"href":"https:\/\/holavegan.com\/en\/wp-json\/wp\/v2\/comments?post=7018"}],"version-history":[{"count":0,"href":"https:\/\/holavegan.com\/en\/wp-json\/wp\/v2\/pages\/7018\/revisions"}],"wp:attachment":[{"href":"https:\/\/holavegan.com\/en\/wp-json\/wp\/v2\/media?parent=7018"}],"curies":[{"name":"wp","href":"https:\/\/api.w.org\/{rel}","templated":true}]}}