{"id":7218,"date":"2021-09-01T19:26:13","date_gmt":"2021-09-01T22:26:13","guid":{"rendered":"https:\/\/holavegan.com\/?page_id=7218"},"modified":"2021-09-01T19:26:13","modified_gmt":"2021-09-01T22:26:13","slug":"curso-de-carnes-vegetales-sin-gluten","status":"publish","type":"page","link":"https:\/\/holavegan.com\/en\/curso-de-carnes-vegetales-sin-gluten\/","title":{"rendered":"Curso de Carnes Vegetales sin gluten"},"content":{"rendered":"<div class=\"wp-block-genesis-blocks-gb-columns gb-layout-service-4 gb-layout-columns-2 gb-2-col-equal gb-columns-center alignfull\" style=\"padding-top:5%;padding-right:5%;padding-bottom:5%;padding-left:5%\"><div class=\"gb-layout-column-wrap gb-block-layout-column-gap-6 gb-is-responsive-column\" style=\"max-width:1200px\">\n<div class=\"wp-block-genesis-blocks-gb-column gb-block-layout-column\"><div class=\"gb-block-layout-column-inner\">\n<h2 class=\"wp-block-heading\">ON-DEMAND<\/h2>\n\n\n\n<p><strong>Presentamos nuestro Curso de Carnes Vegetales sin gluten.<\/strong><\/p>\n\n\n\n<p>Este curso completo de Carnes Vegetales SIN GLUTEN incluye 10 recetas en video y&nbsp;pdf&nbsp;con fotos, consejos y tips.<br \/>Podr\u00e1s acceder al contenido del curso cuando quieras y hacerlo a tu ritmo.<\/p>\n\n\n\n<p>Al completar las 10 clases, recibir\u00e1s un certificado de finalizaci\u00f3n de curso.<\/p>\n\n\n\n<div style=\"color:#ddd\" class=\"wp-block-genesis-blocks-gb-spacer gb-block-spacer gb-divider-solid gb-spacer-divider gb-divider-size-1\"><hr style=\"height:30px\"\/><\/div>\n\n\n\n<h3 class=\"wp-block-heading\">10 recetas en video<\/h3>\n\n\n\n<p>Aprender\u00e1s a preparar 10 recetas de carnes vegetales a base de legumbres, semillas, cereales, vegetales y hongos.<\/p>\n\n\n\n<ol class=\"wp-block-list\">\n<li><strong>Alb\u00f3ndigas<\/strong>, a base de soja texturizada, ideales para hacer fritas o en salsa.<\/li>\n\n\n\n<li><strong>Bondiola<\/strong>, a base de porotos y arveja texturizada, genial para cortar en fetas y hacer sanguchitos!<\/li>\n\n\n\n<li><strong>Carne picada<\/strong>,&nbsp;a base de coliflor y nuez, perfecta para relleno de empanadas, tacos y salsa bolo\u00f1esa.<\/li>\n\n\n\n<li><strong>Chinchulines<\/strong>, a base de tofu y hongos, geniales para llevar a los asados.<\/li>\n\n\n\n<li><strong>Chorizos<\/strong>,&nbsp;a base de soja texturizada y prote\u00edna de arveja, incre\u00edblemente carnosos y deliciosos.<\/li>\n\n\n\n<li><strong>Hamburgers<\/strong>,&nbsp;a base de una espectacular mezcla de hongos, nueces, arroz y lentejas.<\/li>\n\n\n\n<li><strong>Mollejas<\/strong>, a base de tofu, tiernas y sabrosas.<\/li>\n\n\n\n<li><strong>Patas de pollo<\/strong>, a base de hongos y papel de arroz, quedan incre\u00edbles!&nbsp;<\/li>\n\n\n\n<li><strong>Peceto<\/strong>, a base de tofu, para hacer churrasquitos, milanesas o matambrito.<\/li>\n\n\n\n<li><strong>Salchichas<\/strong> a base de arroz y garbanzo, la comida chatarra, nunca fue tan nutritiva!<\/li>\n<\/ol>\n\n\n\n<h3 class=\"wp-block-heading\">\u00a1Incluye un recetario con<br \/>10 recetas + tips!<\/h3>\n\n\n\n<hr class=\"wp-block-separator has-css-opacity\"\/>\n\n\n\n<h5 class=\"wp-block-heading\">Para Argentina<\/h5>\n\n\n\n<div class=\"wp-block-genesis-blocks-gb-pricing gb-pricing-columns-1\"><div class=\"gb-pricing-table-wrap gb-block-pricing-table-gap-2\">\n<div class=\"wp-block-genesis-blocks-gb-pricing-table gb-block-pricing-table-center gb-block-pricing-table\" itemscope itemtype=\"http:\/\/schema.org\/Product\"><div class=\"gb-block-pricing-table-inside\" style=\"border-width:2px;border-style:solid\">\n<div class=\"wp-block-genesis-blocks-gb-pricing-table-subtitle gb-pricing-table-subtitle\" style=\"font-size:20px;padding-top:10px;padding-right:20px;padding-bottom:10px;padding-left:20px\">Valor del curso + recetario digital<\/div>\n\n\n\n<div class=\"wp-block-genesis-blocks-gb-pricing-table-price gb-pricing-table-price-wrap gb-pricing-has-currency\" style=\"padding-top:10px;padding-right:20px;padding-bottom:10px;padding-left:20px\"><div itemprop=\"offers\" itemscope itemtype=\"http:\/\/schema.org\/Offer\"><span itemprop=\"priceCurrency\" class=\"gb-pricing-table-currency\" style=\"font-size:16px\">AR$<\/span><div itemprop=\"price\" class=\"gb-pricing-table-price\" style=\"font-size:40px\">4200<\/div><\/div><\/div>\n\n\n\n<p>A trav\u00e9s de Mercado Pago.<\/p>\n<\/div><\/div>\n<\/div><\/div>\n\n\n\n<div style=\"height:20px\" aria-hidden=\"true\" class=\"wp-block-spacer\"><\/div>\n\n\n\n<h5 class=\"wp-block-heading\">Para el resto del mundo<\/h5>\n\n\n\n<div class=\"wp-block-group\"><div class=\"wp-block-group__inner-container is-layout-flow wp-block-group-is-layout-flow\">\n<div class=\"wp-block-genesis-blocks-gb-pricing gb-pricing-columns-1\"><div class=\"gb-pricing-table-wrap gb-block-pricing-table-gap-2\">\n<div class=\"wp-block-genesis-blocks-gb-pricing-table gb-block-pricing-table-center gb-block-pricing-table\" itemscope itemtype=\"http:\/\/schema.org\/Product\"><div class=\"gb-block-pricing-table-inside\" style=\"border-width:2px;border-style:solid\">\n<div class=\"wp-block-genesis-blocks-gb-pricing-table-subtitle gb-pricing-table-subtitle\" style=\"font-size:20px;padding-top:10px;padding-right:20px;padding-bottom:10px;padding-left:20px\">Valor del curso + recetario digital<\/div>\n\n\n\n<div class=\"wp-block-genesis-blocks-gb-pricing-table-price gb-pricing-table-price-wrap gb-pricing-has-currency\" style=\"padding-top:10px;padding-right:20px;padding-bottom:10px;padding-left:20px\"><div itemprop=\"offers\" itemscope itemtype=\"http:\/\/schema.org\/Offer\"><span itemprop=\"priceCurrency\" class=\"gb-pricing-table-currency\" style=\"font-size:16px\">USD$<\/span><div itemprop=\"price\" class=\"gb-pricing-table-price\" style=\"font-size:40px\">20<\/div><span class=\"gb-pricing-table-term\" style=\"font-size:16px\">00<\/span><\/div><\/div>\n\n\n\n<p>A trav\u00e9s de PayPal.<\/p>\n<\/div><\/div>\n<\/div><\/div>\n\n\n\n<h5 class=\"wp-block-heading\">Para inscribirte, hac\u00e9 clic en el siguiente bot\u00f3n<\/h5>\n\n\n\n<div class=\"wp-block-buttons is-layout-flex wp-block-buttons-is-layout-flex\">\n<div class=\"wp-block-button\"><a class=\"wp-block-button__link has-background no-border-radius wp-element-button\" href=\"https:\/\/holavegan.tiendup.com\/curso\/curso-de-carnes-vegetales-sin-gluten\" style=\"background-color:#252525\" target=\"_blank\" rel=\"noreferrer noopener\">Inscribirme ahora<\/a><\/div>\n<\/div>\n\n\n\n\n<\/div><\/div>\n\n\n\n<div style=\"height:32px\" aria-hidden=\"true\" class=\"wp-block-spacer\"><\/div>\n\n\n\n<hr class=\"wp-block-separator has-css-opacity\"\/>\n\n\n\n<div style=\"height:23px\" aria-hidden=\"true\" class=\"wp-block-spacer\"><\/div>\n\n\n<div class=\"wp-block-image\">\n<figure class=\"aligncenter size-full\"><a href=\"https:\/\/holaveganc1dev.wpenginepowered.com\/wp-content\/uploads\/2021\/09\/fotos-PAG_0011_IMG_6999.png\"><img decoding=\"async\" src=\"https:\/\/holaveganc1dev.wpenginepowered.com\/wp-content\/uploads\/2021\/09\/fotos-PAG_0011_IMG_6999.png\" alt=\"\" class=\"wp-image-7236\"\/><\/a><\/figure>\n<\/div><\/div><\/div>\n\n\n\n<div class=\"wp-block-genesis-blocks-gb-column gb-block-layout-column\"><div class=\"gb-block-layout-column-inner\"><div class=\"wp-block-image\">\n<figure class=\"aligncenter size-full\"><a href=\"https:\/\/holaveganc1dev.wpenginepowered.com\/wp-content\/uploads\/2021\/09\/CURSO-CARNES.png\"><img decoding=\"async\" src=\"https:\/\/holaveganc1dev.wpenginepowered.com\/wp-content\/uploads\/2021\/09\/CURSO-CARNES.png\" alt=\"\" class=\"wp-image-7237\"\/><\/a><\/figure>\n<\/div>\n\n\n<figure class=\"wp-block-gallery has-nested-images columns-3 is-cropped wp-block-gallery-1 is-layout-flex wp-block-gallery-is-layout-flex\">\n<figure class=\"wp-block-image size-large\"><img decoding=\"async\" data-id=\"7219\" src=\"https:\/\/holaveganc1dev.wpenginepowered.com\/wp-content\/uploads\/2021\/09\/fotos-CUAD_0000_IMG_7061.png\" alt=\"\" class=\"wp-image-7219\"\/><\/figure>\n\n\n\n<figure class=\"wp-block-image size-large\"><img decoding=\"async\" data-id=\"7220\" src=\"https:\/\/holaveganc1dev.wpenginepowered.com\/wp-content\/uploads\/2021\/09\/fotos-CUAD_0001_IMG_7058.png\" alt=\"\" class=\"wp-image-7220\"\/><\/figure>\n\n\n\n<figure class=\"wp-block-image size-large\"><img decoding=\"async\" data-id=\"7221\" src=\"https:\/\/holaveganc1dev.wpenginepowered.com\/wp-content\/uploads\/2021\/09\/fotos-CUAD_0002_IMG_6176.png\" alt=\"\" class=\"wp-image-7221\"\/><\/figure>\n\n\n\n<figure class=\"wp-block-image size-large\"><img decoding=\"async\" data-id=\"7222\" src=\"https:\/\/holaveganc1dev.wpenginepowered.com\/wp-content\/uploads\/2021\/09\/fotos-CUAD_0003_IMG_7051.png\" alt=\"\" class=\"wp-image-7222\"\/><\/figure>\n\n\n\n<figure class=\"wp-block-image size-large\"><img decoding=\"async\" data-id=\"7223\" src=\"https:\/\/holaveganc1dev.wpenginepowered.com\/wp-content\/uploads\/2021\/09\/fotos-CUAD_0004_IMG_7041.png\" alt=\"\" class=\"wp-image-7223\"\/><\/figure>\n\n\n\n<figure class=\"wp-block-image size-large\"><img decoding=\"async\" data-id=\"7224\" src=\"https:\/\/holaveganc1dev.wpenginepowered.com\/wp-content\/uploads\/2021\/09\/fotos-CUAD_0005_IMG_7036.png\" alt=\"\" class=\"wp-image-7224\"\/><\/figure>\n\n\n\n<figure class=\"wp-block-image size-large\"><img decoding=\"async\" data-id=\"7227\" src=\"https:\/\/holaveganc1dev.wpenginepowered.com\/wp-content\/uploads\/2021\/09\/fotos-CUAD_0007_IMG_7025.png\" alt=\"\" class=\"wp-image-7227\"\/><\/figure>\n\n\n\n<figure class=\"wp-block-image size-large\"><img decoding=\"async\" data-id=\"7228\" src=\"https:\/\/holaveganc1dev.wpenginepowered.com\/wp-content\/uploads\/2021\/09\/fotos-CUAD_0006_IMG_7035.png\" alt=\"\" class=\"wp-image-7228\"\/><\/figure>\n\n\n\n<figure class=\"wp-block-image size-large\"><img decoding=\"async\" data-id=\"7229\" src=\"https:\/\/holaveganc1dev.wpenginepowered.com\/wp-content\/uploads\/2021\/09\/fotos-CUAD_0008_IMG_7019.png\" alt=\"\" class=\"wp-image-7229\"\/><\/figure>\n\n\n\n<figure class=\"wp-block-image size-large\"><img decoding=\"async\" data-id=\"7225\" src=\"https:\/\/holaveganc1dev.wpenginepowered.com\/wp-content\/uploads\/2021\/09\/fotos-CUAD_0011_IMG_6999.png\" alt=\"\" class=\"wp-image-7225\"\/><\/figure>\n\n\n\n<figure class=\"wp-block-image size-large\"><img decoding=\"async\" data-id=\"7226\" src=\"https:\/\/holaveganc1dev.wpenginepowered.com\/wp-content\/uploads\/2021\/09\/fotos-CUAD_0010_IMG_7005.png\" alt=\"\" class=\"wp-image-7226\"\/><\/figure>\n<\/figure>\n\n\n\n<h4 class=\"wp-block-heading\">\u00bfPOR QU\u00c9 IMITAMOS LA CARNE?<\/h4>\n\n\n\n<p>En primer lugar porque no nacimos veganas. Nacimos en \u201cel pa\u00eds de la carne\u201d, nuestro abuelo materno era carnicero y nuestro abuelo paterno criaba gallinas. En las reuniones familiares siempre hab\u00eda asado y pollo a la parrilla, o milanesas de peceto con pur\u00e9, o estofado con carne y salchicha acompa\u00f1ando unos fideos caseros. Nos criamos comiendo carne y dando por sentado que eso estaba bien, nos hicieron creer que nuestro cuerpo la necesitaba y por supuesto nadie nos mostr\u00f3 nunca abiertamente c\u00f3mo esas carnes llegaban a nuestros platos. Si dejamos de comer \u201cproductos\u201d animales, no fue porque dejara de gustarnos su sabor, sino porque entendimos lo que conlleva producirlos.<\/p>\n\n\n\n<p>Porque lo que llamamos \u201ccarne\u201d no es m\u00e1s que un trozo de cad\u00e1ver de animal. Porque para satisfacer un momento de placer, nos cargamos la vida de seres inocentes. Porque la mayor\u00eda de las carnes se producen en granjas industriales donde los animales viven en cautiverio, hacinados y consumiendo granos, alterando todas las leyes naturales posibles y, por tanto, est\u00e1n medicados y vacunados hasta el hartazgo (a fin de evitar las zoonosis, siempre y cuando las puedan evitar: Hola CORONAVIRUS!). Adem\u00e1s de que estos animales son inseminados sistem\u00e1ticamente para aumentar su producci\u00f3n y son asesinados a una corta edad de vida y de manera cruel (aunque este punto es redundante porque no creemos que se pueda causar intencionalmente la muerte a un ser sin crueldad mediante). Porque no hay modo de que consumir esas carnes le haga un bien a nuestro organismo -ni f\u00edsica, ni espiritualmente- por el contrario, lo predispone a contraer m\u00e1s enfermedades. Porque no nos alcanza el planeta para sostener los niveles de consumo de productos animales que se dan actualmente en pa\u00edses como el nuestro y no nos queda mucho m\u00e1s tiempo como para estar dilatando el cambio.<\/p>\n\n\n\n<p>Porque creemos que los platos que m\u00e1s y mejor nos alimentan no son s\u00f3lo los completos a nivel nutricional, sino aquellos que nos conectan con lo que somos, con nuestra historia, pero tambi\u00e9n con nuestro entorno. Aquellos respetuosos con el planeta y con los seres sintientes que lo habitan. Esos platos que son tambi\u00e9n alimento para el coraz\u00f3n.<\/p>\n<\/div><\/div>\n<\/div><\/div>\n\n\n\n<figure class=\"wp-block-gallery alignwide has-nested-images columns-2 is-cropped wp-block-gallery-2 is-layout-flex wp-block-gallery-is-layout-flex\">\n<figure class=\"wp-block-image size-large\"><a href=\"https:\/\/holaveganc1dev.wpenginepowered.com\/wp-content\/uploads\/2021\/09\/fotos-PAG_0010_IMG_7005.png\"><img decoding=\"async\" data-id=\"7230\" src=\"https:\/\/holaveganc1dev.wpenginepowered.com\/wp-content\/uploads\/2021\/09\/fotos-PAG_0010_IMG_7005.png\" alt=\"\" class=\"wp-image-7230\"\/><\/a><\/figure>\n\n\n\n<figure class=\"wp-block-image size-large\"><a href=\"https:\/\/holaveganc1dev.wpenginepowered.com\/wp-content\/uploads\/2021\/09\/fotos-PAG_0003_IMG_7051.png\"><img decoding=\"async\" data-id=\"7231\" src=\"https:\/\/holaveganc1dev.wpenginepowered.com\/wp-content\/uploads\/2021\/09\/fotos-PAG_0003_IMG_7051.png\" alt=\"\" class=\"wp-image-7231\"\/><\/a><\/figure>\n\n\n\n<figure class=\"wp-block-image size-large\"><a href=\"https:\/\/holaveganc1dev.wpenginepowered.com\/wp-content\/uploads\/2021\/09\/fotos-PAG_0001_IMG_7058.png\"><img decoding=\"async\" data-id=\"7232\" src=\"https:\/\/holaveganc1dev.wpenginepowered.com\/wp-content\/uploads\/2021\/09\/fotos-PAG_0001_IMG_7058.png\" alt=\"\" class=\"wp-image-7232\"\/><\/a><\/figure>\n\n\n\n<figure class=\"wp-block-image size-large\"><a href=\"https:\/\/holaveganc1dev.wpenginepowered.com\/wp-content\/uploads\/2021\/09\/fotos-PAG_0004_IMG_7041.png\"><img decoding=\"async\" data-id=\"7233\" src=\"https:\/\/holaveganc1dev.wpenginepowered.com\/wp-content\/uploads\/2021\/09\/fotos-PAG_0004_IMG_7041.png\" alt=\"\" class=\"wp-image-7233\"\/><\/a><\/figure>\n<\/figure>\n\n\n\n<figure class=\"wp-block-gallery alignwide has-nested-images columns-3 is-cropped wp-block-gallery-3 is-layout-flex wp-block-gallery-is-layout-flex\">\n<figure class=\"wp-block-image size-large\"><a href=\"https:\/\/holaveganc1dev.wpenginepowered.com\/wp-content\/uploads\/2021\/09\/fotos-PAG_0005_IMG_7036.png\"><img decoding=\"async\" data-id=\"7234\" src=\"https:\/\/holaveganc1dev.wpenginepowered.com\/wp-content\/uploads\/2021\/09\/fotos-PAG_0005_IMG_7036.png\" alt=\"\" class=\"wp-image-7234\"\/><\/a><\/figure>\n\n\n\n<figure class=\"wp-block-image size-large\"><a href=\"https:\/\/holaveganc1dev.wpenginepowered.com\/wp-content\/uploads\/2021\/09\/fotos-PAG_0007_IMG_7025.png\"><img decoding=\"async\" data-id=\"7235\" src=\"https:\/\/holaveganc1dev.wpenginepowered.com\/wp-content\/uploads\/2021\/09\/fotos-PAG_0007_IMG_7025.png\" alt=\"\" class=\"wp-image-7235\"\/><\/a><\/figure>\n\n\n\n<figure class=\"wp-block-image size-large\"><a href=\"https:\/\/holaveganc1dev.wpenginepowered.com\/wp-content\/uploads\/2021\/09\/fotos-PAG_0011_IMG_6999.png\"><img decoding=\"async\" data-id=\"7236\" src=\"https:\/\/holaveganc1dev.wpenginepowered.com\/wp-content\/uploads\/2021\/09\/fotos-PAG_0011_IMG_6999.png\" alt=\"\" class=\"wp-image-7236\"\/><\/a><\/figure>\n<\/figure>\n\n\n\n\n\n\n\n<div class=\"wp-block-genesis-blocks-gb-columns gb-layout-columns-2 gb-2-col-equal\"><div class=\"gb-layout-column-wrap gb-block-layout-column-gap-2 gb-is-responsive-column\">\n<div class=\"wp-block-genesis-blocks-gb-column gb-block-layout-column\"><div class=\"gb-block-layout-column-inner\">\n\n<\/div><\/div>\n\n\n\n<div class=\"wp-block-genesis-blocks-gb-column gb-block-layout-column\"><div class=\"gb-block-layout-column-inner\">\n\n<\/div><\/div>\n<\/div><\/div>\n\n\n\n<div class=\"wp-block-genesis-blocks-gb-columns gb-layout-columns-1 one-column\"><div class=\"gb-layout-column-wrap gb-block-layout-column-gap-2 gb-is-responsive-column\">\n<div class=\"wp-block-genesis-blocks-gb-column gb-block-layout-column\"><div class=\"gb-block-layout-column-inner\">\n<p>En nuestras clases cocinamos con sistemas de cocci\u00f3n <a rel=\"noreferrer noopener\" href=\"https:\/\/www.instagram.com\/mihogarcuisine\/\" target=\"_blank\">Mi Hogar Cuisine<\/a><br \/>Aprovech\u00e1 un descuento y regalo especial nombrando a <strong>Hello Vegan<\/strong><\/p>\n\n\n\n<p>Compramos nuestros ingredientes en <a rel=\"noreferrer noopener\" href=\"https:\/\/tienda.vitalcer.com\/\" target=\"_blank\">Tiendas Vitalcer<\/a><br \/>Aprovech\u00e1 vos tambi\u00e9n el <strong>10%<\/strong> de descuento con el c\u00f3digo <strong>holavegan<\/strong><\/p>\n<\/div><\/div>\n<\/div><\/div>","protected":false},"excerpt":{"rendered":"","protected":false},"author":3,"featured_media":7237,"parent":0,"menu_order":0,"comment_status":"closed","ping_status":"closed","template":"templates\/page-landing.php","meta":{"wprm-recipe-roundup-name":"","wprm-recipe-roundup-description":"","tinysalt_hide_before_page_content_ad":"","tinysalt_hide_after_page_content_ad":"","tinysalt_hide_page_header":"","tinysalt_advanced_classname":"","tinysalt_page_featured_media_position":"","tinysalt_single_site_header_source":"","tinysalt_single_custom_site_header":"0","tinysalt_single_custom_sticky_site_header":"0","tinysalt_single_custom_sticky_site_header_style":"sticky-scroll-up","tinysalt_single_site_footer_source":"","tinysalt_single_custom_site_footer":"0","footnotes":""},"class_list":["post-7218","page","type-page","status-publish","has-post-thumbnail","hentry"],"yoast_head":"<!-- This site is optimized with the Yoast SEO plugin v27.4 - https:\/\/yoast.com\/product\/yoast-seo-wordpress\/ -->\n<title>Curso de Carnes Vegetales sin gluten - Hola Vegan<\/title>\n<meta name=\"description\" content=\"Todo tipo de carnes, en versi\u00f3n 100% vegetal y libre de gluten. Matambre, milanesas, salchichas, achuras, carne picada, &quot;pollo&quot; y mucho m\u00e1s!\" \/>\n<meta name=\"robots\" content=\"noindex, follow, max-snippet:-1, max-image-preview:large, max-video-preview:-1\" \/>\n<meta property=\"og:locale\" content=\"en_US\" \/>\n<meta property=\"og:type\" content=\"article\" \/>\n<meta property=\"og:title\" content=\"Curso de Carnes Vegetales sin gluten - Hola Vegan\" \/>\n<meta property=\"og:description\" content=\"Todo tipo de carnes, en versi\u00f3n 100% vegetal y libre de gluten. Matambre, milanesas, salchichas, achuras, carne picada, &quot;pollo&quot; y mucho m\u00e1s!\" \/>\n<meta property=\"og:url\" content=\"https:\/\/holavegan.com\/en\/curso-de-carnes-vegetales-sin-gluten\/\" \/>\n<meta property=\"og:site_name\" content=\"Hola Vegan\" \/>\n<meta name=\"twitter:card\" content=\"summary_large_image\" \/>\n<meta name=\"twitter:label1\" content=\"Est. reading time\" \/>\n\t<meta name=\"twitter:data1\" content=\"8 minutes\" \/>\n<script type=\"application\/ld+json\" class=\"yoast-schema-graph\">{\"@context\":\"https:\\\/\\\/schema.org\",\"@graph\":[{\"@type\":\"WebPage\",\"@id\":\"https:\\\/\\\/holavegan.com\\\/curso-de-carnes-vegetales-sin-gluten\\\/\",\"url\":\"https:\\\/\\\/holavegan.com\\\/curso-de-carnes-vegetales-sin-gluten\\\/\",\"name\":\"Curso de Carnes Vegetales sin gluten - Hola Vegan\",\"isPartOf\":{\"@id\":\"https:\\\/\\\/holavegan.com\\\/en\\\/#website\"},\"primaryImageOfPage\":{\"@id\":\"https:\\\/\\\/holavegan.com\\\/curso-de-carnes-vegetales-sin-gluten\\\/#primaryimage\"},\"image\":{\"@id\":\"https:\\\/\\\/holavegan.com\\\/curso-de-carnes-vegetales-sin-gluten\\\/#primaryimage\"},\"thumbnailUrl\":\"\",\"datePublished\":\"2021-09-01T22:26:13+00:00\",\"description\":\"Todo tipo de carnes, en versi\u00f3n 100% vegetal y libre de gluten. Matambre, milanesas, salchichas, achuras, carne picada, \\\"pollo\\\" y mucho m\u00e1s!\",\"breadcrumb\":{\"@id\":\"https:\\\/\\\/holavegan.com\\\/curso-de-carnes-vegetales-sin-gluten\\\/#breadcrumb\"},\"inLanguage\":\"en-US\",\"potentialAction\":[{\"@type\":\"ReadAction\",\"target\":[\"https:\\\/\\\/holavegan.com\\\/curso-de-carnes-vegetales-sin-gluten\\\/\"]}]},{\"@type\":\"ImageObject\",\"inLanguage\":\"en-US\",\"@id\":\"https:\\\/\\\/holavegan.com\\\/curso-de-carnes-vegetales-sin-gluten\\\/#primaryimage\",\"url\":\"\",\"contentUrl\":\"\"},{\"@type\":\"BreadcrumbList\",\"@id\":\"https:\\\/\\\/holavegan.com\\\/curso-de-carnes-vegetales-sin-gluten\\\/#breadcrumb\",\"itemListElement\":[{\"@type\":\"ListItem\",\"position\":1,\"name\":\"Home\",\"item\":\"https:\\\/\\\/holavegan.com\\\/en\\\/\"},{\"@type\":\"ListItem\",\"position\":2,\"name\":\"Curso de Carnes Vegetales sin gluten\"}]},{\"@type\":\"WebSite\",\"@id\":\"https:\\\/\\\/holavegan.com\\\/en\\\/#website\",\"url\":\"https:\\\/\\\/holavegan.com\\\/en\\\/\",\"name\":\"Hola Vegan\",\"description\":\"Un blog de las Veganas Hermanas\",\"publisher\":{\"@id\":\"https:\\\/\\\/holavegan.com\\\/en\\\/#organization\"},\"potentialAction\":[{\"@type\":\"SearchAction\",\"target\":{\"@type\":\"EntryPoint\",\"urlTemplate\":\"https:\\\/\\\/holavegan.com\\\/en\\\/?s={search_term_string}\"},\"query-input\":{\"@type\":\"PropertyValueSpecification\",\"valueRequired\":true,\"valueName\":\"search_term_string\"}}],\"inLanguage\":\"en-US\"},{\"@type\":\"Organization\",\"@id\":\"https:\\\/\\\/holavegan.com\\\/en\\\/#organization\",\"name\":\"Hola Vegan\",\"url\":\"https:\\\/\\\/holavegan.com\\\/en\\\/\",\"logo\":{\"@type\":\"ImageObject\",\"inLanguage\":\"en-US\",\"@id\":\"https:\\\/\\\/holavegan.com\\\/en\\\/#\\\/schema\\\/logo\\\/image\\\/\",\"url\":\"https:\\\/\\\/holavegan.com\\\/wp-content\\\/uploads\\\/2023\\\/03\\\/cropped-logo-h@2x-1-2.png\",\"contentUrl\":\"https:\\\/\\\/holavegan.com\\\/wp-content\\\/uploads\\\/2023\\\/03\\\/cropped-logo-h@2x-1-2.png\",\"width\":700,\"height\":200,\"caption\":\"Hola Vegan\"},\"image\":{\"@id\":\"https:\\\/\\\/holavegan.com\\\/en\\\/#\\\/schema\\\/logo\\\/image\\\/\"}}]}<\/script>\n<!-- \/ Yoast SEO plugin. -->","yoast_head_json":{"title":"Curso de Carnes Vegetales sin gluten - Hola Vegan","description":"Todo tipo de carnes, en versi\u00f3n 100% vegetal y libre de gluten. Matambre, milanesas, salchichas, achuras, carne picada, \"pollo\" y mucho m\u00e1s!","robots":{"index":"noindex","follow":"follow","max-snippet":"max-snippet:-1","max-image-preview":"max-image-preview:large","max-video-preview":"max-video-preview:-1"},"og_locale":"en_US","og_type":"article","og_title":"Curso de Carnes Vegetales sin gluten - Hola Vegan","og_description":"Todo tipo de carnes, en versi\u00f3n 100% vegetal y libre de gluten. Matambre, milanesas, salchichas, achuras, carne picada, \"pollo\" y mucho m\u00e1s!","og_url":"https:\/\/holavegan.com\/en\/curso-de-carnes-vegetales-sin-gluten\/","og_site_name":"Hola Vegan","twitter_card":"summary_large_image","twitter_misc":{"Est. reading time":"8 minutes"},"schema":{"@context":"https:\/\/schema.org","@graph":[{"@type":"WebPage","@id":"https:\/\/holavegan.com\/curso-de-carnes-vegetales-sin-gluten\/","url":"https:\/\/holavegan.com\/curso-de-carnes-vegetales-sin-gluten\/","name":"Curso de Carnes Vegetales sin gluten - Hola Vegan","isPartOf":{"@id":"https:\/\/holavegan.com\/en\/#website"},"primaryImageOfPage":{"@id":"https:\/\/holavegan.com\/curso-de-carnes-vegetales-sin-gluten\/#primaryimage"},"image":{"@id":"https:\/\/holavegan.com\/curso-de-carnes-vegetales-sin-gluten\/#primaryimage"},"thumbnailUrl":"","datePublished":"2021-09-01T22:26:13+00:00","description":"Todo tipo de carnes, en versi\u00f3n 100% vegetal y libre de gluten. Matambre, milanesas, salchichas, achuras, carne picada, \"pollo\" y mucho m\u00e1s!","breadcrumb":{"@id":"https:\/\/holavegan.com\/curso-de-carnes-vegetales-sin-gluten\/#breadcrumb"},"inLanguage":"en-US","potentialAction":[{"@type":"ReadAction","target":["https:\/\/holavegan.com\/curso-de-carnes-vegetales-sin-gluten\/"]}]},{"@type":"ImageObject","inLanguage":"en-US","@id":"https:\/\/holavegan.com\/curso-de-carnes-vegetales-sin-gluten\/#primaryimage","url":"","contentUrl":""},{"@type":"BreadcrumbList","@id":"https:\/\/holavegan.com\/curso-de-carnes-vegetales-sin-gluten\/#breadcrumb","itemListElement":[{"@type":"ListItem","position":1,"name":"Home","item":"https:\/\/holavegan.com\/en\/"},{"@type":"ListItem","position":2,"name":"Curso de Carnes Vegetales sin gluten"}]},{"@type":"WebSite","@id":"https:\/\/holavegan.com\/en\/#website","url":"https:\/\/holavegan.com\/en\/","name":"Hello Vegan","description":"Un blog de las Veganas Hermanas","publisher":{"@id":"https:\/\/holavegan.com\/en\/#organization"},"potentialAction":[{"@type":"SearchAction","target":{"@type":"EntryPoint","urlTemplate":"https:\/\/holavegan.com\/en\/?s={search_term_string}"},"query-input":{"@type":"PropertyValueSpecification","valueRequired":true,"valueName":"search_term_string"}}],"inLanguage":"en-US"},{"@type":"Organization","@id":"https:\/\/holavegan.com\/en\/#organization","name":"Hello Vegan","url":"https:\/\/holavegan.com\/en\/","logo":{"@type":"ImageObject","inLanguage":"en-US","@id":"https:\/\/holavegan.com\/en\/#\/schema\/logo\/image\/","url":"https:\/\/holavegan.com\/wp-content\/uploads\/2023\/03\/cropped-logo-h@2x-1-2.png","contentUrl":"https:\/\/holavegan.com\/wp-content\/uploads\/2023\/03\/cropped-logo-h@2x-1-2.png","width":700,"height":200,"caption":"Hola Vegan"},"image":{"@id":"https:\/\/holavegan.com\/en\/#\/schema\/logo\/image\/"}}]}},"featured_image_src":null,"featured_image_src_square":null,"_links":{"self":[{"href":"https:\/\/holavegan.com\/en\/wp-json\/wp\/v2\/pages\/7218","targetHints":{"allow":["GET"]}}],"collection":[{"href":"https:\/\/holavegan.com\/en\/wp-json\/wp\/v2\/pages"}],"about":[{"href":"https:\/\/holavegan.com\/en\/wp-json\/wp\/v2\/types\/page"}],"author":[{"embeddable":true,"href":"https:\/\/holavegan.com\/en\/wp-json\/wp\/v2\/users\/3"}],"replies":[{"embeddable":true,"href":"https:\/\/holavegan.com\/en\/wp-json\/wp\/v2\/comments?post=7218"}],"version-history":[{"count":0,"href":"https:\/\/holavegan.com\/en\/wp-json\/wp\/v2\/pages\/7218\/revisions"}],"wp:featuredmedia":[{"embeddable":true,"href":"https:\/\/holavegan.com\/en\/wp-json\/"}],"wp:attachment":[{"href":"https:\/\/holavegan.com\/en\/wp-json\/wp\/v2\/media?parent=7218"}],"curies":[{"name":"wp","href":"https:\/\/api.w.org\/{rel}","templated":true}]}}