{"id":7690,"date":"2022-03-18T16:52:36","date_gmt":"2022-03-18T19:52:36","guid":{"rendered":"https:\/\/holavegan.com\/?page_id=7690"},"modified":"2022-03-18T16:52:36","modified_gmt":"2022-03-18T19:52:36","slug":"curso-tofu-is-my-boyfriend","status":"publish","type":"page","link":"https:\/\/holavegan.com\/en\/curso-tofu-is-my-boyfriend\/","title":{"rendered":"Curso Tofu is my boyfriend"},"content":{"rendered":"<div class=\"wp-block-genesis-blocks-gb-columns gb-layout-service-4 gb-layout-columns-2 gb-2-col-equal gb-columns-center alignfull\" style=\"padding-top:5%;padding-right:5%;padding-bottom:5%;padding-left:5%\"><div class=\"gb-layout-column-wrap gb-block-layout-column-gap-6 gb-is-responsive-column\" style=\"max-width:1200px\">\n<div class=\"wp-block-genesis-blocks-gb-column gb-block-layout-column\"><div class=\"gb-block-layout-column-inner\">\n<h2 class=\"wp-block-heading\">ON-DEMAND<\/h2>\n\n\n\n<p><strong>Presentamos nuestro Curso Tofu is my boyfriend.<\/strong><\/p>\n\n\n\n<p>Es que s\u00ed, \u00a1estamos enamoradas del tofu! Y nuestro objetivo es que vos le ames tambi\u00e9n. Por eso, en este curso completo de recetas con tofu, demostraremos que se puede usar como base para hacer diferentes carnes, huevos, quesos y hasta postres! El curso incluye 12 recetas en video y&nbsp;pdf&nbsp;con fotos, consejos y tips.<br \/>Podr\u00e1s acceder al contenido del curso cuando quieras y hacerlo a tu ritmo, porque el acceso es ilimitado.<\/p>\n\n\n\n<p>Al completar las 12 clases, recibir\u00e1s un certificado de finalizaci\u00f3n de curso.<\/p>\n\n\n\n<div style=\"color:#ddd\" class=\"wp-block-genesis-blocks-gb-spacer gb-block-spacer gb-divider-solid gb-spacer-divider gb-divider-size-1\"><hr style=\"height:30px\"\/><\/div>\n\n\n\n<h3 class=\"wp-block-heading\">12 recetas en video<\/h3>\n\n\n\n<p>Aprender\u00e1s a preparar 12 recetas, a hacer tu propio tofu firme y sedoso y otras incre\u00edbles preparaciones con tofu como ingrediente estrella.<\/p>\n\n\n\n<ol class=\"wp-block-list\">\n<li><strong>Tofu firme<\/strong>, a base de leche casera de soja y con cloruro de magnesio como coagulante, para potenciar sus propiedades nutritivas.<\/li>\n\n\n\n<li><strong>Tofu sedoso<\/strong>, empleando un m\u00e9todo diferente donde, en lugar de prensar, se cocina al vapor.<\/li>\n\n\n\n<li><strong>Carne picada<\/strong>. F\u00e1cil, pr\u00e1ctica y s\u00faper nutritiva. Ideal para empanadas, bolognesas, etc.<\/li>\n\n\n\n<li><strong>Tofish<\/strong>, el mejor filete de pescado vegetal que habr\u00e1s probado.<\/li>\n\n\n\n<li><strong>Pechuga<\/strong>, sabrosa, con buena textura y \u00a1hasta con piel crocante!<\/li>\n\n\n\n<li><strong>Queso crema + muzza<\/strong>, un queso crema f\u00e1cil para untar y una muzza que derrite y gratina.<\/li>\n\n\n\n<li><strong>Tofu scramble + ligue cremoso<\/strong>,&nbsp;dos opciones de huevo: en formato &#8220;revuelto&#8221; para comer solo o acompa\u00f1ado y otro para ligar y hacer omelettes o tortillas.<\/li>\n\n\n\n<li><strong>Tofu grillado + vinagreta<\/strong>,&nbsp;con la mejor marinada del mundo para que hasta los m\u00e1s esc\u00e9pticos gusten del tofu.<\/li>\n\n\n\n<li><strong>Tofu crouton<\/strong>, crocantes y deliciosos, ideales para sumar a ensaladas y sopas. Sin pan y sin gluten.<\/li>\n\n\n\n<li><strong>Postre de chocolate<\/strong> simple pero intenso y s\u00faper cremoso, ideal para acompa\u00f1ar con frutas \u00e1cidas.<\/li>\n<\/ol>\n\n\n\n<h3 class=\"wp-block-heading\">\u00a1Incluye un recetario con<br \/>12 recetas + tips!<\/h3>\n\n\n\n<hr class=\"wp-block-separator has-css-opacity\"\/>\n\n\n\n<h5 class=\"wp-block-heading\">Para Argentina<\/h5>\n\n\n\n<div class=\"wp-block-genesis-blocks-gb-pricing gb-pricing-columns-1\"><div class=\"gb-pricing-table-wrap gb-block-pricing-table-gap-2\">\n<div class=\"wp-block-genesis-blocks-gb-pricing-table gb-block-pricing-table-center gb-block-pricing-table\" itemscope itemtype=\"http:\/\/schema.org\/Product\"><div class=\"gb-block-pricing-table-inside\" style=\"border-width:2px;border-style:solid\">\n<div class=\"wp-block-genesis-blocks-gb-pricing-table-subtitle gb-pricing-table-subtitle\" style=\"font-size:20px;padding-top:10px;padding-right:20px;padding-bottom:10px;padding-left:20px\">Valor del curso + recetario digital<\/div>\n\n\n\n<div class=\"wp-block-genesis-blocks-gb-pricing-table-price gb-pricing-table-price-wrap gb-pricing-has-currency\" style=\"padding-top:10px;padding-right:20px;padding-bottom:10px;padding-left:20px\"><div itemprop=\"offers\" itemscope itemtype=\"http:\/\/schema.org\/Offer\"><span itemprop=\"priceCurrency\" class=\"gb-pricing-table-currency\" style=\"font-size:16px\">AR$<\/span><div itemprop=\"price\" class=\"gb-pricing-table-price\" style=\"font-size:40px\">4200<\/div><\/div><\/div>\n\n\n\n<p>A trav\u00e9s de Mercado Pago.<\/p>\n<\/div><\/div>\n<\/div><\/div>\n\n\n\n<div style=\"height:20px\" aria-hidden=\"true\" class=\"wp-block-spacer\"><\/div>\n\n\n\n<h5 class=\"wp-block-heading\">Para el resto del mundo<\/h5>\n\n\n\n<div class=\"wp-block-group\"><div class=\"wp-block-group__inner-container is-layout-flow wp-block-group-is-layout-flow\">\n<div class=\"wp-block-genesis-blocks-gb-pricing gb-pricing-columns-1\"><div class=\"gb-pricing-table-wrap gb-block-pricing-table-gap-2\">\n<div class=\"wp-block-genesis-blocks-gb-pricing-table gb-block-pricing-table-center gb-block-pricing-table\" itemscope itemtype=\"http:\/\/schema.org\/Product\"><div class=\"gb-block-pricing-table-inside\" style=\"border-width:2px;border-style:solid\">\n<div class=\"wp-block-genesis-blocks-gb-pricing-table-subtitle gb-pricing-table-subtitle\" style=\"font-size:20px;padding-top:10px;padding-right:20px;padding-bottom:10px;padding-left:20px\">Valor del curso + recetario digital<\/div>\n\n\n\n<div class=\"wp-block-genesis-blocks-gb-pricing-table-price gb-pricing-table-price-wrap gb-pricing-has-currency\" style=\"padding-top:10px;padding-right:20px;padding-bottom:10px;padding-left:20px\"><div itemprop=\"offers\" itemscope itemtype=\"http:\/\/schema.org\/Offer\"><span itemprop=\"priceCurrency\" class=\"gb-pricing-table-currency\" style=\"font-size:16px\">USD$<\/span><div itemprop=\"price\" class=\"gb-pricing-table-price\" style=\"font-size:40px\">20<\/div><\/div><\/div>\n\n\n\n<p>A trav\u00e9s de PayPal.<\/p>\n<\/div><\/div>\n<\/div><\/div>\n\n\n\n<h5 class=\"wp-block-heading\">Para inscribirte, hac\u00e9 clic en el siguiente bot\u00f3n<\/h5>\n\n\n\n<div class=\"wp-block-buttons is-layout-flex wp-block-buttons-is-layout-flex\">\n<div class=\"wp-block-button\"><a class=\"wp-block-button__link has-background no-border-radius wp-element-button\" href=\"https:\/\/holavegan.tiendup.com\/curso\/curso-tofu-is-my-boyfriend\" style=\"background-color:#252525\" target=\"_blank\" rel=\"noreferrer noopener\">Inscribirme ahora<\/a><\/div>\n<\/div>\n\n\n\n\n<\/div><\/div>\n\n\n\n<div style=\"height:32px\" aria-hidden=\"true\" class=\"wp-block-spacer\"><\/div>\n\n\n\n<hr class=\"wp-block-separator has-css-opacity\"\/>\n\n\n\n<figure class=\"wp-block-video\"><video controls src=\"https:\/\/holaveganc1dev.wpenginepowered.com\/wp-content\/uploads\/2022\/03\/trailer.mp4\"><\/video><\/figure>\n\n\n\n<div style=\"height:23px\" aria-hidden=\"true\" class=\"wp-block-spacer\"><\/div>\n\n\n\n<figure class=\"wp-block-image size-full\"><a href=\"https:\/\/holaveganc1dev.wpenginepowered.com\/wp-content\/uploads\/2022\/01\/tofu-firme_2_t.jpg\"><img decoding=\"async\" src=\"https:\/\/holaveganc1dev.wpenginepowered.com\/wp-content\/uploads\/2022\/01\/tofu-firme_2_t.jpg\" alt=\"\" class=\"wp-image-7700\"\/><\/a><\/figure>\n<\/div><\/div>\n\n\n\n<div class=\"wp-block-genesis-blocks-gb-column gb-block-layout-column\"><div class=\"gb-block-layout-column-inner\">\n<figure class=\"wp-block-image size-full\"><a href=\"https:\/\/holaveganc1dev.wpenginepowered.com\/wp-content\/uploads\/2022\/03\/CURSO-TOFU.png\"><img decoding=\"async\" src=\"https:\/\/holaveganc1dev.wpenginepowered.com\/wp-content\/uploads\/2022\/03\/CURSO-TOFU.png\" alt=\"\" class=\"wp-image-7835\"\/><\/a><\/figure>\n\n\n\n<figure class=\"wp-block-gallery has-nested-images columns-3 is-cropped wp-block-gallery-1 is-layout-flex wp-block-gallery-is-layout-flex\">\n<figure class=\"wp-block-image size-large\"><img decoding=\"async\" data-id=\"7707\" src=\"https:\/\/holaveganc1dev.wpenginepowered.com\/wp-content\/uploads\/2022\/01\/muzza_ct-1024x1024.jpg\" alt=\"\" class=\"wp-image-7707\"\/><\/figure>\n\n\n\n<figure class=\"wp-block-image size-large\"><img decoding=\"async\" data-id=\"7712\" src=\"https:\/\/holaveganc1dev.wpenginepowered.com\/wp-content\/uploads\/2022\/01\/tofu-firme_ct-1024x1024.jpg\" alt=\"\" class=\"wp-image-7712\"\/><\/figure>\n\n\n\n<figure class=\"wp-block-image size-large\"><img decoding=\"async\" data-id=\"7703\" src=\"https:\/\/holaveganc1dev.wpenginepowered.com\/wp-content\/uploads\/2022\/01\/carne-picada_ct-1024x1024.jpg\" alt=\"\" class=\"wp-image-7703\"\/><\/figure>\n\n\n\n<figure class=\"wp-block-image size-large\"><img decoding=\"async\" data-id=\"7708\" src=\"https:\/\/holaveganc1dev.wpenginepowered.com\/wp-content\/uploads\/2022\/01\/pechuga_ct-1024x1024.jpg\" alt=\"\" class=\"wp-image-7708\"\/><\/figure>\n\n\n\n<figure class=\"wp-block-image size-large\"><img decoding=\"async\" data-id=\"7709\" src=\"https:\/\/holaveganc1dev.wpenginepowered.com\/wp-content\/uploads\/2022\/01\/postre-de-chocolate_2_ct-1024x1024.jpg\" alt=\"\" class=\"wp-image-7709\"\/><\/figure>\n\n\n\n<figure class=\"wp-block-image size-large\"><img decoding=\"async\" data-id=\"7711\" src=\"https:\/\/holaveganc1dev.wpenginepowered.com\/wp-content\/uploads\/2022\/01\/tofish_c_t-1024x1024.jpg\" alt=\"\" class=\"wp-image-7711\"\/><\/figure>\n\n\n\n<figure class=\"wp-block-image size-large\"><img decoding=\"async\" data-id=\"7710\" src=\"https:\/\/holaveganc1dev.wpenginepowered.com\/wp-content\/uploads\/2022\/01\/postre-de-chocolate_ct-1024x1024.jpg\" alt=\"\" class=\"wp-image-7710\"\/><\/figure>\n\n\n\n<figure class=\"wp-block-image size-large\"><img decoding=\"async\" data-id=\"7704\" src=\"https:\/\/holaveganc1dev.wpenginepowered.com\/wp-content\/uploads\/2022\/01\/croutones_c_ct-1024x1024.jpg\" alt=\"\" class=\"wp-image-7704\"\/><\/figure>\n\n\n\n<figure class=\"wp-block-image size-large\"><img decoding=\"async\" data-id=\"7713\" src=\"https:\/\/holaveganc1dev.wpenginepowered.com\/wp-content\/uploads\/2022\/01\/tofu-sedoso_ct-1024x1024.jpg\" alt=\"\" class=\"wp-image-7713\"\/><\/figure>\n\n\n\n<figure class=\"wp-block-image size-large\"><img decoding=\"async\" data-id=\"7714\" src=\"https:\/\/holaveganc1dev.wpenginepowered.com\/wp-content\/uploads\/2022\/01\/vinagreta_ct-1024x1024.jpg\" alt=\"\" class=\"wp-image-7714\"\/><\/figure>\n\n\n\n<figure class=\"wp-block-image size-large\"><img decoding=\"async\" data-id=\"7705\" src=\"https:\/\/holaveganc1dev.wpenginepowered.com\/wp-content\/uploads\/2022\/01\/croutons_ct-1024x1024.jpg\" alt=\"\" class=\"wp-image-7705\"\/><\/figure>\n<\/figure>\n\n\n\n<h4 class=\"wp-block-heading\">\u00bfPOR QU\u00c9 AMAMOS TANTO AL TOFU?<\/h4>\n\n\n\n<p>Como el nombre de este curso &#8220;<em>Tofu is my boyfriend<\/em>&#8221; lo indica, nosotras LE AMAMOS! Pero antes de explicar por qu\u00e9 (\u00bfacaso es necesario aclarar los motivos por los que se AMA?), queremos hacer una peque\u00f1a introducci\u00f3n sobre qu\u00e9 es el TOFU. Porque un poco estamos hasta la coronilla de que gran parte de la poblaci\u00f3n mundial crea que es un &#8220;QUESO VEGANO&#8221; y, en consecuencia le odien!!! Porque si hay algo que no es el tofu es un queso, ni tiene su sabor, ni su textura, ni se derrite o gratina -aunque s\u00ed se puede hacer queso con \u00e9l y en este curso tenemos dos recetas-. Porque si vas a sacar el tofu del paquete (o la prensa) y pretender hincarle el diente as\u00ed como as\u00ed, te contamos que estar\u00e1s cometiendo un error garrafal.<\/p>\n\n\n\n<p>El tofu es un preparado a base de leche de soja y coagulantes que se usa mucho -much\u00edsimo- en la cocina oriental -y en la vegana, por supuesto-. Es un cuajado, como el queso lo es de la leche de vaca, pero no es un queso. Es una masa firme, sin sabor, sin demasiado color, pero rico en prote\u00ednas -tiene un mont\u00f3n de beneficios para la salud- y mucho potencial.  Es tan vers\u00e1til que permite que modifiquemos su textura, color, sabor y aspecto para que lo transformemos y adaptemos a infinidad de preparaciones como quesos, carnes de todo tipo, huevos y hasta postres. Y lo mejor es que es un alimento disponible, f\u00e1cil de conseguir, de preparar y de consumir.<\/p>\n\n\n\n<p>Si ya sos fan del tofu, pero todav\u00eda desconoc\u00e9s su maravilloso poder de transformaci\u00f3n y la incontable cantidad de platos que pueden preparase con \u00e9l como ingrediente estrella, pues \u00a1te damos la bienvenida!<\/p>\n\n\n\n<p>Si todav\u00eda no te gusta el tofu, seguramente se debe a que lo est\u00e1s consumiendo MAL. A trav\u00e9s de este curso queremos reivindicar su existencia, rendirle homenaje y -ojal\u00e1- lograr m\u00e1s adeptos. \u00a1Animate!<\/p>\n\n\n\n<p>Si ten\u00e9s dudas sobre el consumo de tofu -y soja en general-, ac\u00e1 te dejamos <a href=\"https:\/\/holaveganc1dev.wpenginepowered.com\/derribando-mitos-la-soja\/\" target=\"_blank\" rel=\"noreferrer noopener\">un posteo<\/a> junto a nuestra nutricionista amiga <a href=\"https:\/\/nutricioneva.com.ar\/\" target=\"_blank\" rel=\"noreferrer noopener\">Eva Henderson<\/a>, donde echamos luz sobre este maravilloso ingrediente. <\/p>\n<\/div><\/div>\n<\/div><\/div>\n\n\n\n<figure class=\"wp-block-gallery alignwide has-nested-images columns-2 is-cropped wp-block-gallery-2 is-layout-flex wp-block-gallery-is-layout-flex\">\n<figure class=\"wp-block-image size-large\"><a href=\"https:\/\/holaveganc1dev.wpenginepowered.com\/wp-content\/uploads\/2022\/01\/tofish_t.jpg\"><img decoding=\"async\" data-id=\"7699\" src=\"https:\/\/holaveganc1dev.wpenginepowered.com\/wp-content\/uploads\/2022\/01\/tofish_t.jpg\" alt=\"\" class=\"wp-image-7699\"\/><\/a><\/figure>\n\n\n\n<figure class=\"wp-block-image size-large\"><a href=\"https:\/\/holaveganc1dev.wpenginepowered.com\/wp-content\/uploads\/2022\/01\/postre-de-chocolate_t.jpg\"><img decoding=\"async\" data-id=\"7696\" src=\"https:\/\/holaveganc1dev.wpenginepowered.com\/wp-content\/uploads\/2022\/01\/postre-de-chocolate_t.jpg\" alt=\"\" class=\"wp-image-7696\"\/><\/a><\/figure>\n\n\n\n<figure class=\"wp-block-image size-large\"><a href=\"https:\/\/holaveganc1dev.wpenginepowered.com\/wp-content\/uploads\/2022\/01\/carne-picada_t.jpg\"><img decoding=\"async\" data-id=\"7691\" src=\"https:\/\/holaveganc1dev.wpenginepowered.com\/wp-content\/uploads\/2022\/01\/carne-picada_t.jpg\" alt=\"\" class=\"wp-image-7691\"\/><\/a><\/figure>\n\n\n\n<figure class=\"wp-block-image size-large\"><a href=\"https:\/\/holaveganc1dev.wpenginepowered.com\/wp-content\/uploads\/2022\/01\/grillado_t.jpg\"><img decoding=\"async\" data-id=\"7693\" src=\"https:\/\/holaveganc1dev.wpenginepowered.com\/wp-content\/uploads\/2022\/01\/grillado_t.jpg\" alt=\"\" class=\"wp-image-7693\"\/><\/a><\/figure>\n<\/figure>\n\n\n\n<figure class=\"wp-block-gallery alignwide has-nested-images columns-3 is-cropped wp-block-gallery-3 is-layout-flex wp-block-gallery-is-layout-flex\">\n<figure class=\"wp-block-image size-large\"><a href=\"https:\/\/holaveganc1dev.wpenginepowered.com\/wp-content\/uploads\/2022\/01\/pechuga_t.jpg\"><img decoding=\"async\" data-id=\"7695\" src=\"https:\/\/holaveganc1dev.wpenginepowered.com\/wp-content\/uploads\/2022\/01\/pechuga_t.jpg\" alt=\"\" class=\"wp-image-7695\"\/><\/a><\/figure>\n\n\n\n<figure class=\"wp-block-image size-large\"><a href=\"https:\/\/holaveganc1dev.wpenginepowered.com\/wp-content\/uploads\/2022\/01\/queso-crema.jpg\"><img decoding=\"async\" data-id=\"7697\" src=\"https:\/\/holaveganc1dev.wpenginepowered.com\/wp-content\/uploads\/2022\/01\/queso-crema.jpg\" alt=\"\" class=\"wp-image-7697\"\/><\/a><\/figure>\n\n\n\n<figure class=\"wp-block-image size-large\"><a href=\"https:\/\/holaveganc1dev.wpenginepowered.com\/wp-content\/uploads\/2022\/01\/scramble.jpg\"><img decoding=\"async\" data-id=\"7698\" src=\"https:\/\/holaveganc1dev.wpenginepowered.com\/wp-content\/uploads\/2022\/01\/scramble.jpg\" alt=\"\" class=\"wp-image-7698\"\/><\/a><\/figure>\n<\/figure>\n\n\n\n\n\n\n\n<div class=\"wp-block-genesis-blocks-gb-columns gb-layout-columns-2 gb-2-col-equal\"><div class=\"gb-layout-column-wrap gb-block-layout-column-gap-2 gb-is-responsive-column\">\n<div class=\"wp-block-genesis-blocks-gb-column gb-block-layout-column\"><div class=\"gb-block-layout-column-inner\">\n\n<\/div><\/div>\n\n\n\n<div class=\"wp-block-genesis-blocks-gb-column gb-block-layout-column\"><div class=\"gb-block-layout-column-inner\">\n\n<\/div><\/div>\n<\/div><\/div>\n\n\n\n<div class=\"wp-block-genesis-blocks-gb-columns gb-layout-columns-1 one-column\"><div class=\"gb-layout-column-wrap gb-block-layout-column-gap-2 gb-is-responsive-column\">\n<div class=\"wp-block-genesis-blocks-gb-column gb-block-layout-column\"><div class=\"gb-block-layout-column-inner\">\n<p>En nuestras clases cocinamos con sistemas de cocci\u00f3n <a rel=\"noreferrer noopener\" href=\"https:\/\/www.instagram.com\/mihogarcuisine\/\" target=\"_blank\">Mi Hogar Cuisine<\/a><br \/>Aprovech\u00e1 un descuento y regalo especial nombrando a <strong>Hello Vegan<\/strong><\/p>\n\n\n\n<p>Compramos nuestros ingredientes en <a rel=\"noreferrer noopener\" href=\"https:\/\/tienda.vitalcer.com\/\" target=\"_blank\">Tiendas Vitalcer<\/a><br \/>Aprovech\u00e1 vos tambi\u00e9n el <strong>10%<\/strong> de descuento con el c\u00f3digo <strong>holavegan<\/strong><\/p>\n<\/div><\/div>\n<\/div><\/div>","protected":false},"excerpt":{"rendered":"","protected":false},"author":5,"featured_media":7835,"parent":0,"menu_order":0,"comment_status":"closed","ping_status":"closed","template":"templates\/page-landing.php","meta":{"wprm-recipe-roundup-name":"","wprm-recipe-roundup-description":"","tinysalt_hide_before_page_content_ad":"","tinysalt_hide_after_page_content_ad":"","tinysalt_hide_page_header":"","tinysalt_advanced_classname":"","tinysalt_page_featured_media_position":"","tinysalt_single_site_header_source":"","tinysalt_single_custom_site_header":"0","tinysalt_single_custom_sticky_site_header":"0","tinysalt_single_custom_sticky_site_header_style":"sticky-scroll-up","tinysalt_single_site_footer_source":"","tinysalt_single_custom_site_footer":"0","footnotes":""},"class_list":["post-7690","page","type-page","status-publish","has-post-thumbnail","hentry"],"yoast_head":"<!-- This site is optimized with the Yoast SEO plugin v27.4 - https:\/\/yoast.com\/product\/yoast-seo-wordpress\/ -->\n<title>Curso Tofu is my boyfriend - Hola Vegan<\/title>\n<meta name=\"description\" content=\"Todo tipo de preparaciones libres de gluten a base de tofu. Carnes de todo tipo, huevos, quesos, croutones y hasta postre de chocolate!\" \/>\n<meta name=\"robots\" content=\"noindex, follow, max-snippet:-1, max-image-preview:large, max-video-preview:-1\" \/>\n<meta property=\"og:locale\" content=\"en_US\" \/>\n<meta property=\"og:type\" content=\"article\" \/>\n<meta property=\"og:title\" content=\"Curso Tofu is my boyfriend - Hola Vegan\" \/>\n<meta property=\"og:description\" content=\"Todo tipo de preparaciones libres de gluten a base de tofu. Carnes de todo tipo, huevos, quesos, croutones y hasta postre de chocolate!\" \/>\n<meta property=\"og:url\" content=\"https:\/\/holavegan.com\/en\/curso-tofu-is-my-boyfriend\/\" \/>\n<meta property=\"og:site_name\" content=\"Hola Vegan\" \/>\n<meta name=\"twitter:card\" content=\"summary_large_image\" \/>\n<meta name=\"twitter:label1\" content=\"Est. reading time\" \/>\n\t<meta name=\"twitter:data1\" content=\"8 minutes\" \/>\n<script type=\"application\/ld+json\" class=\"yoast-schema-graph\">{\"@context\":\"https:\\\/\\\/schema.org\",\"@graph\":[{\"@type\":\"WebPage\",\"@id\":\"https:\\\/\\\/holavegan.com\\\/curso-tofu-is-my-boyfriend\\\/\",\"url\":\"https:\\\/\\\/holavegan.com\\\/curso-tofu-is-my-boyfriend\\\/\",\"name\":\"Curso Tofu is my boyfriend - Hola Vegan\",\"isPartOf\":{\"@id\":\"https:\\\/\\\/holavegan.com\\\/en\\\/#website\"},\"primaryImageOfPage\":{\"@id\":\"https:\\\/\\\/holavegan.com\\\/curso-tofu-is-my-boyfriend\\\/#primaryimage\"},\"image\":{\"@id\":\"https:\\\/\\\/holavegan.com\\\/curso-tofu-is-my-boyfriend\\\/#primaryimage\"},\"thumbnailUrl\":\"\",\"datePublished\":\"2022-03-18T19:52:36+00:00\",\"description\":\"Todo tipo de preparaciones libres de gluten a base de tofu. Carnes de todo tipo, huevos, quesos, croutones y hasta postre de chocolate!\",\"breadcrumb\":{\"@id\":\"https:\\\/\\\/holavegan.com\\\/curso-tofu-is-my-boyfriend\\\/#breadcrumb\"},\"inLanguage\":\"en-US\",\"potentialAction\":[{\"@type\":\"ReadAction\",\"target\":[\"https:\\\/\\\/holavegan.com\\\/curso-tofu-is-my-boyfriend\\\/\"]}]},{\"@type\":\"ImageObject\",\"inLanguage\":\"en-US\",\"@id\":\"https:\\\/\\\/holavegan.com\\\/curso-tofu-is-my-boyfriend\\\/#primaryimage\",\"url\":\"\",\"contentUrl\":\"\"},{\"@type\":\"BreadcrumbList\",\"@id\":\"https:\\\/\\\/holavegan.com\\\/curso-tofu-is-my-boyfriend\\\/#breadcrumb\",\"itemListElement\":[{\"@type\":\"ListItem\",\"position\":1,\"name\":\"Home\",\"item\":\"https:\\\/\\\/holavegan.com\\\/en\\\/\"},{\"@type\":\"ListItem\",\"position\":2,\"name\":\"Curso Tofu is my boyfriend\"}]},{\"@type\":\"WebSite\",\"@id\":\"https:\\\/\\\/holavegan.com\\\/en\\\/#website\",\"url\":\"https:\\\/\\\/holavegan.com\\\/en\\\/\",\"name\":\"Hola Vegan\",\"description\":\"Un blog de las Veganas Hermanas\",\"publisher\":{\"@id\":\"https:\\\/\\\/holavegan.com\\\/en\\\/#organization\"},\"potentialAction\":[{\"@type\":\"SearchAction\",\"target\":{\"@type\":\"EntryPoint\",\"urlTemplate\":\"https:\\\/\\\/holavegan.com\\\/en\\\/?s={search_term_string}\"},\"query-input\":{\"@type\":\"PropertyValueSpecification\",\"valueRequired\":true,\"valueName\":\"search_term_string\"}}],\"inLanguage\":\"en-US\"},{\"@type\":\"Organization\",\"@id\":\"https:\\\/\\\/holavegan.com\\\/en\\\/#organization\",\"name\":\"Hola Vegan\",\"url\":\"https:\\\/\\\/holavegan.com\\\/en\\\/\",\"logo\":{\"@type\":\"ImageObject\",\"inLanguage\":\"en-US\",\"@id\":\"https:\\\/\\\/holavegan.com\\\/en\\\/#\\\/schema\\\/logo\\\/image\\\/\",\"url\":\"https:\\\/\\\/holavegan.com\\\/wp-content\\\/uploads\\\/2023\\\/03\\\/cropped-logo-h@2x-1-2.png\",\"contentUrl\":\"https:\\\/\\\/holavegan.com\\\/wp-content\\\/uploads\\\/2023\\\/03\\\/cropped-logo-h@2x-1-2.png\",\"width\":700,\"height\":200,\"caption\":\"Hola Vegan\"},\"image\":{\"@id\":\"https:\\\/\\\/holavegan.com\\\/en\\\/#\\\/schema\\\/logo\\\/image\\\/\"}}]}<\/script>\n<!-- \/ Yoast SEO plugin. -->","yoast_head_json":{"title":"Curso Tofu is my boyfriend - Hola Vegan","description":"Todo tipo de preparaciones libres de gluten a base de tofu. Carnes de todo tipo, huevos, quesos, croutones y hasta postre de chocolate!","robots":{"index":"noindex","follow":"follow","max-snippet":"max-snippet:-1","max-image-preview":"max-image-preview:large","max-video-preview":"max-video-preview:-1"},"og_locale":"en_US","og_type":"article","og_title":"Curso Tofu is my boyfriend - Hola Vegan","og_description":"Todo tipo de preparaciones libres de gluten a base de tofu. Carnes de todo tipo, huevos, quesos, croutones y hasta postre de chocolate!","og_url":"https:\/\/holavegan.com\/en\/curso-tofu-is-my-boyfriend\/","og_site_name":"Hola Vegan","twitter_card":"summary_large_image","twitter_misc":{"Est. reading time":"8 minutes"},"schema":{"@context":"https:\/\/schema.org","@graph":[{"@type":"WebPage","@id":"https:\/\/holavegan.com\/curso-tofu-is-my-boyfriend\/","url":"https:\/\/holavegan.com\/curso-tofu-is-my-boyfriend\/","name":"Curso Tofu is my boyfriend - Hola Vegan","isPartOf":{"@id":"https:\/\/holavegan.com\/en\/#website"},"primaryImageOfPage":{"@id":"https:\/\/holavegan.com\/curso-tofu-is-my-boyfriend\/#primaryimage"},"image":{"@id":"https:\/\/holavegan.com\/curso-tofu-is-my-boyfriend\/#primaryimage"},"thumbnailUrl":"","datePublished":"2022-03-18T19:52:36+00:00","description":"Todo tipo de preparaciones libres de gluten a base de tofu. Carnes de todo tipo, huevos, quesos, croutones y hasta postre de chocolate!","breadcrumb":{"@id":"https:\/\/holavegan.com\/curso-tofu-is-my-boyfriend\/#breadcrumb"},"inLanguage":"en-US","potentialAction":[{"@type":"ReadAction","target":["https:\/\/holavegan.com\/curso-tofu-is-my-boyfriend\/"]}]},{"@type":"ImageObject","inLanguage":"en-US","@id":"https:\/\/holavegan.com\/curso-tofu-is-my-boyfriend\/#primaryimage","url":"","contentUrl":""},{"@type":"BreadcrumbList","@id":"https:\/\/holavegan.com\/curso-tofu-is-my-boyfriend\/#breadcrumb","itemListElement":[{"@type":"ListItem","position":1,"name":"Home","item":"https:\/\/holavegan.com\/en\/"},{"@type":"ListItem","position":2,"name":"Curso Tofu is my boyfriend"}]},{"@type":"WebSite","@id":"https:\/\/holavegan.com\/en\/#website","url":"https:\/\/holavegan.com\/en\/","name":"Hello Vegan","description":"Un blog de las Veganas Hermanas","publisher":{"@id":"https:\/\/holavegan.com\/en\/#organization"},"potentialAction":[{"@type":"SearchAction","target":{"@type":"EntryPoint","urlTemplate":"https:\/\/holavegan.com\/en\/?s={search_term_string}"},"query-input":{"@type":"PropertyValueSpecification","valueRequired":true,"valueName":"search_term_string"}}],"inLanguage":"en-US"},{"@type":"Organization","@id":"https:\/\/holavegan.com\/en\/#organization","name":"Hello Vegan","url":"https:\/\/holavegan.com\/en\/","logo":{"@type":"ImageObject","inLanguage":"en-US","@id":"https:\/\/holavegan.com\/en\/#\/schema\/logo\/image\/","url":"https:\/\/holavegan.com\/wp-content\/uploads\/2023\/03\/cropped-logo-h@2x-1-2.png","contentUrl":"https:\/\/holavegan.com\/wp-content\/uploads\/2023\/03\/cropped-logo-h@2x-1-2.png","width":700,"height":200,"caption":"Hola Vegan"},"image":{"@id":"https:\/\/holavegan.com\/en\/#\/schema\/logo\/image\/"}}]}},"featured_image_src":null,"featured_image_src_square":null,"_links":{"self":[{"href":"https:\/\/holavegan.com\/en\/wp-json\/wp\/v2\/pages\/7690","targetHints":{"allow":["GET"]}}],"collection":[{"href":"https:\/\/holavegan.com\/en\/wp-json\/wp\/v2\/pages"}],"about":[{"href":"https:\/\/holavegan.com\/en\/wp-json\/wp\/v2\/types\/page"}],"author":[{"embeddable":true,"href":"https:\/\/holavegan.com\/en\/wp-json\/wp\/v2\/users\/5"}],"replies":[{"embeddable":true,"href":"https:\/\/holavegan.com\/en\/wp-json\/wp\/v2\/comments?post=7690"}],"version-history":[{"count":0,"href":"https:\/\/holavegan.com\/en\/wp-json\/wp\/v2\/pages\/7690\/revisions"}],"wp:featuredmedia":[{"embeddable":true,"href":"https:\/\/holavegan.com\/en\/wp-json\/"}],"wp:attachment":[{"href":"https:\/\/holavegan.com\/en\/wp-json\/wp\/v2\/media?parent=7690"}],"curies":[{"name":"wp","href":"https:\/\/api.w.org\/{rel}","templated":true}]}}