{"id":7946,"date":"2022-05-05T21:21:52","date_gmt":"2022-05-06T00:21:52","guid":{"rendered":"https:\/\/holavegan.com\/?page_id=7946"},"modified":"2022-05-05T21:21:52","modified_gmt":"2022-05-06T00:21:52","slug":"curso-de-sushi-plant-based","status":"publish","type":"page","link":"https:\/\/holavegan.com\/en\/curso-de-sushi-plant-based\/","title":{"rendered":"Curso de sushi plant based"},"content":{"rendered":"<div class=\"wp-block-genesis-blocks-gb-columns gb-layout-service-4 gb-layout-columns-2 gb-2-col-equal gb-columns-center alignfull\" style=\"padding-top:5%;padding-right:5%;padding-bottom:5%;padding-left:5%\"><div class=\"gb-layout-column-wrap gb-block-layout-column-gap-6 gb-is-responsive-column\" style=\"max-width:1200px\">\n<div class=\"wp-block-genesis-blocks-gb-column gb-block-layout-column\"><div class=\"gb-block-layout-column-inner\">\n<h2 class=\"wp-block-heading\">ON-DEMAND<\/h2>\n\n\n\n<p><strong>Presentamos nuestro curso de sushi vegano de la mano de un gran sushiman: nuestro pap\u00e1 Carlos Raffaelli.<\/strong><\/p>\n\n\n\n<p>Nuestro padre es <em>sushiman<\/em> desde hace m\u00e1s de 15 a\u00f1os, cuando decidi\u00f3 aprender a preparar sushi como <em>hobbie<\/em> y se entusiasm\u00f3 tanto que le dio un giro radical a su vida. Se form\u00f3 en el Colegio de Cocineros del Gato Dumas, con el Itamae Iwao Komiyama.<\/p>\n\n\n\n<p>El curso incluye 10 recetas en video y&nbsp;pdf&nbsp;con fotos, consejos y tips.<br \/>Podr\u00e1s acceder al contenido del curso cuando quieras y hacerlo a tu ritmo, porque el acceso es ilimitado.<\/p>\n\n\n\n<p>Al completar las 10 clases, recibir\u00e1s un certificado de finalizaci\u00f3n de curso.<\/p>\n\n\n\n<div style=\"color:#ddd\" class=\"wp-block-genesis-blocks-gb-spacer gb-block-spacer gb-divider-solid gb-spacer-divider gb-divider-size-1\"><hr style=\"height:30px\"\/><\/div>\n\n\n\n<h3 class=\"wp-block-heading\">10 recetas en video<\/h3>\n\n\n\n<p>You will learn how to prepare 10 recipes to make your own sushi, from the rice to the final assembly, without using expensive utensils. In addition to veganizing classic flavors, we give you a lot of tools to create your own.<\/p>\n\n\n\n<ol class=\"wp-block-list\">\n<li><strong>Arroz<\/strong>, que es la base de un buen sushi. Te damos los tips para hacerlo en el punto justo y usando un arroz econ\u00f3mico que se consigue en cualquier supermercado. <\/li>\n\n\n\n<li><strong>Hosomaki<\/strong>, el rol m\u00e1s peque\u00f1o, de un s\u00f3lo ingrediente, ideal para principiantes.<\/li>\n\n\n\n<li><strong>Tamago<\/strong>. Un roll envuelto en un omelette vegano, con ingredientes de lo m\u00e1s diversos en su interior.<\/li>\n\n\n\n<li><strong>Uramaki<\/strong>, la t\u00e9cnica para armar rolls con el alga por dentro y el arroz por fuera.<\/li>\n\n\n\n<li><strong>Temaki<\/strong>, los famosos conitos rellenos que pueden comerse con la mano.<\/li>\n\n\n\n<li><strong>Hot rolls<\/strong>, ba\u00f1ados en tempura y rebozados panko, fritos, para comer calentitos.<\/li>\n\n\n\n<li><strong>Nigiris<\/strong>, bocaditos de arroz envueltos en tomatuna, salm\u00f3n de zanahoria, palta o lo que m\u00e1s te guste!<\/li>\n\n\n\n<li><strong>Geishas<\/strong>,&nbsp;un bocadito fresco, sin arroz, para ampliar y acompa\u00f1ar la mesa de sushi.<\/li>\n\n\n\n<li><strong>Rice cube<\/strong>, un bocado ex\u00f3tico, un falso nigiri hecho con molde, para una presentaci\u00f3n extra <em>gourmet<\/em>.<\/li>\n\n\n\n<li><strong>Boushi<\/strong>, Una creaci\u00f3n de nuestro padre, ideal para que ni\u00f1os y ni\u00f1as (o personas adultas de paladar acotado) se animen a probar sushi.<\/li>\n<\/ol>\n\n\n\n<h3 class=\"wp-block-heading\">\u00a1Incluye un recetario con<br \/>10 recetas + tips!<\/h3>\n\n\n\n<hr class=\"wp-block-separator has-css-opacity\"\/>\n\n\n\n<h5 class=\"wp-block-heading\">Para Argentina<\/h5>\n\n\n\n<div class=\"wp-block-genesis-blocks-gb-pricing gb-pricing-columns-1\"><div class=\"gb-pricing-table-wrap gb-block-pricing-table-gap-2\">\n<div class=\"wp-block-genesis-blocks-gb-pricing-table gb-block-pricing-table-center gb-block-pricing-table\" itemscope itemtype=\"http:\/\/schema.org\/Product\"><div class=\"gb-block-pricing-table-inside\" style=\"border-width:2px;border-style:solid\">\n<div class=\"wp-block-genesis-blocks-gb-pricing-table-subtitle gb-pricing-table-subtitle\" style=\"font-size:20px;padding-top:10px;padding-right:20px;padding-bottom:10px;padding-left:20px\">Valor del curso + recetario digital<\/div>\n\n\n\n<div class=\"wp-block-genesis-blocks-gb-pricing-table-price gb-pricing-table-price-wrap gb-pricing-has-currency\" style=\"padding-top:10px;padding-right:20px;padding-bottom:10px;padding-left:20px\"><div itemprop=\"offers\" itemscope itemtype=\"http:\/\/schema.org\/Offer\"><span itemprop=\"priceCurrency\" class=\"gb-pricing-table-currency\" style=\"font-size:16px\">AR$<\/span><div itemprop=\"price\" class=\"gb-pricing-table-price\" style=\"font-size:40px\"><s>5000<\/s> 2500<\/div><\/div><\/div>\n\n\n\n<p>A trav\u00e9s de Mercado Pago.<\/p>\n<\/div><\/div>\n<\/div><\/div>\n\n\n\n<div style=\"height:20px\" aria-hidden=\"true\" class=\"wp-block-spacer\"><\/div>\n\n\n\n<h5 class=\"wp-block-heading\">Para el resto del mundo<\/h5>\n\n\n\n<div class=\"wp-block-group\"><div class=\"wp-block-group__inner-container is-layout-flow wp-block-group-is-layout-flow\">\n<div class=\"wp-block-genesis-blocks-gb-pricing gb-pricing-columns-1\"><div class=\"gb-pricing-table-wrap gb-block-pricing-table-gap-2\">\n<div class=\"wp-block-genesis-blocks-gb-pricing-table gb-block-pricing-table-center gb-block-pricing-table\" itemscope itemtype=\"http:\/\/schema.org\/Product\"><div class=\"gb-block-pricing-table-inside\" style=\"border-width:2px;border-style:solid\">\n<div class=\"wp-block-genesis-blocks-gb-pricing-table-subtitle gb-pricing-table-subtitle\" style=\"font-size:20px;padding-top:10px;padding-right:20px;padding-bottom:10px;padding-left:20px\">Valor del curso + recetario digital<\/div>\n\n\n\n<div class=\"wp-block-genesis-blocks-gb-pricing-table-price gb-pricing-table-price-wrap gb-pricing-has-currency\" style=\"padding-top:10px;padding-right:20px;padding-bottom:10px;padding-left:20px\"><div itemprop=\"offers\" itemscope itemtype=\"http:\/\/schema.org\/Offer\"><span itemprop=\"priceCurrency\" class=\"gb-pricing-table-currency\" style=\"font-size:16px\">USD$<\/span><div itemprop=\"price\" class=\"gb-pricing-table-price\" style=\"font-size:40px\"><s>30<\/s> 15<\/div><\/div><\/div>\n\n\n\n<p>A trav\u00e9s de PayPal.<\/p>\n<\/div><\/div>\n<\/div><\/div>\n\n\n\n<h5 class=\"wp-block-heading\">Para inscribirte, hac\u00e9 clic en el siguiente bot\u00f3n<\/h5>\n\n\n\n<div class=\"wp-block-buttons is-layout-flex wp-block-buttons-is-layout-flex\">\n<div class=\"wp-block-button\"><a class=\"wp-block-button__link has-background no-border-radius wp-element-button\" href=\"http:\/\/holavegan.tiendup.com\/curso\/curso-sushi-plant-based\" style=\"background-color:#252525\" target=\"_blank\" rel=\"noreferrer noopener\">Inscribirme ahora<\/a><\/div>\n<\/div>\n\n\n\n\n<\/div><\/div>\n\n\n\n<div style=\"height:32px\" aria-hidden=\"true\" class=\"wp-block-spacer\"><\/div>\n\n\n\n<hr class=\"wp-block-separator has-css-opacity\"\/>\n\n\n\n<figure class=\"wp-block-video\"><video controls src=\"https:\/\/holaveganc1dev.wpenginepowered.com\/wp-content\/uploads\/2022\/03\/trailer.mp4\"><\/video><\/figure>\n\n\n\n<div style=\"height:23px\" aria-hidden=\"true\" class=\"wp-block-spacer\"><\/div>\n\n\n\n<figure class=\"wp-block-image size-full\"><a href=\"https:\/\/holaveganc1dev.wpenginepowered.com\/wp-content\/uploads\/2022\/05\/sushi_arroz_1.jpg\"><img decoding=\"async\" src=\"https:\/\/holaveganc1dev.wpenginepowered.com\/wp-content\/uploads\/2022\/05\/sushi_arroz_1.jpg\" alt=\"\" class=\"wp-image-7947\"\/><\/a><\/figure>\n<\/div><\/div>\n\n\n\n<div class=\"wp-block-genesis-blocks-gb-column gb-block-layout-column\"><div class=\"gb-block-layout-column-inner\">\n<figure class=\"wp-block-image size-full\"><a href=\"https:\/\/holaveganc1dev.wpenginepowered.com\/wp-content\/uploads\/2022\/05\/sushi.png\"><img decoding=\"async\" src=\"https:\/\/holaveganc1dev.wpenginepowered.com\/wp-content\/uploads\/2022\/05\/sushi.png\" alt=\"\" class=\"wp-image-7996\"\/><\/a><\/figure>\n\n\n\n<figure class=\"wp-block-gallery has-nested-images columns-3 is-cropped wp-block-gallery-1 is-layout-flex wp-block-gallery-is-layout-flex\">\n<figure class=\"wp-block-image size-large\"><img decoding=\"async\" data-id=\"7970\" src=\"https:\/\/holaveganc1dev.wpenginepowered.com\/wp-content\/uploads\/2022\/05\/sushi_c_2-1024x1024.jpg\" alt=\"\" class=\"wp-image-7970\"\/><\/figure>\n\n\n\n<figure class=\"wp-block-image size-large\"><img decoding=\"async\" data-id=\"7980\" src=\"https:\/\/holaveganc1dev.wpenginepowered.com\/wp-content\/uploads\/2022\/05\/sushi_c_12-1024x1024.jpg\" alt=\"\" class=\"wp-image-7980\"\/><\/figure>\n\n\n\n<figure class=\"wp-block-image size-large\"><img decoding=\"async\" data-id=\"7974\" src=\"https:\/\/holaveganc1dev.wpenginepowered.com\/wp-content\/uploads\/2022\/05\/sushi_c_6-1024x1024.jpg\" alt=\"\" class=\"wp-image-7974\"\/><\/figure>\n\n\n\n<figure class=\"wp-block-image size-large\"><img decoding=\"async\" data-id=\"7976\" src=\"https:\/\/holaveganc1dev.wpenginepowered.com\/wp-content\/uploads\/2022\/05\/sushi_c_8-1024x1024.jpg\" alt=\"\" class=\"wp-image-7976\"\/><\/figure>\n\n\n\n<figure class=\"wp-block-image size-large\"><img decoding=\"async\" data-id=\"7981\" src=\"https:\/\/holaveganc1dev.wpenginepowered.com\/wp-content\/uploads\/2022\/05\/sushi_c_13-1024x1024.jpg\" alt=\"\" class=\"wp-image-7981\"\/><\/figure>\n\n\n\n<figure class=\"wp-block-image size-large\"><img decoding=\"async\" data-id=\"7978\" src=\"https:\/\/holaveganc1dev.wpenginepowered.com\/wp-content\/uploads\/2022\/05\/sushi_c_10-1024x1024.jpg\" alt=\"\" class=\"wp-image-7978\"\/><\/figure>\n\n\n\n<figure class=\"wp-block-image size-large\"><img decoding=\"async\" data-id=\"7974\" src=\"https:\/\/holaveganc1dev.wpenginepowered.com\/wp-content\/uploads\/2022\/05\/sushi_c_6-1024x1024.jpg\" alt=\"\" class=\"wp-image-7974\"\/><\/figure>\n\n\n\n<figure class=\"wp-block-image size-large\"><img decoding=\"async\" data-id=\"7979\" src=\"https:\/\/holaveganc1dev.wpenginepowered.com\/wp-content\/uploads\/2022\/05\/sushi_c_11-1024x1024.jpg\" alt=\"\" class=\"wp-image-7979\"\/><\/figure>\n\n\n\n<figure class=\"wp-block-image size-large\"><img decoding=\"async\" data-id=\"7977\" src=\"https:\/\/holaveganc1dev.wpenginepowered.com\/wp-content\/uploads\/2022\/05\/sushi_c_9-1024x1024.jpg\" alt=\"\" class=\"wp-image-7977\"\/><\/figure>\n\n\n\n<figure class=\"wp-block-image size-large\"><img decoding=\"async\" data-id=\"7982\" src=\"https:\/\/holaveganc1dev.wpenginepowered.com\/wp-content\/uploads\/2022\/05\/sushi_c_14-1024x1024.jpg\" alt=\"\" class=\"wp-image-7982\"\/><\/figure>\n\n\n\n<figure class=\"wp-block-image size-large\"><img decoding=\"async\" data-id=\"7973\" src=\"https:\/\/holaveganc1dev.wpenginepowered.com\/wp-content\/uploads\/2022\/05\/sushi_c_5-1024x1024.jpg\" alt=\"\" class=\"wp-image-7973\"\/><\/figure>\n<\/figure>\n\n\n\n<h4 class=\"wp-block-heading\">SUSHI TIME!<\/h4>\n\n\n\n<p>Nuestro apellido es italiano, pero la pasi\u00f3n que nos despierta el sushi es tal que pareciera que hubiera sangre japonesa corriendo por nuestras venas. Es que desde que tuvimos la posibilidad de probarlo, nos deleitamos con su frescura y sabores que en nuestro paladar se sent\u00edan de lo m\u00e1s ex\u00f3ticos. Tiempo m\u00e1s tarde, nuestro padre, se volvi\u00f3 un especialista en la materia y se enamor\u00f3 del mundo sushi a tal punto que decidi\u00f3 dar un giro en su vida laboral y dedicarse a dar clases de estas preparaciones -as\u00ed que ya sab\u00e9s, si est\u00e1s cerca de Mar del Plata y prefer\u00eds clases presenciales, nos escrib\u00eds que te pasamos el contacto-. <\/p>\n\n\n\n<p>En fin, desde que pap\u00e1 es experto, comer sushi se volvi\u00f3 algo frecuente en nuestros encuentros familiares, casi casi como comer pastas los domingos. Porque resulta casi tan econ\u00f3mico como hacer pasta casera, ya que el arroz que usamos es uno que se consigue en cualquier supermercado. Y desde que nos hicimos veganas, le plantamos un nuevo desaf\u00edo: \u00bfc\u00f3mo hacer un tamago vegano? \u00bfC\u00f3mo reemplazar el queso philadelphia? \u00bfQu\u00e9 usar en lugar de pescado crudo? Interrogantes que pudimos resolver en conjunto y que ver\u00e1s respondidos a lo largo del recetario. Vas a ver que no hay que hacer una gran inversi\u00f3n en ingredientes ex\u00f3ticos porque te ense\u00f1amos en pocos pasos como convertir una zanahoria o tomate en el m\u00e1s rico at\u00fan vegano.<\/p>\n\n\n\n<p>Es que s\u00ed, si ya est\u00e1s hasta la coronilla de que te ofrezcan rolls de palta y pepino, \u00a1este curso es para vos! Porque veganizamos toooodos los sabores cl\u00e1sicos, con ingredientes f\u00e1ciles de conseguir y recetas de lo m\u00e1s simplonas.<\/p>\n\n\n\n<p>Pero, adem\u00e1s, vas a poder ajustar los sabores a tu paladar y apelar a tu creatividad para inventar los propios, porque te daremos un mont\u00f3n de herramientas para lograrlo.<\/p>\n\n\n\n<p>Y si pens\u00e1s que es complejo, dejanos derribar ese mito: no es porque sea nuestro padre, pero Carlos es tan genial explicando que te va a resultar practiqu\u00edsimo. <\/p>\n\n\n\n<p>Solo necesit\u00e1s una cacerola, una esterilla y un buen cuchillo, ah! y muchas ganas de aprender&#8230;<\/p>\n\n\n\n<hr class=\"wp-block-separator has-css-opacity\"\/>\n\n\n\n<p>En nuestras clases cocinamos con sistemas de cocci\u00f3n <a href=\"https:\/\/www.instagram.com\/mihogarcuisine\/\" target=\"_blank\" rel=\"noreferrer noopener\">Mi Hogar Cuisine<\/a><br \/>Aprovech\u00e1 un descuento y regalo especial nombrando a <strong>Hello Vegan<\/strong><\/p>\n\n\n\n<hr class=\"wp-block-separator has-css-opacity\"\/>\n\n\n\n<p>Compramos nuestros ingredientes en <a href=\"https:\/\/tienda.vitalcer.com\/\" target=\"_blank\" rel=\"noreferrer noopener\">Tiendas Vitalcer<\/a><br \/>Aprovech\u00e1 vos tambi\u00e9n el <strong>10%<\/strong> de descuento con el c\u00f3digo <strong>holavegan<\/strong><\/p>\n<\/div><\/div>\n<\/div><\/div>\n\n\n\n<div class=\"wp-block-genesis-blocks-gb-columns gb-layout-columns-1 one-column\"><div class=\"gb-layout-column-wrap gb-block-layout-column-gap-2 gb-is-responsive-column\">\n<div class=\"wp-block-genesis-blocks-gb-column gb-block-layout-column gb-is-vertically-aligned-bottom\"><div class=\"gb-block-layout-column-inner\">\n\n<\/div><\/div>\n<\/div><\/div>\n\n\n\n<figure class=\"wp-block-gallery alignwide has-nested-images columns-2 is-cropped wp-block-gallery-2 is-layout-flex wp-block-gallery-is-layout-flex\">\n<figure class=\"wp-block-image size-full\"><a href=\"https:\/\/holaveganc1dev.wpenginepowered.com\/wp-content\/uploads\/2022\/05\/sushi20.jpg\"><img decoding=\"async\" data-id=\"7966\" src=\"https:\/\/holaveganc1dev.wpenginepowered.com\/wp-content\/uploads\/2022\/05\/sushi20.jpg\" alt=\"\" class=\"wp-image-7966\"\/><\/a><\/figure>\n\n\n\n<figure class=\"wp-block-image size-full\"><a href=\"https:\/\/holaveganc1dev.wpenginepowered.com\/wp-content\/uploads\/2022\/05\/sushi19.jpg\"><img decoding=\"async\" data-id=\"7965\" src=\"https:\/\/holaveganc1dev.wpenginepowered.com\/wp-content\/uploads\/2022\/05\/sushi19.jpg\" alt=\"\" class=\"wp-image-7965\"\/><\/a><\/figure>\n\n\n\n<figure class=\"wp-block-image size-full\"><a href=\"https:\/\/holaveganc1dev.wpenginepowered.com\/wp-content\/uploads\/2022\/05\/sushi9.jpg\"><img decoding=\"async\" data-id=\"7955\" src=\"https:\/\/holaveganc1dev.wpenginepowered.com\/wp-content\/uploads\/2022\/05\/sushi9.jpg\" alt=\"\" class=\"wp-image-7955\"\/><\/a><\/figure>\n\n\n\n<figure class=\"wp-block-image size-full\"><a href=\"https:\/\/holaveganc1dev.wpenginepowered.com\/wp-content\/uploads\/2022\/05\/sushi7.jpg\"><img decoding=\"async\" data-id=\"7953\" src=\"https:\/\/holaveganc1dev.wpenginepowered.com\/wp-content\/uploads\/2022\/05\/sushi7.jpg\" alt=\"\" class=\"wp-image-7953\"\/><\/a><\/figure>\n<\/figure>\n\n\n\n<figure class=\"wp-block-gallery alignwide has-nested-images columns-3 is-cropped wp-block-gallery-3 is-layout-flex wp-block-gallery-is-layout-flex\">\n<figure class=\"wp-block-image size-full\"><a href=\"https:\/\/holaveganc1dev.wpenginepowered.com\/wp-content\/uploads\/2022\/05\/sushi5.jpg\"><img decoding=\"async\" data-id=\"7951\" src=\"https:\/\/holaveganc1dev.wpenginepowered.com\/wp-content\/uploads\/2022\/05\/sushi5.jpg\" alt=\"\" class=\"wp-image-7951\"\/><\/a><\/figure>\n\n\n\n<figure class=\"wp-block-image size-full\"><a href=\"https:\/\/holaveganc1dev.wpenginepowered.com\/wp-content\/uploads\/2022\/05\/sushi17.jpg\"><img decoding=\"async\" data-id=\"7963\" src=\"https:\/\/holaveganc1dev.wpenginepowered.com\/wp-content\/uploads\/2022\/05\/sushi17.jpg\" alt=\"\" class=\"wp-image-7963\"\/><\/a><\/figure>\n\n\n\n<figure class=\"wp-block-image size-full\"><a href=\"https:\/\/holaveganc1dev.wpenginepowered.com\/wp-content\/uploads\/2022\/05\/sushi4.jpg\"><img decoding=\"async\" data-id=\"7950\" src=\"https:\/\/holaveganc1dev.wpenginepowered.com\/wp-content\/uploads\/2022\/05\/sushi4.jpg\" alt=\"\" class=\"wp-image-7950\"\/><\/a><\/figure>\n<\/figure>\n\n\n\n\n\n\n\n<div class=\"wp-block-genesis-blocks-gb-columns gb-layout-columns-2 gb-2-col-equal\"><div class=\"gb-layout-column-wrap gb-block-layout-column-gap-2 gb-is-responsive-column\">\n<div class=\"wp-block-genesis-blocks-gb-column gb-block-layout-column\"><div class=\"gb-block-layout-column-inner\">\n\n<\/div><\/div>\n\n\n\n<div class=\"wp-block-genesis-blocks-gb-column gb-block-layout-column\"><div class=\"gb-block-layout-column-inner\">\n\n<\/div><\/div>\n<\/div><\/div>","protected":false},"excerpt":{"rendered":"","protected":false},"author":5,"featured_media":7996,"parent":0,"menu_order":0,"comment_status":"closed","ping_status":"closed","template":"templates\/page-landing.php","meta":{"wprm-recipe-roundup-name":"","wprm-recipe-roundup-description":"","tinysalt_hide_before_page_content_ad":"","tinysalt_hide_after_page_content_ad":"","tinysalt_hide_page_header":"","tinysalt_advanced_classname":"","tinysalt_page_featured_media_position":"","tinysalt_single_site_header_source":"","tinysalt_single_custom_site_header":"0","tinysalt_single_custom_sticky_site_header":"0","tinysalt_single_custom_sticky_site_header_style":"sticky-scroll-up","tinysalt_single_site_footer_source":"","tinysalt_single_custom_site_footer":"0","footnotes":""},"class_list":["post-7946","page","type-page","status-publish","has-post-thumbnail","hentry"],"yoast_head":"<!-- This site is optimized with the Yoast SEO plugin v27.4 - https:\/\/yoast.com\/product\/yoast-seo-wordpress\/ -->\n<title>Curso de sushi plant based - Hola Vegan<\/title>\n<meta name=\"description\" content=\"Aprend\u00e9 a preparar tu propio sushi, de manera simple y econ\u00f3mica. Los cl\u00e1sicos sabores en versi\u00f3n plant based + un mont\u00f3n de recetas y tips.\" \/>\n<meta name=\"robots\" content=\"noindex, follow, max-snippet:-1, max-image-preview:large, max-video-preview:-1\" \/>\n<meta property=\"og:locale\" content=\"en_US\" \/>\n<meta property=\"og:type\" content=\"article\" \/>\n<meta property=\"og:title\" content=\"Curso de sushi plant based - Hola Vegan\" \/>\n<meta property=\"og:description\" content=\"Aprend\u00e9 a preparar tu propio sushi, de manera simple y econ\u00f3mica. Los cl\u00e1sicos sabores en versi\u00f3n plant based + un mont\u00f3n de recetas y tips.\" \/>\n<meta property=\"og:url\" content=\"https:\/\/holavegan.com\/en\/curso-de-sushi-plant-based\/\" \/>\n<meta property=\"og:site_name\" content=\"Hola Vegan\" \/>\n<meta name=\"twitter:card\" content=\"summary_large_image\" \/>\n<meta name=\"twitter:label1\" content=\"Est. reading time\" \/>\n\t<meta name=\"twitter:data1\" content=\"8 minutes\" \/>\n<script type=\"application\/ld+json\" class=\"yoast-schema-graph\">{\"@context\":\"https:\\\/\\\/schema.org\",\"@graph\":[{\"@type\":\"WebPage\",\"@id\":\"https:\\\/\\\/holavegan.com\\\/curso-de-sushi-plant-based\\\/\",\"url\":\"https:\\\/\\\/holavegan.com\\\/curso-de-sushi-plant-based\\\/\",\"name\":\"Curso de sushi plant based - Hola Vegan\",\"isPartOf\":{\"@id\":\"https:\\\/\\\/holavegan.com\\\/en\\\/#website\"},\"primaryImageOfPage\":{\"@id\":\"https:\\\/\\\/holavegan.com\\\/curso-de-sushi-plant-based\\\/#primaryimage\"},\"image\":{\"@id\":\"https:\\\/\\\/holavegan.com\\\/curso-de-sushi-plant-based\\\/#primaryimage\"},\"thumbnailUrl\":\"\",\"datePublished\":\"2022-05-06T00:21:52+00:00\",\"description\":\"Aprend\u00e9 a preparar tu propio sushi, de manera simple y econ\u00f3mica. Los cl\u00e1sicos sabores en versi\u00f3n plant based + un mont\u00f3n de recetas y tips.\",\"breadcrumb\":{\"@id\":\"https:\\\/\\\/holavegan.com\\\/curso-de-sushi-plant-based\\\/#breadcrumb\"},\"inLanguage\":\"en-US\",\"potentialAction\":[{\"@type\":\"ReadAction\",\"target\":[\"https:\\\/\\\/holavegan.com\\\/curso-de-sushi-plant-based\\\/\"]}]},{\"@type\":\"ImageObject\",\"inLanguage\":\"en-US\",\"@id\":\"https:\\\/\\\/holavegan.com\\\/curso-de-sushi-plant-based\\\/#primaryimage\",\"url\":\"\",\"contentUrl\":\"\"},{\"@type\":\"BreadcrumbList\",\"@id\":\"https:\\\/\\\/holavegan.com\\\/curso-de-sushi-plant-based\\\/#breadcrumb\",\"itemListElement\":[{\"@type\":\"ListItem\",\"position\":1,\"name\":\"Home\",\"item\":\"https:\\\/\\\/holavegan.com\\\/en\\\/\"},{\"@type\":\"ListItem\",\"position\":2,\"name\":\"Curso de sushi plant based\"}]},{\"@type\":\"WebSite\",\"@id\":\"https:\\\/\\\/holavegan.com\\\/en\\\/#website\",\"url\":\"https:\\\/\\\/holavegan.com\\\/en\\\/\",\"name\":\"Hola Vegan\",\"description\":\"Un blog de las Veganas Hermanas\",\"publisher\":{\"@id\":\"https:\\\/\\\/holavegan.com\\\/en\\\/#organization\"},\"potentialAction\":[{\"@type\":\"SearchAction\",\"target\":{\"@type\":\"EntryPoint\",\"urlTemplate\":\"https:\\\/\\\/holavegan.com\\\/en\\\/?s={search_term_string}\"},\"query-input\":{\"@type\":\"PropertyValueSpecification\",\"valueRequired\":true,\"valueName\":\"search_term_string\"}}],\"inLanguage\":\"en-US\"},{\"@type\":\"Organization\",\"@id\":\"https:\\\/\\\/holavegan.com\\\/en\\\/#organization\",\"name\":\"Hola Vegan\",\"url\":\"https:\\\/\\\/holavegan.com\\\/en\\\/\",\"logo\":{\"@type\":\"ImageObject\",\"inLanguage\":\"en-US\",\"@id\":\"https:\\\/\\\/holavegan.com\\\/en\\\/#\\\/schema\\\/logo\\\/image\\\/\",\"url\":\"https:\\\/\\\/holavegan.com\\\/wp-content\\\/uploads\\\/2023\\\/03\\\/cropped-logo-h@2x-1-2.png\",\"contentUrl\":\"https:\\\/\\\/holavegan.com\\\/wp-content\\\/uploads\\\/2023\\\/03\\\/cropped-logo-h@2x-1-2.png\",\"width\":700,\"height\":200,\"caption\":\"Hola Vegan\"},\"image\":{\"@id\":\"https:\\\/\\\/holavegan.com\\\/en\\\/#\\\/schema\\\/logo\\\/image\\\/\"}}]}<\/script>\n<!-- \/ Yoast SEO plugin. -->","yoast_head_json":{"title":"Curso de sushi plant based - Hola Vegan","description":"Aprend\u00e9 a preparar tu propio sushi, de manera simple y econ\u00f3mica. Los cl\u00e1sicos sabores en versi\u00f3n plant based + un mont\u00f3n de recetas y tips.","robots":{"index":"noindex","follow":"follow","max-snippet":"max-snippet:-1","max-image-preview":"max-image-preview:large","max-video-preview":"max-video-preview:-1"},"og_locale":"en_US","og_type":"article","og_title":"Curso de sushi plant based - Hola Vegan","og_description":"Aprend\u00e9 a preparar tu propio sushi, de manera simple y econ\u00f3mica. Los cl\u00e1sicos sabores en versi\u00f3n plant based + un mont\u00f3n de recetas y tips.","og_url":"https:\/\/holavegan.com\/en\/curso-de-sushi-plant-based\/","og_site_name":"Hola Vegan","twitter_card":"summary_large_image","twitter_misc":{"Est. reading time":"8 minutes"},"schema":{"@context":"https:\/\/schema.org","@graph":[{"@type":"WebPage","@id":"https:\/\/holavegan.com\/curso-de-sushi-plant-based\/","url":"https:\/\/holavegan.com\/curso-de-sushi-plant-based\/","name":"Curso de sushi plant based - Hola Vegan","isPartOf":{"@id":"https:\/\/holavegan.com\/en\/#website"},"primaryImageOfPage":{"@id":"https:\/\/holavegan.com\/curso-de-sushi-plant-based\/#primaryimage"},"image":{"@id":"https:\/\/holavegan.com\/curso-de-sushi-plant-based\/#primaryimage"},"thumbnailUrl":"","datePublished":"2022-05-06T00:21:52+00:00","description":"Aprend\u00e9 a preparar tu propio sushi, de manera simple y econ\u00f3mica. Los cl\u00e1sicos sabores en versi\u00f3n plant based + un mont\u00f3n de recetas y tips.","breadcrumb":{"@id":"https:\/\/holavegan.com\/curso-de-sushi-plant-based\/#breadcrumb"},"inLanguage":"en-US","potentialAction":[{"@type":"ReadAction","target":["https:\/\/holavegan.com\/curso-de-sushi-plant-based\/"]}]},{"@type":"ImageObject","inLanguage":"en-US","@id":"https:\/\/holavegan.com\/curso-de-sushi-plant-based\/#primaryimage","url":"","contentUrl":""},{"@type":"BreadcrumbList","@id":"https:\/\/holavegan.com\/curso-de-sushi-plant-based\/#breadcrumb","itemListElement":[{"@type":"ListItem","position":1,"name":"Home","item":"https:\/\/holavegan.com\/en\/"},{"@type":"ListItem","position":2,"name":"Curso de sushi plant based"}]},{"@type":"WebSite","@id":"https:\/\/holavegan.com\/en\/#website","url":"https:\/\/holavegan.com\/en\/","name":"Hello Vegan","description":"Un blog de las Veganas Hermanas","publisher":{"@id":"https:\/\/holavegan.com\/en\/#organization"},"potentialAction":[{"@type":"SearchAction","target":{"@type":"EntryPoint","urlTemplate":"https:\/\/holavegan.com\/en\/?s={search_term_string}"},"query-input":{"@type":"PropertyValueSpecification","valueRequired":true,"valueName":"search_term_string"}}],"inLanguage":"en-US"},{"@type":"Organization","@id":"https:\/\/holavegan.com\/en\/#organization","name":"Hello Vegan","url":"https:\/\/holavegan.com\/en\/","logo":{"@type":"ImageObject","inLanguage":"en-US","@id":"https:\/\/holavegan.com\/en\/#\/schema\/logo\/image\/","url":"https:\/\/holavegan.com\/wp-content\/uploads\/2023\/03\/cropped-logo-h@2x-1-2.png","contentUrl":"https:\/\/holavegan.com\/wp-content\/uploads\/2023\/03\/cropped-logo-h@2x-1-2.png","width":700,"height":200,"caption":"Hola Vegan"},"image":{"@id":"https:\/\/holavegan.com\/en\/#\/schema\/logo\/image\/"}}]}},"featured_image_src":null,"featured_image_src_square":null,"_links":{"self":[{"href":"https:\/\/holavegan.com\/en\/wp-json\/wp\/v2\/pages\/7946","targetHints":{"allow":["GET"]}}],"collection":[{"href":"https:\/\/holavegan.com\/en\/wp-json\/wp\/v2\/pages"}],"about":[{"href":"https:\/\/holavegan.com\/en\/wp-json\/wp\/v2\/types\/page"}],"author":[{"embeddable":true,"href":"https:\/\/holavegan.com\/en\/wp-json\/wp\/v2\/users\/5"}],"replies":[{"embeddable":true,"href":"https:\/\/holavegan.com\/en\/wp-json\/wp\/v2\/comments?post=7946"}],"version-history":[{"count":0,"href":"https:\/\/holavegan.com\/en\/wp-json\/wp\/v2\/pages\/7946\/revisions"}],"wp:featuredmedia":[{"embeddable":true,"href":"https:\/\/holavegan.com\/en\/wp-json\/"}],"wp:attachment":[{"href":"https:\/\/holavegan.com\/en\/wp-json\/wp\/v2\/media?parent=7946"}],"curies":[{"name":"wp","href":"https:\/\/api.w.org\/{rel}","templated":true}]}}