{"id":8247,"date":"2022-09-02T16:50:30","date_gmt":"2022-09-02T19:50:30","guid":{"rendered":"https:\/\/holavegan.com\/?page_id=8247"},"modified":"2022-09-02T16:50:30","modified_gmt":"2022-09-02T19:50:30","slug":"curso-de-pasteleria-vegana","status":"publish","type":"page","link":"https:\/\/holavegan.com\/en\/curso-de-pasteleria-vegana\/","title":{"rendered":"Curso de Pasteler\u00eda vegana"},"content":{"rendered":"<div class=\"wp-block-genesis-blocks-gb-columns gb-layout-service-4 gb-layout-columns-2 gb-2-col-equal gb-columns-center alignfull\" style=\"padding-top:5%;padding-right:5%;padding-bottom:5%;padding-left:5%\"><div class=\"gb-layout-column-wrap gb-block-layout-column-gap-6 gb-is-responsive-column\" style=\"max-width:1200px\">\n<div class=\"wp-block-genesis-blocks-gb-column gb-block-layout-column\"><div class=\"gb-block-layout-column-inner\">\n<h2 class=\"wp-block-heading\">ON-DEMAND<\/h2>\n\n\n\n<p><strong>Presentamos nuestro Curso de Pasteler\u00eda vegana.<\/strong><\/p>\n\n\n\n<p>Este curso completo de Pasteler\u00eda, sin huevos, l\u00e1cteos, ni ning\u00fan ingrediente de origen animal, incluye 10 recetas en video y&nbsp;pdf&nbsp;con fotos, consejos y tips, \u00a1hasta damos las equivalencias para hacer las preparaciones en versi\u00f3n <em>gluten free<\/em>!<br \/>Podr\u00e1s acceder al contenido del curso cuando quieras y hacerlo a tu ritmo.<\/p>\n\n\n\n<p>Al completar las 10 clases, recibir\u00e1s un certificado de finalizaci\u00f3n de curso.<\/p>\n\n\n\n<div style=\"color:#ddd\" class=\"wp-block-genesis-blocks-gb-spacer gb-block-spacer gb-divider-solid gb-spacer-divider gb-divider-size-1\"><hr style=\"height:30px\"\/><\/div>\n\n\n\n<h3 class=\"wp-block-heading\">10 recetas en video<\/h3>\n\n\n\n<p>Aprender\u00e1s a preparar 10 recetas b\u00e1sicas de la pasteler\u00eda vegana: desde materia prima como dulce de leche y manteca, hasta base de cookies, tartas y bizcochuelos.<\/p>\n\n\n\n<ol class=\"wp-block-list\">\n<li><strong>Dulce de leche express<\/strong>, partiendo de cualquier leche vegetal, en pocos minutos de preparaci\u00f3n.<\/li>\n\n\n\n<li><strong>Manteca para pasteler\u00eda,<\/strong> ideal para usar en hojaldres, facturas y otras masas, pero tambi\u00e9n para hacer rellenos como crema Bariloche.<\/li>\n\n\n\n<li><strong>Merengue<\/strong>&nbsp;estilo italiano, ideal para montar preparaciones como la torta Rogel, pero tambi\u00e9n puede hornearse para hacer merenguitos crocantes o Pavlovas.<\/li>\n\n\n\n<li><strong>Crema Chantilly<\/strong> con pocos ingredientes. Monta y se mantiene estable para decoraci\u00f3n.<\/li>\n\n\n\n<li><strong>Buttercream<\/strong>, ideal para decorar muffins y tortas o para rellenar cookies.<\/li>\n\n\n\n<li><strong>Masa para masitas, cookies y tartas dulces<\/strong>, s\u00faper vers\u00e1til, con esta masa pueden hacerse masitas secas, alfajorcitos, pepas y tartas dulces como pastafrola, entre otras.<\/li>\n\n\n\n<li><strong>Bizcochuelo y muffins<\/strong>,&nbsp;una base simple y esponjosa, ideal para saborizar y personalizar. \u00a1No falla!<\/li>\n\n\n\n<li><strong>Pionono<\/strong>, de miga tierna y esponjosa, s\u00faper moldeable y enrollable. Para hacer todo tipo de postres y masitas finas.<\/li>\n\n\n\n<li><strong>Brownie<\/strong> extra goloso y chocolatoso.&nbsp;Es el estilo de brownie que no decepciona.<\/li>\n\n\n\n<li><strong>Masa para Rogel y alfajores santafesinos,<\/strong> un cl\u00e1sico de la pasteler\u00eda argentina. La masa es crujiente y deliciosa.<\/li>\n<\/ol>\n\n\n\n<h3 class=\"wp-block-heading\">\u00a1Incluye un recetario con<br \/>10 recetas + tips!<\/h3>\n\n\n\n<hr class=\"wp-block-separator has-css-opacity\"\/>\n\n\n\n<h5 class=\"wp-block-heading\">Para Argentina<\/h5>\n\n\n\n<div class=\"wp-block-genesis-blocks-gb-pricing gb-pricing-columns-1\"><div class=\"gb-pricing-table-wrap gb-block-pricing-table-gap-2\">\n<div class=\"wp-block-genesis-blocks-gb-pricing-table gb-block-pricing-table-center gb-block-pricing-table\" itemscope itemtype=\"http:\/\/schema.org\/Product\"><div class=\"gb-block-pricing-table-inside\" style=\"border-width:2px;border-style:solid\">\n<div class=\"wp-block-genesis-blocks-gb-pricing-table-subtitle gb-pricing-table-subtitle\" style=\"font-size:20px;padding-top:10px;padding-right:20px;padding-bottom:10px;padding-left:20px\">Valor del curso + recetario digital<\/div>\n\n\n\n<div class=\"wp-block-genesis-blocks-gb-pricing-table-price gb-pricing-table-price-wrap gb-pricing-has-currency\" style=\"padding-top:10px;padding-right:20px;padding-bottom:10px;padding-left:20px\"><div itemprop=\"offers\" itemscope itemtype=\"http:\/\/schema.org\/Offer\"><span itemprop=\"priceCurrency\" class=\"gb-pricing-table-currency\" style=\"font-size:16px\">AR$<\/span><div itemprop=\"price\" class=\"gb-pricing-table-price\" style=\"font-size:40px\">4200 <\/div><\/div><\/div>\n\n\n\n<p>A trav\u00e9s de Mercado Pago.<\/p>\n<\/div><\/div>\n<\/div><\/div>\n\n\n\n<div style=\"height:20px\" aria-hidden=\"true\" class=\"wp-block-spacer\"><\/div>\n\n\n\n<h5 class=\"wp-block-heading\">Para el resto del mundo<\/h5>\n\n\n\n<div class=\"wp-block-group\"><div class=\"wp-block-group__inner-container is-layout-flow wp-block-group-is-layout-flow\">\n<div class=\"wp-block-genesis-blocks-gb-pricing gb-pricing-columns-1\"><div class=\"gb-pricing-table-wrap gb-block-pricing-table-gap-2\">\n<div class=\"wp-block-genesis-blocks-gb-pricing-table gb-block-pricing-table-center gb-block-pricing-table\" itemscope itemtype=\"http:\/\/schema.org\/Product\"><div class=\"gb-block-pricing-table-inside\" style=\"border-width:2px;border-style:solid\">\n<div class=\"wp-block-genesis-blocks-gb-pricing-table-subtitle gb-pricing-table-subtitle\" style=\"font-size:20px;padding-top:10px;padding-right:20px;padding-bottom:10px;padding-left:20px\">Valor del curso + recetario digital<\/div>\n\n\n\n<div class=\"wp-block-genesis-blocks-gb-pricing-table-price gb-pricing-table-price-wrap gb-pricing-has-currency\" style=\"padding-top:10px;padding-right:20px;padding-bottom:10px;padding-left:20px\"><div itemprop=\"offers\" itemscope itemtype=\"http:\/\/schema.org\/Offer\"><span itemprop=\"priceCurrency\" class=\"gb-pricing-table-currency\" style=\"font-size:16px\">USD$<\/span><div itemprop=\"price\" class=\"gb-pricing-table-price\" style=\"font-size:40px\">20 <\/div><\/div><\/div>\n\n\n\n<p>A trav\u00e9s de PayPal.<\/p>\n<\/div><\/div>\n<\/div><\/div>\n\n\n\n<h5 class=\"wp-block-heading\">Para inscribirte, hac\u00e9 clic en el siguiente bot\u00f3n<\/h5>\n\n\n\n<div class=\"wp-block-buttons is-layout-flex wp-block-buttons-is-layout-flex\">\n<div class=\"wp-block-button\"><a class=\"wp-block-button__link has-background no-border-radius wp-element-button\" href=\"http:\/\/holavegan.tiendup.com\/curso\/curso-de-pastelera-vegana\" style=\"background-color:#252525\" target=\"_blank\" rel=\"noreferrer noopener\">Inscribirme ahora<\/a><\/div>\n<\/div>\n\n\n\n\n<\/div><\/div>\n<\/div><\/div>\n\n\n\n<div class=\"wp-block-genesis-blocks-gb-column gb-block-layout-column\"><div class=\"gb-block-layout-column-inner\"><div class=\"wp-block-image\">\n<figure class=\"aligncenter size-full\"><a href=\"https:\/\/holaveganc1dev.wpenginepowered.com\/wp-content\/uploads\/2022\/09\/CURSO-paste.png\"><img decoding=\"async\" src=\"https:\/\/holaveganc1dev.wpenginepowered.com\/wp-content\/uploads\/2022\/09\/CURSO-paste.png\" alt=\"\" class=\"wp-image-8287\"\/><\/a><\/figure>\n<\/div>\n\n\n<figure class=\"wp-block-gallery has-nested-images columns-3 is-cropped wp-block-gallery-1 is-layout-flex wp-block-gallery-is-layout-flex\">\n<figure class=\"wp-block-image size-large\"><img decoding=\"async\" data-id=\"8268\" src=\"https:\/\/holaveganc1dev.wpenginepowered.com\/wp-content\/uploads\/2022\/08\/pionono_1-1024x1024.jpg\" alt=\"\" class=\"wp-image-8268\"\/><\/figure>\n\n\n\n<figure class=\"wp-block-image size-large\"><img decoding=\"async\" data-id=\"8267\" src=\"https:\/\/holaveganc1dev.wpenginepowered.com\/wp-content\/uploads\/2022\/08\/merengue_1-1024x1024.jpg\" alt=\"\" class=\"wp-image-8267\"\/><\/figure>\n\n\n\n<figure class=\"wp-block-image size-large\"><img decoding=\"async\" data-id=\"8257\" src=\"https:\/\/holaveganc1dev.wpenginepowered.com\/wp-content\/uploads\/2022\/08\/bizcochuelo_1-1024x1024.jpg\" alt=\"\" class=\"wp-image-8257\"\/><\/figure>\n\n\n\n<figure class=\"wp-block-image size-large\"><img decoding=\"async\" data-id=\"8264\" src=\"https:\/\/holaveganc1dev.wpenginepowered.com\/wp-content\/uploads\/2022\/08\/crema_1-1024x1024.jpg\" alt=\"\" class=\"wp-image-8264\"\/><\/figure>\n\n\n\n<figure class=\"wp-block-image size-large\"><img decoding=\"async\" data-id=\"8260\" src=\"https:\/\/holaveganc1dev.wpenginepowered.com\/wp-content\/uploads\/2022\/08\/brownie_2-1024x1024.jpg\" alt=\"\" class=\"wp-image-8260\"\/><\/figure>\n\n\n\n<figure class=\"wp-block-image size-large\"><img decoding=\"async\" data-id=\"8266\" src=\"https:\/\/holaveganc1dev.wpenginepowered.com\/wp-content\/uploads\/2022\/08\/manteca_1-1024x1024.jpg\" alt=\"\" class=\"wp-image-8266\"\/><\/figure>\n\n\n\n<figure class=\"wp-block-image size-large\"><img decoding=\"async\" data-id=\"8263\" src=\"https:\/\/holaveganc1dev.wpenginepowered.com\/wp-content\/uploads\/2022\/08\/cookies_1-1024x1024.jpg\" alt=\"\" class=\"wp-image-8263\"\/><\/figure>\n\n\n\n<figure class=\"wp-block-image size-large\"><img decoding=\"async\" data-id=\"8259\" src=\"https:\/\/holaveganc1dev.wpenginepowered.com\/wp-content\/uploads\/2022\/08\/brownie_1-1024x1024.jpg\" alt=\"\" class=\"wp-image-8259\"\/><\/figure>\n<\/figure>\n\n\n\n<h4 class=\"wp-block-heading\"><strong>\u00bf<\/strong>C\u00d3MO ES LA PASTELER\u00cdA VEGANA?<\/h4>\n\n\n\n<p>\u00a1Es todo un desaf\u00edo! En este curso ponemos especial foco en lograr los sabores y texturas irresistebles de la pasteler\u00eda tradicional, pero 100 % a base de vegetales. Por eso, a diferencia de nuestros otros cursos, donde prestamos m\u00e1s atenci\u00f3n a usar ingredientes m\u00e1s enteros y naturales, en \u00e9ste nos permitimos usar productos como harinas y az\u00facares refinados. <\/p>\n\n\n\n<p>Buscamos una pasteler\u00eda golosa y contundente, apta para todo paladar, tanto veganos, como no veganos, demostr\u00e1ndoles que:<\/p>\n\n\n\n<h4 class=\"wp-block-heading\">\u00a1Todo se puede veganizar!<\/h4>\n\n\n\n<p>Claro que tambi\u00e9n nos ocupamos de quienes no consumen gluten por eso, en todas las recetas, encontrar\u00e1s la alternativa para convertir la preparaci\u00f3n en una sin TACC.<\/p>\n\n\n\n<p>\u00a1Juramos que todo es tan delicioso como se ve! \u00bfQui\u00e9n se anima a probar?<\/p>\n\n\n\n<figure class=\"wp-block-video\"><video autoplay loop muted src=\"https:\/\/holaveganc1dev.wpenginepowered.com\/wp-content\/uploads\/2022\/09\/reels-pasteleria.mp4\" playsinline><\/video><\/figure>\n<\/div><\/div>\n<\/div><\/div>\n\n\n\n<figure class=\"wp-block-embed is-type-video is-provider-vimeo wp-block-embed-vimeo wp-embed-aspect-16-9 wp-has-aspect-ratio\"><div class=\"wp-block-embed__wrapper\">\n<iframe src=\"https:\/\/player.vimeo.com\/video\/749756133?dnt=1&amp;app_id=122963\" width=\"1778\" height=\"1000\" frameborder=\"0\" allow=\"autoplay; fullscreen; picture-in-picture; clipboard-write; encrypted-media; web-share\" referrerpolicy=\"strict-origin-when-cross-origin\"><\/iframe>\n<\/div><\/figure>\n\n\n\n<figure class=\"wp-block-gallery alignwide has-nested-images columns-2 is-cropped wp-block-gallery-2 is-layout-flex wp-block-gallery-is-layout-flex\">\n<figure class=\"wp-block-image size-full\"><a href=\"https:\/\/holaveganc1dev.wpenginepowered.com\/wp-content\/uploads\/2022\/09\/rogel.png\"><img decoding=\"async\" data-id=\"8286\" src=\"https:\/\/holaveganc1dev.wpenginepowered.com\/wp-content\/uploads\/2022\/09\/rogel.png\" alt=\"\" class=\"wp-image-8286\"\/><\/a><\/figure>\n\n\n\n<figure class=\"wp-block-image size-full\"><a href=\"https:\/\/holaveganc1dev.wpenginepowered.com\/wp-content\/uploads\/2022\/09\/ddl.png\"><img decoding=\"async\" data-id=\"8285\" src=\"https:\/\/holaveganc1dev.wpenginepowered.com\/wp-content\/uploads\/2022\/09\/ddl.png\" alt=\"\" class=\"wp-image-8285\"\/><\/a><\/figure>\n\n\n\n<figure class=\"wp-block-image size-full\"><a href=\"https:\/\/holaveganc1dev.wpenginepowered.com\/wp-content\/uploads\/2022\/08\/Merengue.png\"><img decoding=\"async\" data-id=\"8254\" src=\"https:\/\/holaveganc1dev.wpenginepowered.com\/wp-content\/uploads\/2022\/08\/Merengue.png\" alt=\"\" class=\"wp-image-8254\"\/><\/a><\/figure>\n\n\n\n<figure class=\"wp-block-image size-full\"><a href=\"https:\/\/holaveganc1dev.wpenginepowered.com\/wp-content\/uploads\/2022\/08\/bizcochuelo.png\"><img decoding=\"async\" data-id=\"8249\" src=\"https:\/\/holaveganc1dev.wpenginepowered.com\/wp-content\/uploads\/2022\/08\/bizcochuelo.png\" alt=\"\" class=\"wp-image-8249\"\/><\/a><\/figure>\n<\/figure>\n\n\n\n<figure class=\"wp-block-gallery alignwide has-nested-images columns-3 is-cropped wp-block-gallery-3 is-layout-flex wp-block-gallery-is-layout-flex\">\n<figure class=\"wp-block-image size-full\"><a href=\"https:\/\/holaveganc1dev.wpenginepowered.com\/wp-content\/uploads\/2022\/08\/cookies.png\"><img decoding=\"async\" data-id=\"8252\" src=\"https:\/\/holaveganc1dev.wpenginepowered.com\/wp-content\/uploads\/2022\/08\/cookies.png\" alt=\"\" class=\"wp-image-8252\"\/><\/a><\/figure>\n<\/figure>\n\n\n\n<div class=\"wp-block-genesis-blocks-gb-columns gb-layout-columns-2 gb-2-col-equal\"><div class=\"gb-layout-column-wrap gb-block-layout-column-gap-2 gb-is-responsive-column\">\n<div class=\"wp-block-genesis-blocks-gb-column gb-block-layout-column\"><div class=\"gb-block-layout-column-inner\">\n\n<\/div><\/div>\n\n\n\n<div class=\"wp-block-genesis-blocks-gb-column gb-block-layout-column\"><div class=\"gb-block-layout-column-inner\">\n\n<\/div><\/div>\n<\/div><\/div>\n\n\n\n<div class=\"wp-block-genesis-blocks-gb-columns gb-layout-columns-1 one-column\"><div class=\"gb-layout-column-wrap gb-block-layout-column-gap-2 gb-is-responsive-column\">\n<div class=\"wp-block-genesis-blocks-gb-column gb-block-layout-column\"><div class=\"gb-block-layout-column-inner\">\n<p>En nuestras clases cocinamos con sistemas de cocci\u00f3n <a rel=\"noreferrer noopener\" href=\"https:\/\/www.instagram.com\/mihogarcuisine\/\" target=\"_blank\">Mi Hogar Cuisine<\/a><br \/>Aprovech\u00e1 un descuento y regalo especial nombrando a <strong>Hello Vegan<\/strong><\/p>\n\n\n\n<p>Compramos nuestros ingredientes en <a rel=\"noreferrer noopener\" href=\"https:\/\/tienda.vitalcer.com\/\" target=\"_blank\">Tiendas Vitalcer<\/a><br \/>Aprovech\u00e1 vos tambi\u00e9n el <strong>10%<\/strong> de descuento con el c\u00f3digo <strong>holavegan<\/strong><\/p>\n<\/div><\/div>\n<\/div><\/div>","protected":false},"excerpt":{"rendered":"","protected":false},"author":5,"featured_media":7665,"parent":0,"menu_order":0,"comment_status":"closed","ping_status":"closed","template":"templates\/page-landing.php","meta":{"wprm-recipe-roundup-name":"","wprm-recipe-roundup-description":"","tinysalt_hide_before_page_content_ad":"","tinysalt_hide_after_page_content_ad":"","tinysalt_hide_page_header":"","tinysalt_advanced_classname":"","tinysalt_page_featured_media_position":"","tinysalt_single_site_header_source":"","tinysalt_single_custom_site_header":"0","tinysalt_single_custom_sticky_site_header":"0","tinysalt_single_custom_sticky_site_header_style":"sticky-scroll-up","tinysalt_single_site_footer_source":"","tinysalt_single_custom_site_footer":"0","footnotes":""},"class_list":["post-8247","page","type-page","status-publish","has-post-thumbnail","hentry"],"yoast_head":"<!-- This site is optimized with the Yoast SEO plugin v27.5 - https:\/\/yoast.com\/product\/yoast-seo-wordpress\/ -->\n<title>Curso de Pasteler\u00eda vegana - Hola Vegan<\/title>\n<meta name=\"description\" content=\"Las bases de la pasteler\u00eda tradicional, en versi\u00f3n 100% vegetal. Aprender\u00e1s a preparar desde materias primas, hasta tortas, brownies y masitas. Adem\u00e1s, damos alternativas para hacerlas gluten-free.\" \/>\n<meta name=\"robots\" content=\"noindex, follow, max-snippet:-1, max-image-preview:large, max-video-preview:-1\" \/>\n<meta property=\"og:locale\" content=\"en_US\" \/>\n<meta property=\"og:type\" content=\"article\" \/>\n<meta property=\"og:title\" content=\"Curso de Pasteler\u00eda vegana - Hola Vegan\" \/>\n<meta property=\"og:description\" content=\"Las bases de la pasteler\u00eda tradicional, en versi\u00f3n 100% vegetal. Aprender\u00e1s a preparar desde materias primas, hasta tortas, brownies y masitas. Adem\u00e1s, damos alternativas para hacerlas gluten-free.\" \/>\n<meta property=\"og:url\" content=\"https:\/\/holavegan.com\/en\/curso-de-pasteleria-vegana\/\" \/>\n<meta property=\"og:site_name\" content=\"Hola Vegan\" \/>\n<meta name=\"twitter:card\" content=\"summary_large_image\" \/>\n<meta name=\"twitter:label1\" content=\"Est. reading time\" \/>\n\t<meta name=\"twitter:data1\" content=\"5 minutes\" \/>\n<script type=\"application\/ld+json\" class=\"yoast-schema-graph\">{\"@context\":\"https:\\\/\\\/schema.org\",\"@graph\":[{\"@type\":\"WebPage\",\"@id\":\"https:\\\/\\\/holavegan.com\\\/curso-de-pasteleria-vegana\\\/\",\"url\":\"https:\\\/\\\/holavegan.com\\\/curso-de-pasteleria-vegana\\\/\",\"name\":\"Curso de Pasteler\u00eda vegana - Hola Vegan\",\"isPartOf\":{\"@id\":\"https:\\\/\\\/holavegan.com\\\/en\\\/#website\"},\"primaryImageOfPage\":{\"@id\":\"https:\\\/\\\/holavegan.com\\\/curso-de-pasteleria-vegana\\\/#primaryimage\"},\"image\":{\"@id\":\"https:\\\/\\\/holavegan.com\\\/curso-de-pasteleria-vegana\\\/#primaryimage\"},\"thumbnailUrl\":\"\",\"datePublished\":\"2022-09-02T19:50:30+00:00\",\"description\":\"Las bases de la pasteler\u00eda tradicional, en versi\u00f3n 100% vegetal. Aprender\u00e1s a preparar desde materias primas, hasta tortas, brownies y masitas. Adem\u00e1s, damos alternativas para hacerlas gluten-free.\",\"breadcrumb\":{\"@id\":\"https:\\\/\\\/holavegan.com\\\/curso-de-pasteleria-vegana\\\/#breadcrumb\"},\"inLanguage\":\"en-US\",\"potentialAction\":[{\"@type\":\"ReadAction\",\"target\":[\"https:\\\/\\\/holavegan.com\\\/curso-de-pasteleria-vegana\\\/\"]}]},{\"@type\":\"ImageObject\",\"inLanguage\":\"en-US\",\"@id\":\"https:\\\/\\\/holavegan.com\\\/curso-de-pasteleria-vegana\\\/#primaryimage\",\"url\":\"\",\"contentUrl\":\"\"},{\"@type\":\"BreadcrumbList\",\"@id\":\"https:\\\/\\\/holavegan.com\\\/curso-de-pasteleria-vegana\\\/#breadcrumb\",\"itemListElement\":[{\"@type\":\"ListItem\",\"position\":1,\"name\":\"Home\",\"item\":\"https:\\\/\\\/holavegan.com\\\/en\\\/\"},{\"@type\":\"ListItem\",\"position\":2,\"name\":\"Curso de Pasteler\u00eda vegana\"}]},{\"@type\":\"WebSite\",\"@id\":\"https:\\\/\\\/holavegan.com\\\/en\\\/#website\",\"url\":\"https:\\\/\\\/holavegan.com\\\/en\\\/\",\"name\":\"Hola Vegan\",\"description\":\"Un blog de las Veganas Hermanas\",\"publisher\":{\"@id\":\"https:\\\/\\\/holavegan.com\\\/en\\\/#organization\"},\"potentialAction\":[{\"@type\":\"SearchAction\",\"target\":{\"@type\":\"EntryPoint\",\"urlTemplate\":\"https:\\\/\\\/holavegan.com\\\/en\\\/?s={search_term_string}\"},\"query-input\":{\"@type\":\"PropertyValueSpecification\",\"valueRequired\":true,\"valueName\":\"search_term_string\"}}],\"inLanguage\":\"en-US\"},{\"@type\":\"Organization\",\"@id\":\"https:\\\/\\\/holavegan.com\\\/en\\\/#organization\",\"name\":\"Hola Vegan\",\"url\":\"https:\\\/\\\/holavegan.com\\\/en\\\/\",\"logo\":{\"@type\":\"ImageObject\",\"inLanguage\":\"en-US\",\"@id\":\"https:\\\/\\\/holavegan.com\\\/en\\\/#\\\/schema\\\/logo\\\/image\\\/\",\"url\":\"https:\\\/\\\/holavegan.com\\\/wp-content\\\/uploads\\\/2023\\\/03\\\/cropped-logo-h@2x-1-2.png\",\"contentUrl\":\"https:\\\/\\\/holavegan.com\\\/wp-content\\\/uploads\\\/2023\\\/03\\\/cropped-logo-h@2x-1-2.png\",\"width\":700,\"height\":200,\"caption\":\"Hola Vegan\"},\"image\":{\"@id\":\"https:\\\/\\\/holavegan.com\\\/en\\\/#\\\/schema\\\/logo\\\/image\\\/\"}}]}<\/script>\n<!-- \/ Yoast SEO plugin. -->","yoast_head_json":{"title":"Curso de Pasteler\u00eda vegana - Hola Vegan","description":"Las bases de la pasteler\u00eda tradicional, en versi\u00f3n 100% vegetal. Aprender\u00e1s a preparar desde materias primas, hasta tortas, brownies y masitas. Adem\u00e1s, damos alternativas para hacerlas gluten-free.","robots":{"index":"noindex","follow":"follow","max-snippet":"max-snippet:-1","max-image-preview":"max-image-preview:large","max-video-preview":"max-video-preview:-1"},"og_locale":"en_US","og_type":"article","og_title":"Curso de Pasteler\u00eda vegana - Hola Vegan","og_description":"Las bases de la pasteler\u00eda tradicional, en versi\u00f3n 100% vegetal. Aprender\u00e1s a preparar desde materias primas, hasta tortas, brownies y masitas. Adem\u00e1s, damos alternativas para hacerlas gluten-free.","og_url":"https:\/\/holavegan.com\/en\/curso-de-pasteleria-vegana\/","og_site_name":"Hola Vegan","twitter_card":"summary_large_image","twitter_misc":{"Est. reading time":"5 minutes"},"schema":{"@context":"https:\/\/schema.org","@graph":[{"@type":"WebPage","@id":"https:\/\/holavegan.com\/curso-de-pasteleria-vegana\/","url":"https:\/\/holavegan.com\/curso-de-pasteleria-vegana\/","name":"Curso de Pasteler\u00eda vegana - Hola Vegan","isPartOf":{"@id":"https:\/\/holavegan.com\/en\/#website"},"primaryImageOfPage":{"@id":"https:\/\/holavegan.com\/curso-de-pasteleria-vegana\/#primaryimage"},"image":{"@id":"https:\/\/holavegan.com\/curso-de-pasteleria-vegana\/#primaryimage"},"thumbnailUrl":"","datePublished":"2022-09-02T19:50:30+00:00","description":"Las bases de la pasteler\u00eda tradicional, en versi\u00f3n 100% vegetal. Aprender\u00e1s a preparar desde materias primas, hasta tortas, brownies y masitas. Adem\u00e1s, damos alternativas para hacerlas gluten-free.","breadcrumb":{"@id":"https:\/\/holavegan.com\/curso-de-pasteleria-vegana\/#breadcrumb"},"inLanguage":"en-US","potentialAction":[{"@type":"ReadAction","target":["https:\/\/holavegan.com\/curso-de-pasteleria-vegana\/"]}]},{"@type":"ImageObject","inLanguage":"en-US","@id":"https:\/\/holavegan.com\/curso-de-pasteleria-vegana\/#primaryimage","url":"","contentUrl":""},{"@type":"BreadcrumbList","@id":"https:\/\/holavegan.com\/curso-de-pasteleria-vegana\/#breadcrumb","itemListElement":[{"@type":"ListItem","position":1,"name":"Home","item":"https:\/\/holavegan.com\/en\/"},{"@type":"ListItem","position":2,"name":"Curso de Pasteler\u00eda vegana"}]},{"@type":"WebSite","@id":"https:\/\/holavegan.com\/en\/#website","url":"https:\/\/holavegan.com\/en\/","name":"Hello Vegan","description":"Un blog de las Veganas Hermanas","publisher":{"@id":"https:\/\/holavegan.com\/en\/#organization"},"potentialAction":[{"@type":"SearchAction","target":{"@type":"EntryPoint","urlTemplate":"https:\/\/holavegan.com\/en\/?s={search_term_string}"},"query-input":{"@type":"PropertyValueSpecification","valueRequired":true,"valueName":"search_term_string"}}],"inLanguage":"en-US"},{"@type":"Organization","@id":"https:\/\/holavegan.com\/en\/#organization","name":"Hello Vegan","url":"https:\/\/holavegan.com\/en\/","logo":{"@type":"ImageObject","inLanguage":"en-US","@id":"https:\/\/holavegan.com\/en\/#\/schema\/logo\/image\/","url":"https:\/\/holavegan.com\/wp-content\/uploads\/2023\/03\/cropped-logo-h@2x-1-2.png","contentUrl":"https:\/\/holavegan.com\/wp-content\/uploads\/2023\/03\/cropped-logo-h@2x-1-2.png","width":700,"height":200,"caption":"Hola Vegan"},"image":{"@id":"https:\/\/holavegan.com\/en\/#\/schema\/logo\/image\/"}}]}},"featured_image_src":null,"featured_image_src_square":null,"_links":{"self":[{"href":"https:\/\/holavegan.com\/en\/wp-json\/wp\/v2\/pages\/8247","targetHints":{"allow":["GET"]}}],"collection":[{"href":"https:\/\/holavegan.com\/en\/wp-json\/wp\/v2\/pages"}],"about":[{"href":"https:\/\/holavegan.com\/en\/wp-json\/wp\/v2\/types\/page"}],"author":[{"embeddable":true,"href":"https:\/\/holavegan.com\/en\/wp-json\/wp\/v2\/users\/5"}],"replies":[{"embeddable":true,"href":"https:\/\/holavegan.com\/en\/wp-json\/wp\/v2\/comments?post=8247"}],"version-history":[{"count":0,"href":"https:\/\/holavegan.com\/en\/wp-json\/wp\/v2\/pages\/8247\/revisions"}],"wp:featuredmedia":[{"embeddable":true,"href":"https:\/\/holavegan.com\/en\/wp-json\/"}],"wp:attachment":[{"href":"https:\/\/holavegan.com\/en\/wp-json\/wp\/v2\/media?parent=8247"}],"curies":[{"name":"wp","href":"https:\/\/api.w.org\/{rel}","templated":true}]}}